{"id":17706,"date":"2025-04-21T18:13:24","date_gmt":"2025-04-21T17:13:24","guid":{"rendered":"https:\/\/renovatus.si\/product\/dell-precision-t3620-twr-xeon-e3-1240v5-16gb-256gb-sata-ssd-dvd-nvidia-quadro-m2000\/"},"modified":"2025-06-24T08:58:05","modified_gmt":"2025-06-24T07:58:05","slug":"dell-precision-t3620-szgw6601","status":"publish","type":"product","link":"https:\/\/renovatus.si\/de\/product\/dell-precision-t3620-szgw6601\/","title":{"rendered":"Dell Precision T3620 TWR Xeon E3-1240v5 &#8211; 16GB &#8211; 256GB SATA SSD &#8211; DVD &#8211; Nvidia Quadro M2000"},"content":{"rendered":"<p>Dell Precision T3620 Tower je opremljen z Intel Xeon E3-1240v5 procesorjem in 16GB RAM-a, kar zagotavlja izjemno zmogljivost za profesionalne aplikacije. 256GB SATA SSD disk omogo\u010da hitro shranjevanje podatkov, medtem ko grafi\u010dna kartica Nvidia Quadro M2000 zagotavlja teko\u010de delovanje grafi\u010dnih programov. S svojo modularno zasnovo omogo\u010da enostavno nadgradnjo, kar ga naredi odli\u010dno izbiro za profesionalne ustvarjalce vsebin.<\/p>","protected":false},"excerpt":{"rendered":"<p>Dell Precision T3620 Tower s procesorjem Intel Xeon E3-1240v5, 16GB RAM-a, 256GB SATA SSD in grafiko Nvidia Quadro M2000 ponuja odli\u010dne zmogljivosti za CAD oblikovanje, profesionalno urejanje fotografij in grafi\u010dna opravila srednjega razreda.<\/p>","protected":false},"featured_media":17707,"comment_status":"open","ping_status":"closed","template":"","meta":{"_acf_changed":false},"product_brand":[255],"product_cat":[275,225],"product_tag":[],"class_list":{"0":"post-17706","1":"product","2":"type-product","3":"status-publish","4":"has-post-thumbnail","6":"product_brand-dell","7":"product_cat-delovne-postaje","8":"product_cat-namizni-racunalniki","9":"pa_generacija-procesorja-xeon-e3-1240v5","10":"pa_model-precision-t3620","11":"pa_os-windows-10","12":"pa_podpira-windows-11-ne","13":"pa_tip-diska-sata-ssd","14":"pa_velikost-diska-256gb","16":"first","17":"outofstock","18":"sale","19":"taxable","20":"shipping-taxable","21":"purchasable","22":"product-type-simple"},"acf":[],"_links":{"self":[{"href":"https:\/\/renovatus.si\/de\/wp-json\/wp\/v2\/product\/17706","targetHints":{"allow":["GET"]}}],"collection":[{"href":"https:\/\/renovatus.si\/de\/wp-json\/wp\/v2\/product"}],"about":[{"href":"https:\/\/renovatus.si\/de\/wp-json\/wp\/v2\/types\/product"}],"replies":[{"embeddable":true,"href":"https:\/\/renovatus.si\/de\/wp-json\/wp\/v2\/comments?post=17706"}],"wp:featuredmedia":[{"embeddable":true,"href":"https:\/\/renovatus.si\/de\/wp-json\/wp\/v2\/media\/17707"}],"wp:attachment":[{"href":"https:\/\/renovatus.si\/de\/wp-json\/wp\/v2\/media?parent=17706"}],"wp:term":[{"taxonomy":"product_brand","embeddable":true,"href":"https:\/\/renovatus.si\/de\/wp-json\/wp\/v2\/product_brand?post=17706"},{"taxonomy":"product_cat","embeddable":true,"href":"https:\/\/renovatus.si\/de\/wp-json\/wp\/v2\/product_cat?post=17706"},{"taxonomy":"product_tag","embeddable":true,"href":"https:\/\/renovatus.si\/de\/wp-json\/wp\/v2\/product_tag?post=17706"}],"curies":[{"name":"wp","href":"https:\/\/api.w.org\/{rel}","templated":true}]}}