{"id":17819,"date":"2025-04-21T18:09:49","date_gmt":"2025-04-21T17:09:49","guid":{"rendered":"https:\/\/renovatus.si\/product\/hp-elitedesk-800-g2-sff-i5-6500-8gb-256gb-sata-ssd-dvd\/"},"modified":"2026-02-25T12:07:47","modified_gmt":"2026-02-25T11:07:47","slug":"hp-elitedesk-800-g2-szgs4093","status":"publish","type":"product","link":"https:\/\/renovatus.si\/de\/product\/hp-elitedesk-800-g2-szgs4093\/","title":{"rendered":"HP EliteDesk 800 G2 SFF i5-6500 &#8211; 8GB &#8211; 256GB SATA SSD &#8211; DVD"},"content":{"rendered":"<p>HP EliteDesk 800 G2 SFF \u2013 popoln za arhiviranje, branje starej\u0161ih medijev ali specifi\u010dne aplikacije. Zanesljiv, tih in s standardnim naborom vhodov.<\/p>","protected":false},"excerpt":{"rendered":"<p>HP EliteDesk 800 G2 SFF z DVD pogonom \u2013 klasi\u010dna re\u0161itev za pisarne, ki \u0161e potrebujejo opti\u010dni medij.<\/p>","protected":false},"featured_media":17820,"comment_status":"open","ping_status":"closed","template":"","meta":{"_acf_changed":false},"product_brand":[253],"product_cat":[225],"product_tag":[],"class_list":{"0":"post-17819","1":"product","2":"type-product","3":"status-publish","4":"has-post-thumbnail","6":"product_brand-hp","7":"product_cat-namizni-racunalniki","8":"pa_generacija-procesorja-i5-6500","9":"pa_model-elitedesk-800-g2","10":"pa_os-windows-10","11":"pa_podpira-windows-11-ne","12":"pa_tip-diska-sata-ssd","13":"pa_velikost-diska-256gb","15":"first","16":"outofstock","17":"taxable","18":"shipping-taxable","19":"purchasable","20":"product-type-simple"},"acf":[],"_links":{"self":[{"href":"https:\/\/renovatus.si\/de\/wp-json\/wp\/v2\/product\/17819","targetHints":{"allow":["GET"]}}],"collection":[{"href":"https:\/\/renovatus.si\/de\/wp-json\/wp\/v2\/product"}],"about":[{"href":"https:\/\/renovatus.si\/de\/wp-json\/wp\/v2\/types\/product"}],"replies":[{"embeddable":true,"href":"https:\/\/renovatus.si\/de\/wp-json\/wp\/v2\/comments?post=17819"}],"wp:featuredmedia":[{"embeddable":true,"href":"https:\/\/renovatus.si\/de\/wp-json\/wp\/v2\/media\/17820"}],"wp:attachment":[{"href":"https:\/\/renovatus.si\/de\/wp-json\/wp\/v2\/media?parent=17819"}],"wp:term":[{"taxonomy":"product_brand","embeddable":true,"href":"https:\/\/renovatus.si\/de\/wp-json\/wp\/v2\/product_brand?post=17819"},{"taxonomy":"product_cat","embeddable":true,"href":"https:\/\/renovatus.si\/de\/wp-json\/wp\/v2\/product_cat?post=17819"},{"taxonomy":"product_tag","embeddable":true,"href":"https:\/\/renovatus.si\/de\/wp-json\/wp\/v2\/product_tag?post=17819"}],"curies":[{"name":"wp","href":"https:\/\/api.w.org\/{rel}","templated":true}]}}