{"id":17827,"date":"2025-04-21T18:09:49","date_gmt":"2025-04-21T17:09:49","guid":{"rendered":"https:\/\/renovatus.si\/product\/hp-elitedesk-800-g3-dm-65w-i5-6500-8gb-128gb-sata-ssd\/"},"modified":"2025-10-02T10:47:27","modified_gmt":"2025-10-02T09:47:27","slug":"hp-elitedesk-800-g3-szgu2536","status":"publish","type":"product","link":"https:\/\/renovatus.si\/de\/product\/hp-elitedesk-800-g3-szgu2536\/","title":{"rendered":"HP EliteDesk 800 G3 DM 65W i5-6500 &#8211; 8GB &#8211; 128GB SATA SSD"},"content":{"rendered":"<p>HP EliteDesk 800 G3 DM z 65W verzijo i5-6500 nudi ve\u010d mo\u010di kot T verzija, a ostaja tih in zanesljiv. S 128 GB SSD diskom je pripravljen za osnovna pisarni\u0161ka opravila, digitalno signalizacijo ali kioske. Minimalisti\u010dna oblika, maksimalna funkcionalnost.<\/p>","protected":false},"excerpt":{"rendered":"<p>Ultra kompakten HP EliteDesk 800 G3 z 65W i5 procesorjem \u2013 tiho in u\u010dinkovito.<\/p>","protected":false},"featured_media":17828,"comment_status":"open","ping_status":"closed","template":"","meta":{"_acf_changed":false},"product_brand":[253],"product_cat":[225],"product_tag":[],"class_list":{"0":"post-17827","1":"product","2":"type-product","3":"status-publish","4":"has-post-thumbnail","6":"product_brand-hp","7":"product_cat-namizni-racunalniki","8":"pa_generacija-procesorja-i5-6500","9":"pa_model-elitedesk-800-g3","10":"pa_os-windows-10","11":"pa_podpira-windows-11-ne","12":"pa_tip-diska-sata-ssd","13":"pa_velikost-diska-128gb","15":"first","16":"outofstock","17":"taxable","18":"shipping-taxable","19":"purchasable","20":"product-type-simple"},"acf":[],"_links":{"self":[{"href":"https:\/\/renovatus.si\/de\/wp-json\/wp\/v2\/product\/17827","targetHints":{"allow":["GET"]}}],"collection":[{"href":"https:\/\/renovatus.si\/de\/wp-json\/wp\/v2\/product"}],"about":[{"href":"https:\/\/renovatus.si\/de\/wp-json\/wp\/v2\/types\/product"}],"replies":[{"embeddable":true,"href":"https:\/\/renovatus.si\/de\/wp-json\/wp\/v2\/comments?post=17827"}],"wp:featuredmedia":[{"embeddable":true,"href":"https:\/\/renovatus.si\/de\/wp-json\/wp\/v2\/media\/17828"}],"wp:attachment":[{"href":"https:\/\/renovatus.si\/de\/wp-json\/wp\/v2\/media?parent=17827"}],"wp:term":[{"taxonomy":"product_brand","embeddable":true,"href":"https:\/\/renovatus.si\/de\/wp-json\/wp\/v2\/product_brand?post=17827"},{"taxonomy":"product_cat","embeddable":true,"href":"https:\/\/renovatus.si\/de\/wp-json\/wp\/v2\/product_cat?post=17827"},{"taxonomy":"product_tag","embeddable":true,"href":"https:\/\/renovatus.si\/de\/wp-json\/wp\/v2\/product_tag?post=17827"}],"curies":[{"name":"wp","href":"https:\/\/api.w.org\/{rel}","templated":true}]}}