{"id":17830,"date":"2025-04-21T18:10:07","date_gmt":"2025-04-21T17:10:07","guid":{"rendered":"https:\/\/renovatus.si\/product\/hp-elitedesk-800-g3-dm-i5-7500-8gb-256gb-sata-ssd\/"},"modified":"2026-01-29T17:36:58","modified_gmt":"2026-01-29T16:36:58","slug":"hp-elitedesk-800-g3-szgu2551","status":"publish","type":"product","link":"https:\/\/renovatus.si\/de\/product\/hp-elitedesk-800-g3-szgu2551\/","title":{"rendered":"HP EliteDesk 800 G3 DM i5-7500 &#8211; 8GB &#8211; 256GB SATA SSD"},"content":{"rendered":"<p>HP EliteDesk 800 G3 DM je kompakten ra\u010dunalnik, ki zdru\u017euje mo\u010d in majhnost. Opremljen z i5-7500, 8 GB RAM-a in 256 GB SSD diskom nudi zanesljivo in hitro delovanje. Popolna izbira za delovna mesta z omejenim prostorom ali za monta\u017eo za monitor.<\/p>","protected":false},"excerpt":{"rendered":"<p>HP EliteDesk 800 G3 DM z i5-7500 procesorjem \u2013 zmogljiv mini ra\u010dunalnik za pisarni\u0161ko delo.<\/p>","protected":false},"featured_media":17828,"comment_status":"open","ping_status":"closed","template":"","meta":{"_acf_changed":false},"product_brand":[253],"product_cat":[369,225],"product_tag":[],"class_list":{"0":"post-17830","1":"product","2":"type-product","3":"status-publish","4":"has-post-thumbnail","6":"product_brand-hp","7":"product_cat-micro_tiny_ultra","8":"product_cat-namizni-racunalniki","9":"pa_generacija-procesorja-i5-7500","10":"pa_model-elitedesk-800-g3","11":"pa_os-windows-10","12":"pa_podpira-windows-11-ne","13":"pa_tip-diska-sata-ssd","14":"pa_velikost-diska-256gb","16":"first","17":"outofstock","18":"taxable","19":"shipping-taxable","20":"purchasable","21":"product-type-simple"},"acf":[],"_links":{"self":[{"href":"https:\/\/renovatus.si\/de\/wp-json\/wp\/v2\/product\/17830","targetHints":{"allow":["GET"]}}],"collection":[{"href":"https:\/\/renovatus.si\/de\/wp-json\/wp\/v2\/product"}],"about":[{"href":"https:\/\/renovatus.si\/de\/wp-json\/wp\/v2\/types\/product"}],"replies":[{"embeddable":true,"href":"https:\/\/renovatus.si\/de\/wp-json\/wp\/v2\/comments?post=17830"}],"wp:featuredmedia":[{"embeddable":true,"href":"https:\/\/renovatus.si\/de\/wp-json\/wp\/v2\/media\/17828"}],"wp:attachment":[{"href":"https:\/\/renovatus.si\/de\/wp-json\/wp\/v2\/media?parent=17830"}],"wp:term":[{"taxonomy":"product_brand","embeddable":true,"href":"https:\/\/renovatus.si\/de\/wp-json\/wp\/v2\/product_brand?post=17830"},{"taxonomy":"product_cat","embeddable":true,"href":"https:\/\/renovatus.si\/de\/wp-json\/wp\/v2\/product_cat?post=17830"},{"taxonomy":"product_tag","embeddable":true,"href":"https:\/\/renovatus.si\/de\/wp-json\/wp\/v2\/product_tag?post=17830"}],"curies":[{"name":"wp","href":"https:\/\/api.w.org\/{rel}","templated":true}]}}