{"id":17868,"date":"2025-04-21T18:13:24","date_gmt":"2025-04-21T17:13:24","guid":{"rendered":"https:\/\/renovatus.si\/product\/hyrican-sff-h310m-s2h-2-0-i5-9400-16gb-256gb-sata-ssd\/"},"modified":"2025-06-10T13:18:16","modified_gmt":"2025-06-10T12:18:16","slug":"hyrican-szgs7207","status":"publish","type":"product","link":"https:\/\/renovatus.si\/de\/product\/hyrican-szgs7207\/","title":{"rendered":"Hyrican SFF H310M S2H 2.0 i5-9400 &#8211; 16GB &#8211; 256GB SATA SSD"},"content":{"rendered":"<p>Hyrican SFF H310M S2H 2.0 je zmogljiv poslovni namizni ra\u010dunalnik, ki zdru\u017euje visoko zmogljivost in kompaktno zasnovo. Opremljen z Intel Core i5-9400 procesorjem, 16GB RAM-a in 256GB SATA SSD diskom omogo\u010da hitro nalaganje aplikacij in teko\u010de delovanje ve\u010dopravilnosti. Zaradi svoje Small Form Factor (SFF) zasnove prihrani prostor, hkrati pa zagotavlja stabilno in var\u010dno delovanje, idealno za pisarne in podjetja.<\/p>","protected":false},"excerpt":{"rendered":"<p>Hyrican SFF H310M S2H 2.0 \u2013 zmogljiv SFF ra\u010dunalnik z Intel i5-9400, 16GB RAM in 256GB SATA SSD. Odli\u010den za poslovno uporabo in zanesljivo delovanje.<\/p>","protected":false},"featured_media":17865,"comment_status":"open","ping_status":"closed","template":"","meta":{"_acf_changed":false},"product_brand":[1898],"product_cat":[225],"product_tag":[],"class_list":{"0":"post-17868","1":"product","2":"type-product","3":"status-publish","4":"has-post-thumbnail","6":"product_brand-hyrican","7":"product_cat-namizni-racunalniki","8":"pa_generacija-procesorja-i5-9400","9":"pa_os-windows-11","10":"pa_podpira-windows-11-da","11":"pa_tip-diska-sata-ssd","12":"pa_velikost-diska-256gb","14":"first","15":"outofstock","16":"taxable","17":"shipping-taxable","18":"purchasable","19":"product-type-simple"},"acf":[],"_links":{"self":[{"href":"https:\/\/renovatus.si\/de\/wp-json\/wp\/v2\/product\/17868","targetHints":{"allow":["GET"]}}],"collection":[{"href":"https:\/\/renovatus.si\/de\/wp-json\/wp\/v2\/product"}],"about":[{"href":"https:\/\/renovatus.si\/de\/wp-json\/wp\/v2\/types\/product"}],"replies":[{"embeddable":true,"href":"https:\/\/renovatus.si\/de\/wp-json\/wp\/v2\/comments?post=17868"}],"wp:featuredmedia":[{"embeddable":true,"href":"https:\/\/renovatus.si\/de\/wp-json\/wp\/v2\/media\/17865"}],"wp:attachment":[{"href":"https:\/\/renovatus.si\/de\/wp-json\/wp\/v2\/media?parent=17868"}],"wp:term":[{"taxonomy":"product_brand","embeddable":true,"href":"https:\/\/renovatus.si\/de\/wp-json\/wp\/v2\/product_brand?post=17868"},{"taxonomy":"product_cat","embeddable":true,"href":"https:\/\/renovatus.si\/de\/wp-json\/wp\/v2\/product_cat?post=17868"},{"taxonomy":"product_tag","embeddable":true,"href":"https:\/\/renovatus.si\/de\/wp-json\/wp\/v2\/product_tag?post=17868"}],"curies":[{"name":"wp","href":"https:\/\/api.w.org\/{rel}","templated":true}]}}