{"id":18741,"date":"2025-04-21T18:18:05","date_gmt":"2025-04-21T17:18:05","guid":{"rendered":"https:\/\/renovatus.si\/?post_type=product&#038;p=18741"},"modified":"2026-01-05T10:15:18","modified_gmt":"2026-01-05T09:15:18","slug":"lenovo-thinkpad-t490-b-nbb141016","status":"publish","type":"product","link":"https:\/\/renovatus.si\/de\/product\/lenovo-thinkpad-t490-b-nbb141016\/","title":{"rendered":"Lenovo ThinkPad T490 14&#8243; i5-8265u &#8211; 16GB &#8211; 256GB NVME SSD"},"content":{"rendered":"<p>Model T490 z Intel Core i5-8265U procesorjem, 16 GB pomnilnika in 256 GB NVMe SSD diskom omogo\u010da teko\u010de delovanje tudi pri ve\u010d hkratnih opravilih. 14&#8243; zaslon z lo\u010dljivostjo 1366&#215;768 je primeren za osnovne pisarni\u0161ke naloge. Zanesljiv ThinkPad dizajn in robustno ohi\u0161je poskrbita za dolgo \u017eivljenjsko dobo. Stanje &#8220;B&#8221; ozna\u010duje manj\u0161e estetske znake uporabe.<\/p>","protected":false},"excerpt":{"rendered":"<p>Lenovo ThinkPad T490 z zmogljivo notranjostjo in osnovno HD lo\u010dljivostjo. Idealen za pisarni\u0161ko delo. Stanje &#8220;B&#8221;.<\/p>","protected":false},"featured_media":18696,"comment_status":"open","ping_status":"closed","template":"","meta":{"_acf_changed":false},"product_brand":[254],"product_cat":[226],"product_tag":[],"class_list":{"0":"post-18741","1":"product","2":"type-product","3":"status-publish","4":"has-post-thumbnail","6":"product_brand-lenovo","7":"product_cat-prenosni-racunalniki","8":"pa_generacija-procesorja-i5-8265u","9":"pa_model-thinkpad-t490","10":"pa_os-windows-11","11":"pa_podpira-windows-11-da","12":"pa_razred-ohranjenosti-b","13":"pa_resolucija-hd","14":"pa_spletna-kamera-da","15":"pa_tip-diska-nvme-ssd","16":"pa_velikost-diska-256gb","18":"first","19":"outofstock","20":"taxable","21":"shipping-taxable","22":"purchasable","23":"product-type-simple"},"acf":[],"_links":{"self":[{"href":"https:\/\/renovatus.si\/de\/wp-json\/wp\/v2\/product\/18741","targetHints":{"allow":["GET"]}}],"collection":[{"href":"https:\/\/renovatus.si\/de\/wp-json\/wp\/v2\/product"}],"about":[{"href":"https:\/\/renovatus.si\/de\/wp-json\/wp\/v2\/types\/product"}],"replies":[{"embeddable":true,"href":"https:\/\/renovatus.si\/de\/wp-json\/wp\/v2\/comments?post=18741"}],"wp:featuredmedia":[{"embeddable":true,"href":"https:\/\/renovatus.si\/de\/wp-json\/wp\/v2\/media\/18696"}],"wp:attachment":[{"href":"https:\/\/renovatus.si\/de\/wp-json\/wp\/v2\/media?parent=18741"}],"wp:term":[{"taxonomy":"product_brand","embeddable":true,"href":"https:\/\/renovatus.si\/de\/wp-json\/wp\/v2\/product_brand?post=18741"},{"taxonomy":"product_cat","embeddable":true,"href":"https:\/\/renovatus.si\/de\/wp-json\/wp\/v2\/product_cat?post=18741"},{"taxonomy":"product_tag","embeddable":true,"href":"https:\/\/renovatus.si\/de\/wp-json\/wp\/v2\/product_tag?post=18741"}],"curies":[{"name":"wp","href":"https:\/\/api.w.org\/{rel}","templated":true}]}}