{"id":18838,"date":"2025-04-23T14:55:58","date_gmt":"2025-04-23T13:55:58","guid":{"rendered":"https:\/\/renovatus.si\/product\/dell-latitude-5411-b-nbb141067\/"},"modified":"2025-10-02T10:58:20","modified_gmt":"2025-10-02T09:58:20","slug":"dell-latitude-5411-b-nbb141067","status":"publish","type":"product","link":"https:\/\/renovatus.si\/de\/product\/dell-latitude-5411-b-nbb141067\/","title":{"rendered":"Dell Latitude 5411 14&#8243; Touch i5-10400H &#8211; 16GB &#8211; 256GB NVME SSD"},"content":{"rendered":"<p>Dell Latitude 5411 Touch je profesionalni prenosnik s Core i5-10400H procesorjem, ki omogo\u010da visoko zmogljivost in ve\u010dopravilnost. S 16 GB RAM-a, 256 GB SSD in 14\u201d FHD zaslonom na dotik je idealen za uporabnike, ki i\u0161\u010dejo fleksibilnost. Stanje &#8220;B&#8221; zagotavlja funkcionalnost po zni\u017eani ceni.<\/p>","protected":false},"excerpt":{"rendered":"<p>Zaslon na dotik in mo\u010dan i5-10400H procesor v Dell Latitude 5411 \u2013 izku\u0161nja na vi\u0161jem nivoju.<\/p>","protected":false},"featured_media":18839,"comment_status":"open","ping_status":"closed","template":"","meta":{"_acf_changed":false},"product_brand":[255],"product_cat":[226],"product_tag":[],"class_list":{"0":"post-18838","1":"product","2":"type-product","3":"status-publish","4":"has-post-thumbnail","6":"product_brand-dell","7":"product_cat-prenosni-racunalniki","8":"pa_generacija-procesorja-i5-10400h","9":"pa_model-latitude-5411","10":"pa_os-windows-11","11":"pa_podpira-windows-11-da","12":"pa_razred-ohranjenosti-b","13":"pa_resolucija-fullhd","14":"pa_spletna-kamera-da","15":"pa_tip-diska-nvme-ssd","16":"pa_velikost-diska-256gb","18":"first","19":"outofstock","20":"taxable","21":"shipping-taxable","22":"purchasable","23":"product-type-simple"},"acf":[],"_links":{"self":[{"href":"https:\/\/renovatus.si\/de\/wp-json\/wp\/v2\/product\/18838","targetHints":{"allow":["GET"]}}],"collection":[{"href":"https:\/\/renovatus.si\/de\/wp-json\/wp\/v2\/product"}],"about":[{"href":"https:\/\/renovatus.si\/de\/wp-json\/wp\/v2\/types\/product"}],"replies":[{"embeddable":true,"href":"https:\/\/renovatus.si\/de\/wp-json\/wp\/v2\/comments?post=18838"}],"wp:featuredmedia":[{"embeddable":true,"href":"https:\/\/renovatus.si\/de\/wp-json\/wp\/v2\/media\/18839"}],"wp:attachment":[{"href":"https:\/\/renovatus.si\/de\/wp-json\/wp\/v2\/media?parent=18838"}],"wp:term":[{"taxonomy":"product_brand","embeddable":true,"href":"https:\/\/renovatus.si\/de\/wp-json\/wp\/v2\/product_brand?post=18838"},{"taxonomy":"product_cat","embeddable":true,"href":"https:\/\/renovatus.si\/de\/wp-json\/wp\/v2\/product_cat?post=18838"},{"taxonomy":"product_tag","embeddable":true,"href":"https:\/\/renovatus.si\/de\/wp-json\/wp\/v2\/product_tag?post=18838"}],"curies":[{"name":"wp","href":"https:\/\/api.w.org\/{rel}","templated":true}]}}