{"id":18903,"date":"2025-04-23T14:59:42","date_gmt":"2025-04-23T13:59:42","guid":{"rendered":"https:\/\/renovatus.si\/product\/hp-elitedesk-800-g3-szgu2353\/"},"modified":"2025-10-02T10:40:57","modified_gmt":"2025-10-02T09:40:57","slug":"hp-elitedesk-800-g3-szgu2353","status":"publish","type":"product","link":"https:\/\/renovatus.si\/de\/product\/hp-elitedesk-800-g3-szgu2353\/","title":{"rendered":"HP EliteDesk 800 G3 DM 65W i5-6500 &#8211; 8GB &#8211; 256GB NVME SSD"},"content":{"rendered":"<p>HP EliteDesk 800 G3 DM je kompakten, a izjemno zmogljiv ra\u010dunalnik, zasnovan za poslovna okolja, kjer \u0161teje vsak centimeter prostora. Opremljen z zanesljivim Intel Core i5-6500 procesorjem, 8 GB DDR4 RAM-a in 256 GB NVMe SSD diskom, omogo\u010da hitro in u\u010dinkovito izvajanje pisarni\u0161kih in drugih aplikacij. Zahvaljujo\u010d majhnemu ohi\u0161ju (DM \u2013 Desktop Mini), se brez te\u017eav prilega na delovno mizo ali za monitor, kar omogo\u010da urejeno in profesionalno delovno okolje. Idealna re\u0161itev za pisarne, u\u010dilnice ali doma\u010de delovne koti\u010dke. Z NVMe diskom zagotavlja hiter zagon sistema in aplikacij ter nemoteno delovanje brez zamikov. Ra\u010dunalnik je energetsko u\u010dinkovit, tiho deluje in omogo\u010da dolgotrajno zanesljivost, ki jo pri\u010dakujete od HP-jeve Elite serije. Namenjen je vsem, ki i\u0161\u010dejo zanesljivo re\u0161itev v minimalisti\u010dnem formatu.<\/p>","protected":false},"excerpt":{"rendered":"<p>HP EliteDesk 800 G3 DM z Intel i5-6500 procesorjem in 8 GB RAM-a \u2013 zmogljiv mini ra\u010dunalnik za vsakodnevna opravila.<\/p>","protected":false},"featured_media":18904,"comment_status":"open","ping_status":"closed","template":"","meta":{"_acf_changed":false},"product_brand":[253],"product_cat":[225],"product_tag":[],"class_list":{"0":"post-18903","1":"product","2":"type-product","3":"status-publish","4":"has-post-thumbnail","6":"product_brand-hp","7":"product_cat-namizni-racunalniki","8":"pa_generacija-procesorja-i5-6500","9":"pa_model-elitedesk-800-g3","10":"pa_os-windows-10","11":"pa_podpira-windows-11-ne","12":"pa_tip-diska-nvme-ssd","13":"pa_velikost-diska-256gb","15":"first","16":"outofstock","17":"taxable","18":"shipping-taxable","19":"purchasable","20":"product-type-simple"},"acf":[],"_links":{"self":[{"href":"https:\/\/renovatus.si\/de\/wp-json\/wp\/v2\/product\/18903","targetHints":{"allow":["GET"]}}],"collection":[{"href":"https:\/\/renovatus.si\/de\/wp-json\/wp\/v2\/product"}],"about":[{"href":"https:\/\/renovatus.si\/de\/wp-json\/wp\/v2\/types\/product"}],"replies":[{"embeddable":true,"href":"https:\/\/renovatus.si\/de\/wp-json\/wp\/v2\/comments?post=18903"}],"wp:featuredmedia":[{"embeddable":true,"href":"https:\/\/renovatus.si\/de\/wp-json\/wp\/v2\/media\/18904"}],"wp:attachment":[{"href":"https:\/\/renovatus.si\/de\/wp-json\/wp\/v2\/media?parent=18903"}],"wp:term":[{"taxonomy":"product_brand","embeddable":true,"href":"https:\/\/renovatus.si\/de\/wp-json\/wp\/v2\/product_brand?post=18903"},{"taxonomy":"product_cat","embeddable":true,"href":"https:\/\/renovatus.si\/de\/wp-json\/wp\/v2\/product_cat?post=18903"},{"taxonomy":"product_tag","embeddable":true,"href":"https:\/\/renovatus.si\/de\/wp-json\/wp\/v2\/product_tag?post=18903"}],"curies":[{"name":"wp","href":"https:\/\/api.w.org\/{rel}","templated":true}]}}