{"id":20124,"date":"2025-09-25T15:53:37","date_gmt":"2025-09-25T14:53:37","guid":{"rendered":"https:\/\/renovatus.si\/?product=msi-cubi-5-12m-264beu-barebone-i3-pcmsi00016"},"modified":"2025-10-28T09:02:20","modified_gmt":"2025-10-28T08:02:20","slug":"msi-cubi-5-12m-264beu-barebone-i3-pcmsi00016","status":"publish","type":"product","link":"https:\/\/renovatus.si\/de\/product\/msi-cubi-5-12m-264beu-barebone-i3-pcmsi00016\/","title":{"rendered":"Mini namizni ra\u010dunalnik MSI Cubi 5 12M-264BEU barebone i3 &#8211; WiFi 6E + BT 5.3 &#8211; 1Gbps + 2.5Gbps"},"content":{"rendered":"<p>MSI Cubi 5 12M-264BEU je zmogljiv mini ra\u010dunalnik s procesorjem Intel i3, idealen za delo in multimedijo. Podpora WiFi 6E in Bluetooth 5.3 omogo\u010da izjemno hitro brez\u017ei\u010dno povezljivost, medtem ko kombinacija 1Gbps in 2.5Gbps LAN zagotavlja stabilen internet za video konference ali igre. Kompaktna oblika ra\u010dunalnika omogo\u010da uporabo na majhnih mizah ali v prostorskih omejitvah, brez kompromisa pri zmogljivosti.<\/p>","protected":false},"excerpt":{"rendered":"<p>Zmogljiv mini PC z Intel i3, WiFi 6E, Bluetooth 5.3 in hitrim 1Gbps + 2.5Gbps omre\u017ejem, idealen za delo in multimedijo.<\/p>","protected":false},"featured_media":20125,"comment_status":"open","ping_status":"closed","template":"","meta":{"_acf_changed":false},"product_brand":[2257],"product_cat":[2249],"product_tag":[],"class_list":{"0":"post-20124","1":"product","2":"type-product","3":"status-publish","4":"has-post-thumbnail","6":"product_brand-msi","7":"product_cat-namizni-racunalniki-racunalniki_in_dodatki","8":"pa_generacija-procesorja-intel-core-i3-1215u","9":"pa_model-cubi-5-12m-264beu-barebone-i3","10":"pa_os-noos","12":"first","13":"outofstock","14":"taxable","15":"shipping-taxable","16":"purchasable","17":"product-type-simple"},"acf":[],"_links":{"self":[{"href":"https:\/\/renovatus.si\/de\/wp-json\/wp\/v2\/product\/20124","targetHints":{"allow":["GET"]}}],"collection":[{"href":"https:\/\/renovatus.si\/de\/wp-json\/wp\/v2\/product"}],"about":[{"href":"https:\/\/renovatus.si\/de\/wp-json\/wp\/v2\/types\/product"}],"replies":[{"embeddable":true,"href":"https:\/\/renovatus.si\/de\/wp-json\/wp\/v2\/comments?post=20124"}],"wp:featuredmedia":[{"embeddable":true,"href":"https:\/\/renovatus.si\/de\/wp-json\/wp\/v2\/media\/20125"}],"wp:attachment":[{"href":"https:\/\/renovatus.si\/de\/wp-json\/wp\/v2\/media?parent=20124"}],"wp:term":[{"taxonomy":"product_brand","embeddable":true,"href":"https:\/\/renovatus.si\/de\/wp-json\/wp\/v2\/product_brand?post=20124"},{"taxonomy":"product_cat","embeddable":true,"href":"https:\/\/renovatus.si\/de\/wp-json\/wp\/v2\/product_cat?post=20124"},{"taxonomy":"product_tag","embeddable":true,"href":"https:\/\/renovatus.si\/de\/wp-json\/wp\/v2\/product_tag?post=20124"}],"curies":[{"name":"wp","href":"https:\/\/api.w.org\/{rel}","templated":true}]}}