{"id":20759,"date":"2025-10-11T08:07:35","date_gmt":"2025-10-11T07:07:35","guid":{"rendered":"https:\/\/renovatus.si\/?product=hisense-85u7q-119021"},"modified":"2026-01-16T18:44:35","modified_gmt":"2026-01-16T17:44:35","slug":"hisense-uled-mini-led-tv-85-85u7q-4k-smart-tv","status":"publish","type":"product","link":"https:\/\/renovatus.si\/de\/product\/hisense-uled-mini-led-tv-85-85u7q-4k-smart-tv\/","title":{"rendered":"Hisense ULED Mini LED TV 85&#8243; 85U7Q \u2013 4K pametni televizor"},"content":{"rendered":"<p data-start=\"657\" data-end=\"982\"><strong data-start=\"657\" data-end=\"695\">Hisense ULED Mini LED TV 85&#8243; 85U7Q<\/strong> je impresiven pametni televizor, ki zdru\u017euje napredno <strong data-start=\"750\" data-end=\"774\">Mini LED tehnologijo<\/strong> z osupljivo 4K UHD lo\u010dljivostjo. <strong data-start=\"808\" data-end=\"846\">Hisense ULED Mini LED TV 85&#8243; 85U7Q<\/strong> zagotavlja izjemno jasnost, globoke \u010drne tone in \u017eivahne barve, kar omogo\u010da realisti\u010dno vizualno do\u017eivetje za film, \u0161port ali gaming.<\/p>\n<p data-start=\"984\" data-end=\"1240\">Televizor podpira <strong data-start=\"1002\" data-end=\"1012\">HDR10+<\/strong>, <strong data-start=\"1014\" data-end=\"1030\">Dolby Vision<\/strong> in <strong data-start=\"1034\" data-end=\"1049\">Dolby Atmos<\/strong>, kar prina\u0161a bogat kontrast, natan\u010dne podrobnosti in vrhunski zvok. Napredna <strong data-start=\"1127\" data-end=\"1153\">AI Picture Enhancement<\/strong> funkcija samodejno prilagaja svetlost, kontrast in barve, da je vsaka scena popolna.<\/p>\n<p data-start=\"1242\" data-end=\"1546\">S pametnim operacijskim sistemom <strong data-start=\"1275\" data-end=\"1287\">VIDAA OS<\/strong> je dostop do priljubljenih aplikacij, kot so <strong data-start=\"1333\" data-end=\"1344\">Netflix<\/strong>, <strong data-start=\"1346\" data-end=\"1357\">YouTube<\/strong>, <strong data-start=\"1359\" data-end=\"1370\">Disney+<\/strong> in <strong data-start=\"1374\" data-end=\"1389\">Prime Video<\/strong>, hiter in preprost. <strong data-start=\"1410\" data-end=\"1448\">Hisense ULED Mini LED TV 85&#8243; 85U7Q<\/strong> podpira tudi <strong data-start=\"1462\" data-end=\"1471\">Wi-Fi<\/strong> in <strong data-start=\"1475\" data-end=\"1488\">Bluetooth<\/strong>, kar omogo\u010da enostavno povezovanje z drugimi napravami.<\/p>\n<p data-start=\"1548\" data-end=\"1760\" data-is-last-node=\"\" data-is-only-node=\"\">S sodobnim in minimalisti\u010dnim dizajnom, <strong data-start=\"1588\" data-end=\"1626\">Hisense ULED Mini LED TV 85&#8243; 85U7Q<\/strong> zdru\u017euje napredno tehnologijo, profesionalno kakovost slike in zvoka ter nudi nepozabno doma\u010do gledalsko izku\u0161njo za celotno dru\u017eino.<\/p>","protected":false},"excerpt":{"rendered":"<p>Hisense ULED Mini LED TV 85&#8243; 85U7Q \u2013 Velik 4K Mini LED TV z bogatim kontrastom in jasnimi detajli.<\/p>","protected":false},"featured_media":20760,"comment_status":"open","ping_status":"closed","template":"","meta":{"_acf_changed":false},"product_brand":[2543],"product_cat":[2531],"product_tag":[],"class_list":{"0":"post-20759","1":"product","2":"type-product","3":"status-publish","4":"has-post-thumbnail","6":"product_brand-hisense","7":"product_cat-televizori","8":"pa_locljivost-4k-uhd","9":"pa_model-85u7q","10":"pa_operacijski-sistem-vidaa","11":"pa_povezljivost-wi-fi-bluetooth","12":"pa_teza-402-kg","13":"pa_zvok-2x15-w-20-w","15":"first","16":"outofstock","17":"taxable","18":"shipping-taxable","19":"purchasable","20":"product-type-simple"},"acf":[],"_links":{"self":[{"href":"https:\/\/renovatus.si\/de\/wp-json\/wp\/v2\/product\/20759","targetHints":{"allow":["GET"]}}],"collection":[{"href":"https:\/\/renovatus.si\/de\/wp-json\/wp\/v2\/product"}],"about":[{"href":"https:\/\/renovatus.si\/de\/wp-json\/wp\/v2\/types\/product"}],"replies":[{"embeddable":true,"href":"https:\/\/renovatus.si\/de\/wp-json\/wp\/v2\/comments?post=20759"}],"wp:featuredmedia":[{"embeddable":true,"href":"https:\/\/renovatus.si\/de\/wp-json\/wp\/v2\/media\/20760"}],"wp:attachment":[{"href":"https:\/\/renovatus.si\/de\/wp-json\/wp\/v2\/media?parent=20759"}],"wp:term":[{"taxonomy":"product_brand","embeddable":true,"href":"https:\/\/renovatus.si\/de\/wp-json\/wp\/v2\/product_brand?post=20759"},{"taxonomy":"product_cat","embeddable":true,"href":"https:\/\/renovatus.si\/de\/wp-json\/wp\/v2\/product_cat?post=20759"},{"taxonomy":"product_tag","embeddable":true,"href":"https:\/\/renovatus.si\/de\/wp-json\/wp\/v2\/product_tag?post=20759"}],"curies":[{"name":"wp","href":"https:\/\/api.w.org\/{rel}","templated":true}]}}