{"id":20816,"date":"2025-10-13T08:53:22","date_gmt":"2025-10-13T07:53:22","guid":{"rendered":"https:\/\/renovatus.si\/?product=karcher-ad2-battery-115298-2"},"modified":"2026-04-02T10:44:58","modified_gmt":"2026-04-02T09:44:58","slug":"karcher-ad2-battery-115298-2","status":"publish","type":"product","link":"https:\/\/renovatus.si\/de\/product\/karcher-ad2-battery-115298-2\/","title":{"rendered":"K\u00e4rcher sesalnik za pepel AD2 Battery Set 1.348-301.0 \u2013 brez\u017ei\u010dni sesalnik za pepel s kompletom baterij"},"content":{"rendered":"<p>K\u00e4rcher sesalnik za pepel AD2 Battery Set 1.348-301.0 je zmogljiv brez\u017ei\u010dni sesalnik, namenjen hitremu in u\u010dinkovitemu \u010di\u0161\u010denju pepela in saje iz kaminov, pe\u010di in \u017earov. Ta sesalnik omogo\u010da popolno svobodo gibanja brez omejitve kabla, saj je opremljen z mo\u010dnim kompletom baterij, ki zagotavlja dalj\u0161i \u010das delovanja. K\u00e4rcher sesalnik za pepel AD2 Battery Set 1.348-301.0 je opremljen z visokokakovostnim filtrirnim sistemom, ki prepre\u010duje ponovno \u0161irjenje pepela v prostor, kar omogo\u010da varno in \u010disto uporabo. Ergonomi\u010den ro\u010daj in kompaktna zasnova olaj\u0161ata prena\u0161anje in rokovanje, medtem ko robustna konstrukcija zagotavlja dolgo \u017eivljenjsko dobo naprave. Prilo\u017eena cev in nastavki omogo\u010dajo \u010di\u0161\u010denje tudi te\u017eko dostopnih mest. K\u00e4rcher sesalnik za pepel AD2 Battery Set 1.348-301.0 je idealen za vse, ki i\u0161\u010dejo zanesljiv, prenosljiv in zmogljiv sesalnik za vsakodnevno ali sezonsko \u010di\u0161\u010denje pepela. Ne glede na to, ali ga uporabljate doma ali v delavnici, ta brez\u017ei\u010dni sesalnik zagotavlja hitro, u\u010dinkovito in varno \u010di\u0161\u010denje brez nepotrebnega stresa in prahu.<\/p>","protected":false},"excerpt":{"rendered":"<p>Karcher AD2 Battery Set 1.348-301.0 \u2013 Brez\u017ei\u010dni sesalnik za pepel s kompletom baterij. Idealno za hitro in varno \u010di\u0161\u010denje kamina.<\/p>","protected":false},"featured_media":20787,"comment_status":"open","ping_status":"closed","template":"","meta":{"_acf_changed":false},"product_brand":[2695],"product_cat":[2653,2651],"product_tag":[],"class_list":{"0":"post-20816","1":"product","2":"type-product","3":"status-publish","4":"has-post-thumbnail","6":"product_brand-karcher","7":"product_cat-akumulatorski_sesalci","8":"product_cat-sesalci","9":"pa_dodatki-obseg-dobave-sesalna-cev-1-2-m-kovina-prevlecena-ploscati-filter-ad-poliester-negorljivo","10":"pa_mere-d-x-s-x-v-mm328-x-343-x-431","11":"pa_moc-18-v","12":"pa_model-ad2-battery","13":"pa_namen-uporabe-suho","14":"pa_prikljucni-kabel-4-m","15":"pa_prostornina-14l","16":"pa_teza-z-embalazo-66-kg","17":"pa_vrecka-posoda-posoda-za-prah","19":"first","20":"instock","21":"taxable","22":"shipping-taxable","23":"purchasable","24":"product-type-simple"},"acf":[],"_links":{"self":[{"href":"https:\/\/renovatus.si\/de\/wp-json\/wp\/v2\/product\/20816","targetHints":{"allow":["GET"]}}],"collection":[{"href":"https:\/\/renovatus.si\/de\/wp-json\/wp\/v2\/product"}],"about":[{"href":"https:\/\/renovatus.si\/de\/wp-json\/wp\/v2\/types\/product"}],"replies":[{"embeddable":true,"href":"https:\/\/renovatus.si\/de\/wp-json\/wp\/v2\/comments?post=20816"}],"wp:featuredmedia":[{"embeddable":true,"href":"https:\/\/renovatus.si\/de\/wp-json\/wp\/v2\/media\/20787"}],"wp:attachment":[{"href":"https:\/\/renovatus.si\/de\/wp-json\/wp\/v2\/media?parent=20816"}],"wp:term":[{"taxonomy":"product_brand","embeddable":true,"href":"https:\/\/renovatus.si\/de\/wp-json\/wp\/v2\/product_brand?post=20816"},{"taxonomy":"product_cat","embeddable":true,"href":"https:\/\/renovatus.si\/de\/wp-json\/wp\/v2\/product_cat?post=20816"},{"taxonomy":"product_tag","embeddable":true,"href":"https:\/\/renovatus.si\/de\/wp-json\/wp\/v2\/product_tag?post=20816"}],"curies":[{"name":"wp","href":"https:\/\/api.w.org\/{rel}","templated":true}]}}