{"id":20823,"date":"2025-10-13T08:53:30","date_gmt":"2025-10-13T07:53:30","guid":{"rendered":"https:\/\/renovatus.si\/?product=karcher-wd-3-18-battery-115816-2"},"modified":"2026-01-28T16:44:15","modified_gmt":"2026-01-28T15:44:15","slug":"karcher-wd-3-18-battery-115816-2","status":"publish","type":"product","link":"https:\/\/renovatus.si\/de\/product\/karcher-wd-3-18-battery-115816-2\/","title":{"rendered":"K\u00e4rcher sesalnik WD 3-18 Battery Set V-17\/20 \u2013 brez\u017ei\u010dni mokro-suhi sesalnik z baterijo"},"content":{"rendered":"<p data-start=\"586\" data-end=\"1040\">K\u00e4rcher sesalnik WD 3-18 Battery Set V-17\/20 je zmogljiv brez\u017ei\u010dni mokro-suhi sesalnik, zasnovan za vsestransko uporabo doma, v gara\u017ei ali delavnici. Zaradi integrirane baterije omogo\u010da popolno mobilnost brez omejitev kablov in hkrati zagotavlja dolgo avtonomijo \u010di\u0161\u010denja. Sesalnik u\u010dinkovito odstranjuje prah, umazanijo, mokre razlite teko\u010dine in ostanke razli\u010dnih povr\u0161in, kar ga naredi idealnega za razli\u010dne vrste opravil.<\/p>\n<p data-start=\"1042\" data-end=\"1445\">Robustna in kompaktna zasnova K\u00e4rcher sesalnika WD 3-18 Battery Set V-17\/20 zagotavlja stabilnost med uporabo, medtem ko prakti\u010dne funkcije, kot so priro\u010dna ro\u010dica, odstranljiv zbiralnik in kakovosten filter, omogo\u010dajo enostavno rokovanje in \u010di\u0161\u010denje. Sesalnik je primeren tako za hitro \u010di\u0161\u010denje kot za obse\u017enej\u0161a opravila, njegova zmogljivost in fleksibilnost pa zadovoljita potrebe vseh uporabnikov.<\/p>\n<p data-start=\"1447\" data-end=\"1676\">Brez\u017ei\u010dni mokro-suhi sesalnik K\u00e4rcher WD 3-18 Battery Set V-17\/20 je popolna izbira za tiste, ki i\u0161\u010dejo zmogljivo, priro\u010dno in prilagodljivo re\u0161itev za vsakodnevno \u010di\u0161\u010denje razli\u010dnih povr\u0161in, brez kompromisov pri u\u010dinkovitosti.<\/p>","protected":false},"excerpt":{"rendered":"<p>Karcher WD 3-18 Battery Set V-17\/20 \u2013 Brez\u017ei\u010dni mokro-suhi sesalnik z baterijo. Popolna svoboda gibanja pri \u010di\u0161\u010denju.<\/p>","protected":false},"featured_media":20801,"comment_status":"open","ping_status":"closed","template":"","meta":{"_acf_changed":false},"product_brand":[2695],"product_cat":[2653,2651],"product_tag":[],"class_list":{"0":"post-20823","1":"product","2":"type-product","3":"status-publish","4":"has-post-thumbnail","6":"product_brand-karcher","7":"product_cat-akumulatorski_sesalci","8":"product_cat-sesalci","9":"pa_barva-rumena","10":"pa_dodatki-obseg-dobave-baterija-akumulator-18-v-50-ah-battery-power-1-kos-baterijski-polnilnik-standardni-polnilnik-18-v-battery-power-1-kos-sesalna-cev-2-m-z-upognjenim-rocajem-snemljiv-rocaj-sesalne-cevi","11":"pa_mere-d-x-s-x-v-mm349-x-328-x-493","12":"pa_moc-18-v","13":"pa_model-wd-3-18-battery","14":"pa_namen-uporabe-mokro-suho","15":"pa_rezervoar-za-vodo-17-l","16":"pa_teza-z-embalazo-73-kg","17":"pa_vrecka-posoda-vrecka-posoda","19":"first","20":"instock","21":"taxable","22":"shipping-taxable","23":"purchasable","24":"product-type-simple"},"acf":[],"_links":{"self":[{"href":"https:\/\/renovatus.si\/de\/wp-json\/wp\/v2\/product\/20823","targetHints":{"allow":["GET"]}}],"collection":[{"href":"https:\/\/renovatus.si\/de\/wp-json\/wp\/v2\/product"}],"about":[{"href":"https:\/\/renovatus.si\/de\/wp-json\/wp\/v2\/types\/product"}],"replies":[{"embeddable":true,"href":"https:\/\/renovatus.si\/de\/wp-json\/wp\/v2\/comments?post=20823"}],"wp:featuredmedia":[{"embeddable":true,"href":"https:\/\/renovatus.si\/de\/wp-json\/wp\/v2\/media\/20801"}],"wp:attachment":[{"href":"https:\/\/renovatus.si\/de\/wp-json\/wp\/v2\/media?parent=20823"}],"wp:term":[{"taxonomy":"product_brand","embeddable":true,"href":"https:\/\/renovatus.si\/de\/wp-json\/wp\/v2\/product_brand?post=20823"},{"taxonomy":"product_cat","embeddable":true,"href":"https:\/\/renovatus.si\/de\/wp-json\/wp\/v2\/product_cat?post=20823"},{"taxonomy":"product_tag","embeddable":true,"href":"https:\/\/renovatus.si\/de\/wp-json\/wp\/v2\/product_tag?post=20823"}],"curies":[{"name":"wp","href":"https:\/\/api.w.org\/{rel}","templated":true}]}}