{"id":20897,"date":"2025-10-15T08:03:33","date_gmt":"2025-10-15T07:03:33","guid":{"rendered":"https:\/\/renovatus.si\/?product=sony-hts60-118428-2"},"modified":"2026-01-16T17:46:48","modified_gmt":"2026-01-16T16:46:48","slug":"sony-hts60-118428-2","status":"publish","type":"product","link":"https:\/\/renovatus.si\/de\/product\/sony-hts60-118428-2\/","title":{"rendered":"Sony HT-S60.CEL BRAVIA Theatre System 6 \u2013 zmogljiv soundbar z Dolby Audio za televizorje Sony"},"content":{"rendered":"<p data-start=\"863\" data-end=\"1237\"><strong data-start=\"863\" data-end=\"906\">Sony HT-S60.CEL BRAVIA Theatre System 6<\/strong> je napreden <strong data-start=\"919\" data-end=\"938\">soundbar sistem<\/strong>, ki zdru\u017euje izjemno zmogljivost, prefinjen dizajn in popolno zdru\u017eljivost s televizorji <strong data-start=\"1028\" data-end=\"1043\">Sony BRAVIA<\/strong>. Z uporabo <strong data-start=\"1055\" data-end=\"1070\">Dolby Audio<\/strong> tehnologije zagotavlja realisti\u010dno prostorsko izku\u0161njo zvoka, ki vas popolnoma potegne v dogajanje \u2013 bodisi pri gledanju filmov, poslu\u0161anju glasbe ali igranju iger.<\/p>\n<p data-start=\"1239\" data-end=\"1642\">Soundbar <strong data-start=\"1248\" data-end=\"1291\">Sony HT-S60.CEL BRAVIA Theatre System 6<\/strong> je opremljen z ve\u010dkanalnim oja\u010devalnikom, ki ustvarja bogat, \u010dist in dinami\u010den zvok. Globok bas poudarja akcijske prizore, medtem ko jasni dialogi poskrbijo, da ne zamudite nobene besede. Naprava se brezhibno pove\u017ee s Sony televizorji prek <strong data-start=\"1532\" data-end=\"1544\">HDMI ARC<\/strong> ali <strong data-start=\"1549\" data-end=\"1562\">Bluetooth<\/strong> povezave, kar omogo\u010da preprosto upravljanje z enim daljinskim upravljalnikom.<\/p>\n<p data-start=\"1644\" data-end=\"1891\">Z elegantno, minimalisti\u010dno obliko se <strong data-start=\"1682\" data-end=\"1725\">Sony HT-S60.CEL BRAVIA Theatre System 6<\/strong> lepo prilega vsakemu prostoru. Njegova diskretna oblika in kakovostna izdelava poudarjata sodoben videz va\u0161ega doma, hkrati pa ponujata izjemno zvo\u010dno zmogljivost.<\/p>\n<p data-start=\"1893\" data-end=\"2087\">\u010ce \u017eelite popolno <strong data-start=\"1911\" data-end=\"1933\">kino izku\u0161njo doma<\/strong>, ki se pona\u0161a z napredno zvo\u010dno tehnologijo in zanesljivostjo blagovne znamke Sony, je <strong data-start=\"2021\" data-end=\"2064\">Sony HT-S60.CEL BRAVIA Theatre System 6<\/strong> prava izbira za vas.<\/p>","protected":false},"excerpt":{"rendered":"<p>Zmogljiv Sony soundbar z Dolby Audio tehnologijo in brez\u017ei\u010dno povezavo za popolno izku\u0161njo prostorskega zvoka ob gledanju filmov in poslu\u0161anju glasbe.<\/p>","protected":false},"featured_media":20874,"comment_status":"open","ping_status":"closed","template":"","meta":{"_acf_changed":false},"product_brand":[2623],"product_cat":[2823],"product_tag":[],"class_list":{"0":"post-20897","1":"product","2":"type-product","3":"status-publish","4":"has-post-thumbnail","6":"product_brand-sony","7":"product_cat-soundbar","8":"pa_barva-crna","9":"pa_bluetooth-da","10":"pa_dolby-avdio-da","11":"pa_kanalni-sistem-5-1-kanalni-sistem","12":"pa_model-hts60","13":"pa_opticni-prikljucek-da","14":"pa_prikljucek-hdmi-da","15":"pa_prikljucek-usb-da","16":"pa_skupna-izhodna-moc-1000-w","18":"first","19":"outofstock","20":"taxable","21":"shipping-taxable","22":"purchasable","23":"product-type-simple"},"acf":[],"_links":{"self":[{"href":"https:\/\/renovatus.si\/de\/wp-json\/wp\/v2\/product\/20897","targetHints":{"allow":["GET"]}}],"collection":[{"href":"https:\/\/renovatus.si\/de\/wp-json\/wp\/v2\/product"}],"about":[{"href":"https:\/\/renovatus.si\/de\/wp-json\/wp\/v2\/types\/product"}],"replies":[{"embeddable":true,"href":"https:\/\/renovatus.si\/de\/wp-json\/wp\/v2\/comments?post=20897"}],"wp:featuredmedia":[{"embeddable":true,"href":"https:\/\/renovatus.si\/de\/wp-json\/wp\/v2\/media\/20874"}],"wp:attachment":[{"href":"https:\/\/renovatus.si\/de\/wp-json\/wp\/v2\/media?parent=20897"}],"wp:term":[{"taxonomy":"product_brand","embeddable":true,"href":"https:\/\/renovatus.si\/de\/wp-json\/wp\/v2\/product_brand?post=20897"},{"taxonomy":"product_cat","embeddable":true,"href":"https:\/\/renovatus.si\/de\/wp-json\/wp\/v2\/product_cat?post=20897"},{"taxonomy":"product_tag","embeddable":true,"href":"https:\/\/renovatus.si\/de\/wp-json\/wp\/v2\/product_tag?post=20897"}],"curies":[{"name":"wp","href":"https:\/\/api.w.org\/{rel}","templated":true}]}}