{"id":20898,"date":"2025-10-15T08:03:33","date_gmt":"2025-10-15T07:03:33","guid":{"rendered":"https:\/\/renovatus.si\/?product=sony-hts400-111423-2"},"modified":"2026-01-16T17:46:15","modified_gmt":"2026-01-16T16:46:15","slug":"sony-hts400-111423-2","status":"publish","type":"product","link":"https:\/\/renovatus.si\/de\/product\/sony-hts400-111423-2\/","title":{"rendered":"Sony HT-S400 \u2013 brez\u017ei\u010dni soundbar z globokim basom in Bluetooth povezavo"},"content":{"rendered":"<p data-start=\"786\" data-end=\"1105\"><strong data-start=\"786\" data-end=\"802\">Sony HT-S400<\/strong> je zmogljiv <strong data-start=\"815\" data-end=\"837\">brez\u017ei\u010dni soundbar<\/strong>, zasnovan za vse, ki \u017eelijo izbolj\u0161ati kakovost zvoka svojega televizorja brez zapletenih kablov. S skupno mo\u010djo <strong data-start=\"951\" data-end=\"960\">330 W<\/strong> in vgrajeno <strong data-start=\"973\" data-end=\"1003\">S-Force PRO Front Surround<\/strong> tehnologijo ponuja realisti\u010den prostorski zvok, ki napolni prostor z bogatimi toni in mo\u010dnim basom.<\/p>\n<p data-start=\"1107\" data-end=\"1398\">Sistem <strong data-start=\"1114\" data-end=\"1130\">Sony HT-S400<\/strong> vklju\u010duje brez\u017ei\u010dni nizkotonec, ki zagotavlja globoke in udarne nizke frekvence, kar dodatno poudari akcijske prizore, glasbo in dialoge. Napredna zvo\u010dna obdelava skrbi za jasno reprodukcijo glasu, tako da boste vedno sli\u0161ali vsako besedo, tudi pri ni\u017eji glasnosti.<\/p>\n<p data-start=\"1400\" data-end=\"1646\">Soundbar omogo\u010da enostavno povezavo prek <strong data-start=\"1441\" data-end=\"1454\">Bluetooth<\/strong> povezave ali <strong data-start=\"1468\" data-end=\"1480\">HDMI ARC<\/strong>, kar omogo\u010da hitro in brez\u017ei\u010dno sinhronizacijo z va\u0161im televizorjem. S preprostim daljinskim upravljalnikom in intuitivnim zaslonom je uporaba preprosta in udobna.<\/p>\n<p data-start=\"1648\" data-end=\"1903\">Z elegantnim minimalisti\u010dnim dizajnom se <strong data-start=\"1689\" data-end=\"1705\">Sony HT-S400<\/strong> popolnoma zlije z modernimi bivalnimi prostori. Njegova kakovostna izdelava in zanesljivost znamke <strong data-start=\"1805\" data-end=\"1813\">Sony<\/strong> zagotavljata dolgo \u017eivljenjsko dobo ter izjemno avdio izku\u0161njo pri vsakodnevni uporabi.<\/p>\n<p data-start=\"1905\" data-end=\"2046\">\u010ce i\u0161\u010dete <strong data-start=\"1915\" data-end=\"1937\">brez\u017ei\u010dni soundbar<\/strong> z mo\u010dnim basom in odli\u010dnim razmerjem med kakovostjo ter ceno, je <strong data-start=\"2003\" data-end=\"2019\">Sony HT-S400<\/strong> prava izbira za va\u0161 dom.<\/p>","protected":false},"excerpt":{"rendered":"<p>Kompakten brez\u017ei\u010dni soundbar Sony HT-S400 z mo\u010dnim basom in jasnim zvokom, idealen za izbolj\u0161anje zvoka televizorja.<\/p>","protected":false},"featured_media":20876,"comment_status":"open","ping_status":"closed","template":"","meta":{"_acf_changed":false},"product_brand":[2623],"product_cat":[2823],"product_tag":[],"class_list":{"0":"post-20898","1":"product","2":"type-product","3":"status-publish","4":"has-post-thumbnail","6":"product_brand-sony","7":"product_cat-soundbar","8":"pa_barva-crna","9":"pa_bluetooth-da","10":"pa_dolby-avdio-ne","11":"pa_kanalni-sistem-2-1-kanalni-sistem","12":"pa_model-hts400","13":"pa_opticni-prikljucek-da","14":"pa_prikljucek-hdmi-da","15":"pa_prikljucek-usb-da","16":"pa_skupna-izhodna-moc-330-w","17":"pa_vkljucena-oprema-daljinski-upravljalnik-vkljucno-z-baterijami-kabel-za-izmenicni-tok-opticni-kabel-navodila-za-uporabo-vodnik-za-hitro-nastavitev","19":"first","20":"outofstock","21":"taxable","22":"shipping-taxable","23":"purchasable","24":"product-type-simple"},"acf":[],"_links":{"self":[{"href":"https:\/\/renovatus.si\/de\/wp-json\/wp\/v2\/product\/20898","targetHints":{"allow":["GET"]}}],"collection":[{"href":"https:\/\/renovatus.si\/de\/wp-json\/wp\/v2\/product"}],"about":[{"href":"https:\/\/renovatus.si\/de\/wp-json\/wp\/v2\/types\/product"}],"replies":[{"embeddable":true,"href":"https:\/\/renovatus.si\/de\/wp-json\/wp\/v2\/comments?post=20898"}],"wp:featuredmedia":[{"embeddable":true,"href":"https:\/\/renovatus.si\/de\/wp-json\/wp\/v2\/media\/20876"}],"wp:attachment":[{"href":"https:\/\/renovatus.si\/de\/wp-json\/wp\/v2\/media?parent=20898"}],"wp:term":[{"taxonomy":"product_brand","embeddable":true,"href":"https:\/\/renovatus.si\/de\/wp-json\/wp\/v2\/product_brand?post=20898"},{"taxonomy":"product_cat","embeddable":true,"href":"https:\/\/renovatus.si\/de\/wp-json\/wp\/v2\/product_cat?post=20898"},{"taxonomy":"product_tag","embeddable":true,"href":"https:\/\/renovatus.si\/de\/wp-json\/wp\/v2\/product_tag?post=20898"}],"curies":[{"name":"wp","href":"https:\/\/api.w.org\/{rel}","templated":true}]}}