{"id":21042,"date":"2025-10-16T11:34:41","date_gmt":"2025-10-16T10:34:41","guid":{"rendered":"https:\/\/renovatus.si\/?product=hp-250-g10-i5-1334u-nb15hp00094-w11h"},"modified":"2026-02-16T11:49:37","modified_gmt":"2026-02-16T10:49:37","slug":"hp-250-g10-prenosnik","status":"publish","type":"product","link":"https:\/\/renovatus.si\/de\/product\/hp-250-g10-prenosnik\/","title":{"rendered":"HP 250 G10 prenosnik \u2013 zmogljiv poslovni prenosnik z Intel i5, 16GB RAM in 512GB SSD"},"content":{"rendered":"<p data-start=\"763\" data-end=\"1169\"><strong data-start=\"763\" data-end=\"787\">HP 250 G10 prenosnik<\/strong> zdru\u017euje zmogljivost, zanesljivost in eleganten dizajn, kar ga naredi idealnega za poslovne uporabnike in \u0161tudente. Opremljen je s procesorjem <strong data-start=\"931\" data-end=\"954\">Intel Core i5-1334U<\/strong>, ki omogo\u010da hitro in u\u010dinkovito delovanje tudi pri zahtevnej\u0161ih opravilih. S <strong data-start=\"1032\" data-end=\"1045\">16 GB RAM<\/strong> pomnilnika in <strong data-start=\"1060\" data-end=\"1074\">512 GB SSD<\/strong> diskom boste u\u017eivali v bliskovitem zagonu sistema in teko\u010dem delu z ve\u010d aplikacijami hkrati.<\/p>\n<p data-start=\"1171\" data-end=\"1392\">Zaslon <strong data-start=\"1178\" data-end=\"1201\">15,6-pal\u010dni FHD IPS<\/strong> nudi jasno sliko in \u017eive barve, primerne za delo, u\u010denje ali zabavo. Prenosnik <strong data-start=\"1281\" data-end=\"1295\">HP 250 G10<\/strong> ima name\u0161\u010den <strong data-start=\"1309\" data-end=\"1328\">Windows 11 Home<\/strong>, ki zagotavlja sodobno uporabni\u0161ko izku\u0161njo in ve\u010djo varnost.<\/p>\n<p data-start=\"1394\" data-end=\"1671\">Njegovo <strong data-start=\"1402\" data-end=\"1422\">turbosivo ohi\u0161je<\/strong> iz\u017eareva profesionalnost, hkrati pa je prenosnik lahek in prenosljiv \u2013 popoln sopotnik v pisarni ali na poti. Z dolgo avtonomijo baterije in hitrimi priklju\u010dki USB-C ter HDMI je <strong data-start=\"1601\" data-end=\"1625\">HP 250 G10 prenosnik<\/strong> popolna izbira za zanesljivo delo kjerkoli.<\/p>","protected":false},"excerpt":{"rendered":"<p>HP 250 G10 z Intel i5-1334U procesorjem, 16GB RAM in 512GB SSD zagotavlja hitro, stabilno in u\u010dinkovito delo v vsakem okolju.<\/p>","protected":false},"featured_media":21043,"comment_status":"open","ping_status":"closed","template":"","meta":{"_acf_changed":false},"product_brand":[253],"product_cat":[2245],"product_tag":[],"class_list":{"0":"post-21042","1":"product","2":"type-product","3":"status-publish","4":"has-post-thumbnail","6":"product_brand-hp","7":"product_cat-prenosni-racunalniki-2","8":"pa_generacija-procesorja-intel-core-i5-1334u","9":"pa_model-250-g10-i5-1334u","10":"pa_os-windows-11-home","11":"pa_podpira-windows-11-da","12":"pa_resolucija-fhd","13":"pa_spletna-kamera-da","14":"pa_tip-diska-nvme-ssd","15":"pa_velikost-diska-512-gb","17":"first","18":"outofstock","19":"sale","20":"taxable","21":"shipping-taxable","22":"purchasable","23":"product-type-simple"},"acf":[],"_links":{"self":[{"href":"https:\/\/renovatus.si\/de\/wp-json\/wp\/v2\/product\/21042","targetHints":{"allow":["GET"]}}],"collection":[{"href":"https:\/\/renovatus.si\/de\/wp-json\/wp\/v2\/product"}],"about":[{"href":"https:\/\/renovatus.si\/de\/wp-json\/wp\/v2\/types\/product"}],"replies":[{"embeddable":true,"href":"https:\/\/renovatus.si\/de\/wp-json\/wp\/v2\/comments?post=21042"}],"wp:featuredmedia":[{"embeddable":true,"href":"https:\/\/renovatus.si\/de\/wp-json\/wp\/v2\/media\/21043"}],"wp:attachment":[{"href":"https:\/\/renovatus.si\/de\/wp-json\/wp\/v2\/media?parent=21042"}],"wp:term":[{"taxonomy":"product_brand","embeddable":true,"href":"https:\/\/renovatus.si\/de\/wp-json\/wp\/v2\/product_brand?post=21042"},{"taxonomy":"product_cat","embeddable":true,"href":"https:\/\/renovatus.si\/de\/wp-json\/wp\/v2\/product_cat?post=21042"},{"taxonomy":"product_tag","embeddable":true,"href":"https:\/\/renovatus.si\/de\/wp-json\/wp\/v2\/product_tag?post=21042"}],"curies":[{"name":"wp","href":"https:\/\/api.w.org\/{rel}","templated":true}]}}