{"id":21380,"date":"2025-10-28T07:11:03","date_gmt":"2025-10-28T06:11:03","guid":{"rendered":"https:\/\/renovatus.si\/?product=karcher-k5-smart-control-flex-118022"},"modified":"2026-01-16T18:05:13","modified_gmt":"2026-01-16T17:05:13","slug":"karcher-k5-smart-control-flex-118022","status":"publish","type":"product","link":"https:\/\/renovatus.si\/de\/product\/karcher-k5-smart-control-flex-118022\/","title":{"rendered":"K\u00e4rcher visokotla\u010dni \u010distilec K5 Smart Control Flex \u2013 inteligentno upravljanje mo\u010di \u010di\u0161\u010denja"},"content":{"rendered":"<p data-start=\"893\" data-end=\"1218\"><strong data-start=\"893\" data-end=\"948\">K\u00e4rcher visokotla\u010dni \u010distilec K5 Smart Control Flex<\/strong> je napreden visokotla\u010dni \u010distilec, ki zdru\u017euje inteligentno upravljanje mo\u010di \u010di\u0161\u010denja in fleksibilno uporabo. Ta \u010distilec omogo\u010da enostavno prilagajanje tlaka vode glede na povr\u0161ino, kar prepre\u010duje po\u0161kodbe ob\u010dutljivih povr\u0161in in hkrati zagotavlja temeljito \u010di\u0161\u010denje.<\/p>\n<p data-start=\"1220\" data-end=\"1458\">S funkcijo <strong data-start=\"1231\" data-end=\"1248\">Smart Control<\/strong> imate popoln nadzor nad curkom vode, kar omogo\u010da natan\u010dno \u010di\u0161\u010denje teras, dvori\u0161\u010d, fasad in vozil. Flex cev poskrbi za enostaven dostop do te\u017eko dosegljivih mest, kar pove\u010duje udobje uporabe in u\u010dinkovitost.<\/p>\n<p data-start=\"1460\" data-end=\"1728\"><strong data-start=\"1460\" data-end=\"1493\">K\u00e4rcher K5 Smart Control Flex<\/strong> je idealen za vse, ki i\u0161\u010dejo zmogljiv, digitalno nadzorovan \u010distilec za doma\u010do in profesionalno uporabo. Njegova robustna konstrukcija zagotavlja dolgo \u017eivljenjsko dobo, kompaktna oblika pa omogo\u010da enostavno shranjevanje po uporabi.<\/p>\n<p data-start=\"1730\" data-end=\"1993\">Ta visokotla\u010dni \u010distilec zdru\u017euje mo\u010d, natan\u010dnost in inteligentno tehnologijo za optimalno \u010di\u0161\u010denje. <strong data-start=\"1831\" data-end=\"1886\">K\u00e4rcher visokotla\u010dni \u010distilec K5 Smart Control Flex<\/strong> je popolna izbira za vse, ki \u017eelijo u\u010dinkovito, hitro in varno \u010di\u0161\u010denje zunanjih povr\u0161in, vozil in vrta.<\/p>","protected":false},"excerpt":{"rendered":"<p>K\u00e4rcher K5 Smart Control Flex (1.324-730.0) \u2013 Pametni nadzor \u010di\u0161\u010denja prek aplikacije K\u00e4rcher Home &amp; Garden.<\/p>","protected":false},"featured_media":21096,"comment_status":"open","ping_status":"closed","template":"","meta":{"_acf_changed":false},"product_brand":[2695],"product_cat":[3114,3113],"product_tag":[],"class_list":{"0":"post-21380","1":"product","2":"type-product","3":"status-publish","4":"has-post-thumbnail","6":"product_brand-karcher","7":"product_cat-elektricni-visokotlacni-cistilci","8":"product_cat-visokotlacni-cistilci","9":"pa_bruto-teza-168-kg","10":"pa_dodatki-obseg-dobave-visokotlacna-pistola-g-180-q-smart-control-multi-jet-3-v-1-visokotlacna-cev-10-m-premiumflex-adapter-za-prikljucek-vrtne-cevi-a3-4","11":"pa_kolicina-pretoka-l-h-2987","12":"pa_mere-d-x-s-x-v-mm-405-x-306-x-584","13":"pa_model-k5-smart-control-flex","14":"pa_oprema-vgrajena-mreza-za-shranjevanje-quick-connect-na-napravi-uporaba-cistilnega-sredstva-s-pomocjo-plug-n-clean-sistem-teleskopski-rocaj-vodno-hlajeni-motor-integriran-vodni-filter-sesanje-vo","15":"pa_povrsinska-zmogljivost-m2-h-2992","16":"pa_prikljucna-moc-kw-2-1","17":"pa_prikljucni-kabel-m-2968","18":"pa_tlak-bar-mpa-20-max-145-2-max-145","19":"pa_vrsta-toka-v-hz-230-50","21":"first","22":"outofstock","23":"taxable","24":"shipping-taxable","25":"purchasable","26":"product-type-simple"},"acf":[],"_links":{"self":[{"href":"https:\/\/renovatus.si\/de\/wp-json\/wp\/v2\/product\/21380","targetHints":{"allow":["GET"]}}],"collection":[{"href":"https:\/\/renovatus.si\/de\/wp-json\/wp\/v2\/product"}],"about":[{"href":"https:\/\/renovatus.si\/de\/wp-json\/wp\/v2\/types\/product"}],"replies":[{"embeddable":true,"href":"https:\/\/renovatus.si\/de\/wp-json\/wp\/v2\/comments?post=21380"}],"wp:featuredmedia":[{"embeddable":true,"href":"https:\/\/renovatus.si\/de\/wp-json\/wp\/v2\/media\/21096"}],"wp:attachment":[{"href":"https:\/\/renovatus.si\/de\/wp-json\/wp\/v2\/media?parent=21380"}],"wp:term":[{"taxonomy":"product_brand","embeddable":true,"href":"https:\/\/renovatus.si\/de\/wp-json\/wp\/v2\/product_brand?post=21380"},{"taxonomy":"product_cat","embeddable":true,"href":"https:\/\/renovatus.si\/de\/wp-json\/wp\/v2\/product_cat?post=21380"},{"taxonomy":"product_tag","embeddable":true,"href":"https:\/\/renovatus.si\/de\/wp-json\/wp\/v2\/product_tag?post=21380"}],"curies":[{"name":"wp","href":"https:\/\/api.w.org\/{rel}","templated":true}]}}