{"id":21448,"date":"2025-10-28T09:18:07","date_gmt":"2025-10-28T08:18:07","guid":{"rendered":"https:\/\/renovatus.si\/?product=livolo-em-sl019o-12w-12-sve017"},"modified":"2026-01-01T04:24:29","modified_gmt":"2026-01-01T03:24:29","slug":"livolo-em-sl019o-12w-12-sve017","status":"publish","type":"product","link":"https:\/\/renovatus.si\/de\/product\/livolo-em-sl019o-12w-12-sve017\/","title":{"rendered":"Nadgradni okrogli LED reflektor 12W \u010drn \u2013 elegantna LED svetilka za stropno monta\u017eo"},"content":{"rendered":"<p data-start=\"1064\" data-end=\"1358\"><strong data-start=\"1064\" data-end=\"1107\">Nadgradni okrogli LED reflektor 12W \u010drn<\/strong> je sodobna in elegantna LED svetilka, ki je zasnovana za enostavno stropno monta\u017eo. Zaradi minimalisti\u010dnega in stilsko dovr\u0161enega \u010drnega dizajna se brez te\u017eav poda k razli\u010dnim notranjim stilom, od modernih in skandinavskih do klasi\u010dnih interierjev.<\/p>\n<p data-start=\"1360\" data-end=\"1760\">Z mo\u010djo <strong data-start=\"1368\" data-end=\"1375\">12W<\/strong> zagotavlja energijsko u\u010dinkovito osvetlitev, ki je primerna za dnevne sobe, hodnike, spalnice, kuhinje ali pisarne. LED tehnologija nudi dolgo \u017eivljenjsko dobo in enakomerno svetlobo, ki je prijazna za o\u010di ter ustvarja prijetno vzdu\u0161je v prostoru. Njegova okrogla oblika omogo\u010da diskretno vgradnjo v strop, hkrati pa deluje kot estetski element, ki prostoru dodaja eleganten pridih.<\/p>\n<p data-start=\"1762\" data-end=\"2120\">Ta <strong data-start=\"1765\" data-end=\"1808\">nadgradni okrogli LED reflektor 12W \u010drn<\/strong> zdru\u017euje funkcionalnost in estetiko \u2013 kompaktna zasnova omogo\u010da enostavno namestitev, njegova robustna konstrukcija pa zagotavlja dolgotrajno in zanesljivo delovanje. Svetilka oddaja enakomerno svetlobo, ki je idealna za osvetlitev tako ve\u010djih kot manj\u0161ih prostorov, ne da bi pri tem porabila veliko energije.<\/p>\n<p data-start=\"2122\" data-end=\"2374\">Izberite <strong data-start=\"2131\" data-end=\"2174\">nadgradni okrogli LED reflektor 12W \u010drn<\/strong> in izbolj\u0161ajte osvetlitev svojih notranjih prostorov z elegantno, energetsko u\u010dinkovito in funkcionalno LED svetilko, ki zdru\u017euje sodoben dizajn, dolgo \u017eivljenjsko dobo in prijeten vizualni u\u010dinek.<\/p>","protected":false},"excerpt":{"rendered":"<p>Elegantna \u010drna LED svetilka za stropno monta\u017eo. Zagotavlja mo\u010dno in prijetno svetlobo z modernim videzom.<\/p>","protected":false},"featured_media":21449,"comment_status":"open","ping_status":"closed","template":"","meta":{"_acf_changed":false},"product_brand":[3128],"product_cat":[3119,3118],"product_tag":[],"class_list":{"0":"post-21448","1":"product","2":"type-product","3":"status-publish","4":"has-post-thumbnail","6":"product_brand-livolo","7":"product_cat-stropna-svetila","8":"product_cat-svetila","9":"pa_barva-crna-bela","10":"pa_dimenzije-fi78x110mm","11":"pa_material-aluminij","12":"pa_moc-12-w","13":"pa_model-em-sl019o-12w-12","14":"pa_oblika-okrogla","15":"pa_zascita-ip20","17":"first","18":"instock","19":"taxable","20":"shipping-taxable","21":"purchasable","22":"product-type-simple"},"acf":[],"_links":{"self":[{"href":"https:\/\/renovatus.si\/de\/wp-json\/wp\/v2\/product\/21448","targetHints":{"allow":["GET"]}}],"collection":[{"href":"https:\/\/renovatus.si\/de\/wp-json\/wp\/v2\/product"}],"about":[{"href":"https:\/\/renovatus.si\/de\/wp-json\/wp\/v2\/types\/product"}],"replies":[{"embeddable":true,"href":"https:\/\/renovatus.si\/de\/wp-json\/wp\/v2\/comments?post=21448"}],"wp:featuredmedia":[{"embeddable":true,"href":"https:\/\/renovatus.si\/de\/wp-json\/wp\/v2\/media\/21449"}],"wp:attachment":[{"href":"https:\/\/renovatus.si\/de\/wp-json\/wp\/v2\/media?parent=21448"}],"wp:term":[{"taxonomy":"product_brand","embeddable":true,"href":"https:\/\/renovatus.si\/de\/wp-json\/wp\/v2\/product_brand?post=21448"},{"taxonomy":"product_cat","embeddable":true,"href":"https:\/\/renovatus.si\/de\/wp-json\/wp\/v2\/product_cat?post=21448"},{"taxonomy":"product_tag","embeddable":true,"href":"https:\/\/renovatus.si\/de\/wp-json\/wp\/v2\/product_tag?post=21448"}],"curies":[{"name":"wp","href":"https:\/\/api.w.org\/{rel}","templated":true}]}}