{"id":22384,"date":"2025-11-20T13:35:29","date_gmt":"2025-11-20T12:35:29","guid":{"rendered":"https:\/\/renovatus.si\/izdelek\/slinex-mb-06crhd-mb-06crhd\/"},"modified":"2026-01-19T13:45:45","modified_gmt":"2026-01-19T12:45:45","slug":"zunanja-enota-domofona-6-uporabnikov","status":"publish","type":"product","link":"https:\/\/renovatus.si\/de\/product\/zunanja-enota-domofona-6-uporabnikov\/","title":{"rendered":"Zunanja enota domofona \u2013 6 uporabnikov \u2013 Varnost in nadzor"},"content":{"rendered":"<p data-start=\"769\" data-end=\"1223\"><strong data-start=\"769\" data-end=\"811\">Zunanja enota domofona \u2013 6 uporabnikov<\/strong> je popolna re\u0161itev za srednje velike stanovanjske in poslovne objekte, kjer je potreben nadzor dostopa za \u0161est uporabnikov. Ta enota omogo\u010da jasen prikaz obiskovalcev, kakovostno zvo\u010dno komunikacijo in preprost nadzor vhodov. Zunanja enota domofona \u2013 6 uporabnikov je izdelana iz robustnih, vremensko odpornih materialov, kar zagotavlja dolgo \u017eivljenjsko dobo in zanesljivo delovanje tudi v zahtevnih pogojih.<\/p>\n<p data-start=\"1225\" data-end=\"1527\">Namestitev enote je hitra in preprosta, naprava pa se brez te\u017eav pove\u017ee z obstoje\u010dimi domofonskimi sistemi. Zunanja enota domofona \u2013 6 uporabnikov omogo\u010da integracijo z dodatnimi varnostnimi sistemi, kot so alarmi ali video nadzor, kar zagotavlja celovito za\u0161\u010dito va\u0161ega doma ali poslovnega prostora.<\/p>\n<p data-start=\"1529\" data-end=\"1938\">Ta enota je primerna za stanovanjske in poslovne objekte, kjer je varnost klju\u010dnega pomena. Uporabniki bodo imeli hiter in priro\u010den dostop brez uporabe fizi\u010dnih klju\u010dev, medtem ko lastniki objekta ohranijo popoln nadzor nad vhodom. Zunanja enota domofona \u2013 6 uporabnikov zdru\u017euje funkcionalnost, sodoben dizajn in napredno tehnologijo, kar pove\u010duje udobje, varnost in uporabni\u0161ko izku\u0161njo v vsakem prostoru.<\/p>","protected":false},"excerpt":{"rendered":"<p>Ve\u010duporabni\u0161ka zunanja enota za \u0161est stanovanj. Zanesljiv videodomofon z dobro vidljivostjo podnevi in pono\u010di.<\/p>","protected":false},"featured_media":22385,"comment_status":"open","ping_status":"closed","template":"","meta":{"_acf_changed":false},"product_brand":[3563],"product_cat":[3552],"product_tag":[],"class_list":{"0":"post-22384","1":"product","2":"type-product","3":"status-publish","4":"has-post-thumbnail","6":"product_brand-slinex","7":"product_cat-domofoni","8":"pa_barva-siva","9":"pa_dimenzija-130-x-253-x-55-mm","10":"pa_klicni-gumb-mehanski-z-osvetlitvijo-ozadja","11":"pa_kot-gledanja-140-stopinj","12":"pa_locljivost-kamere-2mp-ahd-1mp-ahd-960tvl-cvbs","13":"pa_material-ohisja-brusen-aluminij","14":"pa_model-mb-06crhd","15":"pa_poraba-12-v-iz-zunanjega-napajalnika-do-4-w","16":"pa_vrsta-kljucavnice-mehanska-ali-magnetna","17":"pa_vrsta-nemstitve-nadometna-montaza","18":"pa_znamka-slinex","20":"first","21":"instock","22":"sale","23":"taxable","24":"shipping-taxable","25":"purchasable","26":"product-type-simple"},"acf":[],"_links":{"self":[{"href":"https:\/\/renovatus.si\/de\/wp-json\/wp\/v2\/product\/22384","targetHints":{"allow":["GET"]}}],"collection":[{"href":"https:\/\/renovatus.si\/de\/wp-json\/wp\/v2\/product"}],"about":[{"href":"https:\/\/renovatus.si\/de\/wp-json\/wp\/v2\/types\/product"}],"replies":[{"embeddable":true,"href":"https:\/\/renovatus.si\/de\/wp-json\/wp\/v2\/comments?post=22384"}],"wp:featuredmedia":[{"embeddable":true,"href":"https:\/\/renovatus.si\/de\/wp-json\/wp\/v2\/media\/22385"}],"wp:attachment":[{"href":"https:\/\/renovatus.si\/de\/wp-json\/wp\/v2\/media?parent=22384"}],"wp:term":[{"taxonomy":"product_brand","embeddable":true,"href":"https:\/\/renovatus.si\/de\/wp-json\/wp\/v2\/product_brand?post=22384"},{"taxonomy":"product_cat","embeddable":true,"href":"https:\/\/renovatus.si\/de\/wp-json\/wp\/v2\/product_cat?post=22384"},{"taxonomy":"product_tag","embeddable":true,"href":"https:\/\/renovatus.si\/de\/wp-json\/wp\/v2\/product_tag?post=22384"}],"curies":[{"name":"wp","href":"https:\/\/api.w.org\/{rel}","templated":true}]}}