{"id":22413,"date":"2025-11-20T13:35:55","date_gmt":"2025-11-20T12:35:55","guid":{"rendered":"https:\/\/renovatus.si\/izdelek\/slinex-ml-17hd-ml-17hd\/"},"modified":"2026-01-19T13:52:09","modified_gmt":"2026-01-19T12:52:09","slug":"zunanja-enota-domofona-ml-17hd","status":"publish","type":"product","link":"https:\/\/renovatus.si\/de\/product\/zunanja-enota-domofona-ml-17hd\/","title":{"rendered":"Zunanja enota domofona ML-17HD \u2013 Varnost in enostaven nadzor"},"content":{"rendered":"<p data-start=\"753\" data-end=\"1172\"><strong data-start=\"753\" data-end=\"787\">Zunanja enota domofona ML-17HD<\/strong> je sodobna in zanesljiva re\u0161itev za varen nadzor dostopa v va\u0161 dom ali poslovni prostor. Ta zunanja enota omogo\u010da jasen prikaz obiskovalcev, kakovostno zvo\u010dno komunikacijo in preprosto upravljanje vhodov. Zunanja enota domofona ML-17HD je izdelana iz robustnih in vremensko odpornih materialov, kar zagotavlja dolgo \u017eivljenjsko dobo in zanesljivo delovanje tudi v zahtevnih pogojih.<\/p>\n<p data-start=\"1174\" data-end=\"1463\">Namestitev enote je hitra in preprosta, naprava pa se brez te\u017eav pove\u017ee z obstoje\u010dimi domofonskimi sistemi. Zunanja enota domofona ML-17HD omogo\u010da integracijo z drugimi varnostnimi sistemi, kot so alarmi ali video nadzor, kar omogo\u010da celovito za\u0161\u010dito va\u0161ega doma ali poslovnega prostora.<\/p>\n<p data-start=\"1465\" data-end=\"1872\">Ta enota je primerna tako za stanovanjske kot poslovne objekte, kjer je varnost klju\u010dnega pomena. Uporabniki bodo imeli hiter in priro\u010den dostop brez uporabe fizi\u010dnih klju\u010dev, medtem ko lastniki objekta ohranijo popoln nadzor nad vhodom. Zunanja enota domofona ML-17HD zdru\u017euje funkcionalnost, sodoben dizajn in napredno tehnologijo, kar pove\u010duje udobje, varnost in uporabni\u0161ko izku\u0161njo v vsakem prostoru.<\/p>","protected":false},"excerpt":{"rendered":"<p>Napredna zunanja enota ML-17HD z HD kamero, osvetlitvijo in odporno aluminijasto konstrukcijo.<\/p>","protected":false},"featured_media":22414,"comment_status":"open","ping_status":"closed","template":"","meta":{"_acf_changed":false},"product_brand":[3563],"product_cat":[3552],"product_tag":[],"class_list":{"0":"post-22413","1":"product","2":"type-product","3":"status-publish","4":"has-post-thumbnail","6":"product_brand-slinex","7":"product_cat-domofoni","8":"pa_barva-crna","9":"pa_dimenzija-48-x-133-x-21-mm","10":"pa_klicni-gumb-mehanski-z-osvetlitvijo-ozadja","11":"pa_kot-gledanja-130-stopinj","12":"pa_locljivost-kamere-ahd-h-ahd-m-960tvl","13":"pa_material-ohisja-trpezna-kovinska-zlitina","14":"pa_model-ml-17hd","15":"pa_poraba-12-v-iz-zunanjega-napajalnika-do-25-w","16":"pa_vrsta-nemstitve-nadometna-montaza","17":"pa_znamka-slinex","19":"first","20":"instock","21":"sale","22":"taxable","23":"shipping-taxable","24":"purchasable","25":"product-type-simple"},"acf":[],"_links":{"self":[{"href":"https:\/\/renovatus.si\/de\/wp-json\/wp\/v2\/product\/22413","targetHints":{"allow":["GET"]}}],"collection":[{"href":"https:\/\/renovatus.si\/de\/wp-json\/wp\/v2\/product"}],"about":[{"href":"https:\/\/renovatus.si\/de\/wp-json\/wp\/v2\/types\/product"}],"replies":[{"embeddable":true,"href":"https:\/\/renovatus.si\/de\/wp-json\/wp\/v2\/comments?post=22413"}],"wp:featuredmedia":[{"embeddable":true,"href":"https:\/\/renovatus.si\/de\/wp-json\/wp\/v2\/media\/22414"}],"wp:attachment":[{"href":"https:\/\/renovatus.si\/de\/wp-json\/wp\/v2\/media?parent=22413"}],"wp:term":[{"taxonomy":"product_brand","embeddable":true,"href":"https:\/\/renovatus.si\/de\/wp-json\/wp\/v2\/product_brand?post=22413"},{"taxonomy":"product_cat","embeddable":true,"href":"https:\/\/renovatus.si\/de\/wp-json\/wp\/v2\/product_cat?post=22413"},{"taxonomy":"product_tag","embeddable":true,"href":"https:\/\/renovatus.si\/de\/wp-json\/wp\/v2\/product_tag?post=22413"}],"curies":[{"name":"wp","href":"https:\/\/api.w.org\/{rel}","templated":true}]}}