{"id":22417,"date":"2025-11-20T13:35:55","date_gmt":"2025-11-20T12:35:55","guid":{"rendered":"https:\/\/renovatus.si\/izdelek\/slinex-ml-20hd-zlatacrna-ml-20hd-zlatacrna\/"},"modified":"2026-01-19T13:53:33","modified_gmt":"2026-01-19T12:53:33","slug":"zunanja-enota-domofona-ml-20hd","status":"publish","type":"product","link":"https:\/\/renovatus.si\/de\/product\/zunanja-enota-domofona-ml-20hd\/","title":{"rendered":"Zunanja enota domofona ML-20HD \u2013 Varnost in zanesljivost"},"content":{"rendered":"<p data-start=\"748\" data-end=\"1161\"><strong data-start=\"748\" data-end=\"782\">Zunanja enota domofona ML-20HD<\/strong> je sodobna in zanesljiva re\u0161itev za varen nadzor dostopa v va\u0161 dom ali poslovni prostor. Ta zunanja enota omogo\u010da jasen prikaz obiskovalcev, kakovostno zvo\u010dno komunikacijo in preprost nadzor vhodov. Zunanja enota domofona ML-20HD je izdelana iz kakovostnih, vremensko odpornih materialov, kar zagotavlja dolgo \u017eivljenjsko dobo in zanesljivo delovanje tudi v zahtevnih pogojih.<\/p>\n<p data-start=\"1163\" data-end=\"1462\">Namestitev enote je hitra in preprosta, naprava pa se brez te\u017eav pove\u017ee z obstoje\u010dimi domofonskimi sistemi. Zunanja enota domofona ML-20HD omogo\u010da tudi integracijo z dodatnimi varnostnimi sistemi, kot so alarmi ali video nadzor, kar zagotavlja celovito za\u0161\u010dito va\u0161ega doma ali poslovnega prostora.<\/p>\n<p data-start=\"1464\" data-end=\"1871\">Ta enota je primerna tako za stanovanjske kot poslovne objekte, kjer je varnost klju\u010dnega pomena. Uporabniki bodo imeli hiter in priro\u010den dostop brez uporabe fizi\u010dnih klju\u010dev, medtem ko lastniki objekta ohranijo popoln nadzor nad vhodom. Zunanja enota domofona ML-20HD zdru\u017euje funkcionalnost, sodoben dizajn in napredno tehnologijo, kar pove\u010duje udobje, varnost in uporabni\u0161ko izku\u0161njo v vsakem prostoru.<\/p>","protected":false},"excerpt":{"rendered":"<p>Profesionalna zunanja enota ML-20HD z vrhunsko sliko in pove\u010dano odpornostjo. Primerna za vse tipe objektov.<\/p>","protected":false},"featured_media":22418,"comment_status":"open","ping_status":"closed","template":"","meta":{"_acf_changed":false},"product_brand":[3563],"product_cat":[3552],"product_tag":[],"class_list":{"0":"post-22417","1":"product","2":"type-product","3":"status-publish","4":"has-post-thumbnail","6":"product_brand-slinex","7":"product_cat-domofoni","8":"pa_barva-zlato-crna","9":"pa_dimenzija-45-x-130-x-24-mm","10":"pa_kot-gledanja-115-stopinj","11":"pa_locljivost-kamere-2mp-imp-960tvl","12":"pa_material-ohisja-kovinska-zlitina-steklo-akril","13":"pa_model-ml-20hd-zlatacrna","14":"pa_poraba-12-v-iz-zunanjega-napajalnika-do-25-w","15":"pa_vrsta-nemstitve-nadometna-montaza","16":"pa_znamka-slinex","18":"first","19":"instock","20":"sale","21":"taxable","22":"shipping-taxable","23":"purchasable","24":"product-type-simple"},"acf":[],"_links":{"self":[{"href":"https:\/\/renovatus.si\/de\/wp-json\/wp\/v2\/product\/22417","targetHints":{"allow":["GET"]}}],"collection":[{"href":"https:\/\/renovatus.si\/de\/wp-json\/wp\/v2\/product"}],"about":[{"href":"https:\/\/renovatus.si\/de\/wp-json\/wp\/v2\/types\/product"}],"replies":[{"embeddable":true,"href":"https:\/\/renovatus.si\/de\/wp-json\/wp\/v2\/comments?post=22417"}],"wp:featuredmedia":[{"embeddable":true,"href":"https:\/\/renovatus.si\/de\/wp-json\/wp\/v2\/media\/22418"}],"wp:attachment":[{"href":"https:\/\/renovatus.si\/de\/wp-json\/wp\/v2\/media?parent=22417"}],"wp:term":[{"taxonomy":"product_brand","embeddable":true,"href":"https:\/\/renovatus.si\/de\/wp-json\/wp\/v2\/product_brand?post=22417"},{"taxonomy":"product_cat","embeddable":true,"href":"https:\/\/renovatus.si\/de\/wp-json\/wp\/v2\/product_cat?post=22417"},{"taxonomy":"product_tag","embeddable":true,"href":"https:\/\/renovatus.si\/de\/wp-json\/wp\/v2\/product_tag?post=22417"}],"curies":[{"name":"wp","href":"https:\/\/api.w.org\/{rel}","templated":true}]}}