{"id":22441,"date":"2025-11-20T13:36:24","date_gmt":"2025-11-20T12:36:24","guid":{"rendered":"https:\/\/renovatus.si\/izdelek\/slinex-setml-20hdsbsq-07mthdbela-setml-20hdsbsq-07mthdbela\/"},"modified":"2026-01-19T12:57:05","modified_gmt":"2026-01-19T11:57:05","slug":"komplet-zunanja-enota-interkoma-in-notranja-enota-7","status":"publish","type":"product","link":"https:\/\/renovatus.si\/de\/product\/komplet-zunanja-enota-interkoma-in-notranja-enota-7\/","title":{"rendered":"Komplet zunanja enota interkoma in notranja enota 7 \u2013 video komplet"},"content":{"rendered":"<p data-start=\"850\" data-end=\"1293\"><strong data-start=\"850\" data-end=\"905\">Komplet zunanja enota interkoma in notranja enota 7<\/strong> je popolna re\u0161itev za vsak dom, ki potrebuje zanesljivo komunikacijo med vhodom in notranjostjo objekta. Komplet vklju\u010duje kakovostno zunanjo enoto interkoma ter pregledno 7-pal\u010dno notranjo enoto, ki uporabniku omogo\u010da jasen prikaz slike in enostavno uporabo. Ta sistem je idealen za hi\u0161e, stanovanja, poslovne prostore in vse objekte, kjer sta varnost ter nadzor vhoda izjemnega pomena.<\/p>\n<p data-start=\"1295\" data-end=\"1722\">Zunanja enota v kompletu je robustno zasnovana, odporna na vremenske vplive in opremljena s kakovostnim mikrofonom ter kamero, ki omogo\u010data jasno komunikacijo in stabilen videoprenos. Notranja enota z 7-pal\u010dnim zaslonom ponuja intuitiven meni, pregledne funkcije ter udobno upravljanje elektronske klju\u010davnice, nastavitev zvoka, svetlosti in drugih parametrov. Zaradi svoje preglednosti je primerna tudi za starej\u0161e uporabnike.<\/p>\n<p data-start=\"1724\" data-end=\"2041\">Ta <strong data-start=\"1727\" data-end=\"1782\">komplet zunanja enota interkoma in notranja enota 7<\/strong> omogo\u010da hitro namestitev, enostavno upravljanje in zanesljivo delovanje. Povezava med enotama je stabilna, kar zagotavlja varno uporabo in brezhibno komunikacijo. Sistem se lahko uporablja kot primarni domofon ali nadomesti stare, zastarele interkom naprave.<\/p>\n<p data-start=\"2043\" data-end=\"2386\">Estetska zasnova notranje enote se odli\u010dno ujema z modernimi interierji, medtem ko zunanja enota dopolnjuje profesionalni videz vhoda. Zaradi svoje funkcionalnosti, preglednosti in kakovosti je <strong data-start=\"2237\" data-end=\"2292\">komplet zunanja enota interkoma in notranja enota 7<\/strong> ena najbolj\u0161ih izbir za vse, ki i\u0161\u010dejo cenovno dostopen, a izjemno u\u010dinkovit interkom sistem.<\/p>","protected":false},"excerpt":{"rendered":"<p>Interkom komplet s 7-pal\u010dnim notranjim zaslonom, primeren za domove, pisarne in ve\u010dstanovanjske objekte.<\/p>","protected":false},"featured_media":22442,"comment_status":"open","ping_status":"closed","template":"","meta":{"_acf_changed":false},"product_brand":[3563],"product_cat":[3552],"product_tag":[],"class_list":{"0":"post-22441","1":"product","2":"type-product","3":"status-publish","4":"has-post-thumbnail","6":"product_brand-slinex","7":"product_cat-domofoni","8":"pa_barva-bela","9":"pa_dimenzija-193-x-127-x-20-mm-45-x-130-x-24-mm","10":"pa_kot-gledanja-115-stopinj","11":"pa_locljivost-kamere-2mp-imp-960tvl","12":"pa_material-ohisja-kovinska-zlitina-steklo-akril","13":"pa_model-setml-20hdsbsq-07mthdbela","14":"pa_poraba-12-v-iz-zunanjega-napajalnika-do-25-w-7-w-v-nacinu-delovanja-3-w-v-stanju-pripravljenosti","15":"pa_sd-kartica-do-64-gb","16":"pa_vrsta-nemstitve-povrsinska-montaza","17":"pa_zaslon-7-barvni-ips-169","18":"pa_znamka-slinex","20":"first","21":"instock","22":"sale","23":"taxable","24":"shipping-taxable","25":"purchasable","26":"product-type-simple"},"acf":[],"_links":{"self":[{"href":"https:\/\/renovatus.si\/de\/wp-json\/wp\/v2\/product\/22441","targetHints":{"allow":["GET"]}}],"collection":[{"href":"https:\/\/renovatus.si\/de\/wp-json\/wp\/v2\/product"}],"about":[{"href":"https:\/\/renovatus.si\/de\/wp-json\/wp\/v2\/types\/product"}],"replies":[{"embeddable":true,"href":"https:\/\/renovatus.si\/de\/wp-json\/wp\/v2\/comments?post=22441"}],"wp:featuredmedia":[{"embeddable":true,"href":"https:\/\/renovatus.si\/de\/wp-json\/wp\/v2\/media\/22442"}],"wp:attachment":[{"href":"https:\/\/renovatus.si\/de\/wp-json\/wp\/v2\/media?parent=22441"}],"wp:term":[{"taxonomy":"product_brand","embeddable":true,"href":"https:\/\/renovatus.si\/de\/wp-json\/wp\/v2\/product_brand?post=22441"},{"taxonomy":"product_cat","embeddable":true,"href":"https:\/\/renovatus.si\/de\/wp-json\/wp\/v2\/product_cat?post=22441"},{"taxonomy":"product_tag","embeddable":true,"href":"https:\/\/renovatus.si\/de\/wp-json\/wp\/v2\/product_tag?post=22441"}],"curies":[{"name":"wp","href":"https:\/\/api.w.org\/{rel}","templated":true}]}}