{"id":22446,"date":"2025-11-20T13:36:24","date_gmt":"2025-11-20T12:36:24","guid":{"rendered":"https:\/\/renovatus.si\/izdelek\/slinex-sq-04m-crna-sq-04m-crna\/"},"modified":"2026-01-19T13:26:59","modified_gmt":"2026-01-19T12:26:59","slug":"notranja-enota-domofona-sq-04m","status":"publish","type":"product","link":"https:\/\/renovatus.si\/de\/product\/notranja-enota-domofona-sq-04m\/","title":{"rendered":"Notranja enota domofona SQ-04M \u2013 moderna video enota"},"content":{"rendered":"<p data-start=\"733\" data-end=\"1189\"><strong data-start=\"733\" data-end=\"767\">Notranja enota domofona SQ-04M<\/strong> je napredna notranja video enota, zasnovana za uporabnike, ki \u017eelijo ve\u010djo preglednost, enostavno upravljanje in zanesljivo komunikacijo na vhodu. Ta moderna enota se popolnoma prilagodi sodobnim domovom in stanovanjskim objektom, saj zdru\u017euje estetiko, funkcionalnost in izjemno uporabnost. Zaradi kompaktne in elegantne zasnove se notranja enota domofona SQ-04M lepo ujema z vsakim interierjem, ne glede na stil opreme.<\/p>\n<p data-start=\"1191\" data-end=\"1602\">Zaslon enote je svetel, pregleden in omogo\u010da jasen prikaz slike obiskovalcev. Upravljanje je izjemno intuitivno, saj so vse osnovne funkcije, kot so sprejem klica, komunikacija, nadzor zunanje enote in upravljanje elektri\u010dne klju\u010davnice, dostopne z le nekaj dotiki. Zaradi izbolj\u0161anih funkcij ter sodobne zasnove notranja enota domofona SQ-04M nudi stabilno delovanje, hitro odzivnost in brezhibno komunikacijo.<\/p>\n<p data-start=\"1604\" data-end=\"1885\">Monta\u017ea enote je preprosta in primerna tako za novogradnje kot za nadgradnjo obstoje\u010dih domofonskih sistemov. Sistem omogo\u010da izbolj\u0161ano preglednost dogajanja pred vhodom ter vi\u0161jo raven varnosti, kar je \u0161e posebej pomembno za dru\u017eine, ve\u010dstanovanjske objekte ali poslovne prostore.<\/p>\n<p data-start=\"1887\" data-end=\"2240\">Uporabniki cenijo tudi trajnost, kakovost izdelave in minimalno vzdr\u017eevanje, saj je notranja enota domofona SQ-04M zasnovana za dolgotrajno uporabo. Zaradi kombinacije estetske dovr\u0161enosti, naprednih funkcij in enostavne uporabe je <strong data-start=\"2119\" data-end=\"2153\">notranja enota domofona SQ-04M<\/strong> odli\u010dna izbira za vsak objekt, ki \u017eeli izbolj\u0161ati nadzor in varnost vhodnega prostora.<\/p>","protected":false},"excerpt":{"rendered":"<p>Model SQ-04M prina\u0161a modernej\u0161i dizajn in izbolj\u0161ane funkcije za udobno upravljanje domofona.<\/p>","protected":false},"featured_media":22447,"comment_status":"open","ping_status":"closed","template":"","meta":{"_acf_changed":false},"product_brand":[3563],"product_cat":[3552],"product_tag":[],"class_list":{"0":"post-22446","1":"product","2":"type-product","3":"status-publish","4":"has-post-thumbnail","6":"product_brand-slinex","7":"product_cat-domofoni","8":"pa_barva-crna","9":"pa_dimenzija-119-x-175-x-21-mm","10":"pa_model-sq-04m-crna","11":"pa_poraba-do-6-w","12":"pa_sd-kartica-do-32-gb","13":"pa_vrsta-nemstitve-nadometna-montaza","14":"pa_zaslon-43-palcni-barvni-tft-zaslon-razmerje-stranic-169","15":"pa_znamka-slinex","17":"first","18":"instock","19":"sale","20":"taxable","21":"shipping-taxable","22":"purchasable","23":"product-type-simple"},"acf":[],"_links":{"self":[{"href":"https:\/\/renovatus.si\/de\/wp-json\/wp\/v2\/product\/22446","targetHints":{"allow":["GET"]}}],"collection":[{"href":"https:\/\/renovatus.si\/de\/wp-json\/wp\/v2\/product"}],"about":[{"href":"https:\/\/renovatus.si\/de\/wp-json\/wp\/v2\/types\/product"}],"replies":[{"embeddable":true,"href":"https:\/\/renovatus.si\/de\/wp-json\/wp\/v2\/comments?post=22446"}],"wp:featuredmedia":[{"embeddable":true,"href":"https:\/\/renovatus.si\/de\/wp-json\/wp\/v2\/media\/22447"}],"wp:attachment":[{"href":"https:\/\/renovatus.si\/de\/wp-json\/wp\/v2\/media?parent=22446"}],"wp:term":[{"taxonomy":"product_brand","embeddable":true,"href":"https:\/\/renovatus.si\/de\/wp-json\/wp\/v2\/product_brand?post=22446"},{"taxonomy":"product_cat","embeddable":true,"href":"https:\/\/renovatus.si\/de\/wp-json\/wp\/v2\/product_cat?post=22446"},{"taxonomy":"product_tag","embeddable":true,"href":"https:\/\/renovatus.si\/de\/wp-json\/wp\/v2\/product_tag?post=22446"}],"curies":[{"name":"wp","href":"https:\/\/api.w.org\/{rel}","templated":true}]}}