{"id":22519,"date":"2025-12-01T11:59:36","date_gmt":"2025-12-01T10:59:36","guid":{"rendered":"https:\/\/renovatus.si\/izdelek\/ls-tm-t12-rfid-ls-tm-t12-rfid\/"},"modified":"2025-12-01T12:32:01","modified_gmt":"2025-12-01T11:32:01","slug":"kontrola-dostopa-ls-tm-t12-rfid","status":"publish","type":"product","link":"https:\/\/renovatus.si\/de\/product\/kontrola-dostopa-ls-tm-t12-rfid\/","title":{"rendered":"Kontrola dostopa LS-TM-T12-RFID \u2013 RFID sistem za varen nadzor vhodov"},"content":{"rendered":"<p>LS-TM-T12-RFID je napreden in zanesljiv RFID sistem za nadzor dostopa, zasnovan za varno, hitro in enostavno upravljanje vstopa v razli\u010dne objekte. Gre za idealno re\u0161itev za pisarne, stanovanja, poslovne prostore, \u0161ole, industrijske objekte, ter vse druge prostore, kjer je potrebno u\u010dinkovito spremljanje in omejevanje dostopa. Zahvaljujo\u010d sodobni RFID tehnologiji omogo\u010da sistem natan\u010dno prepoznavanje kartic, klju\u010dkov ali oznak, kar zagotavlja visok nivo varnosti in prepre\u010duje nepoobla\u0161\u010den vstop. Naprava LS-TM-T12-RFID omogo\u010da preprosto programiranje, hitro dodajanje ali odstranjevanje uporabnikov ter shranjevanje podatkov o dostopih. Zaradi intuitivnega delovanja je primerna za vsakogar, brez potrebe po zapletenih nastavitvah ali dodatni opremi. Sistem je oblikovan z mislijo na profesionalno uporabo, zato zagotavlja stabilno delovanje, zanesljivo identifikacijo in dolgo \u017eivljenjsko dobo. Sodobna in elegantna zasnova se brez te\u017eav prilega razli\u010dnim notranjim stilom, robustna konstrukcija ter kakovostni materiali pa \u0161\u010ditijo napravo pred obrabo in mehanskimi po\u0161kodbami. LS-TM-T12-RFID tako predstavlja odli\u010dno kombinacijo varnosti, funkcionalnosti in estetske dovr\u0161enosti, kar ga postavlja med najbolj priljubljene re\u0161itve za nadzor dostopa v svojem razredu. Ta sistem je odli\u010dna izbira za vse, ki potrebujejo zanesljivo, enostavno in sodobno re\u0161itev za celovit nadzor dostopa v svojem prostoru<\/p>","protected":false},"excerpt":{"rendered":"<p>LS-TM-T12-RFID je napreden in zanesljiv RFID sistem za nadzor dostopa, zasnovan za varno, hitro in enostavno upravljanje vstopa v razli\u010dne objekte.<\/p>","protected":false},"featured_media":22520,"comment_status":"open","ping_status":"closed","template":"","meta":{"_acf_changed":false},"product_brand":[],"product_cat":[3656],"product_tag":[],"class_list":{"0":"post-22519","1":"product","2":"type-product","3":"status-publish","4":"has-post-thumbnail","6":"product_cat-pametne_kljucavnice","7":"pa_dimenzija-3659","8":"pa_model-ls-tm-t12-rfid","9":"pa_vrsta-kljucavnice-kartica-knjiga-kod","10":"pa_zascita-ip68","12":"first","13":"instock","14":"taxable","15":"shipping-taxable","16":"purchasable","17":"product-type-simple"},"acf":[],"_links":{"self":[{"href":"https:\/\/renovatus.si\/de\/wp-json\/wp\/v2\/product\/22519","targetHints":{"allow":["GET"]}}],"collection":[{"href":"https:\/\/renovatus.si\/de\/wp-json\/wp\/v2\/product"}],"about":[{"href":"https:\/\/renovatus.si\/de\/wp-json\/wp\/v2\/types\/product"}],"replies":[{"embeddable":true,"href":"https:\/\/renovatus.si\/de\/wp-json\/wp\/v2\/comments?post=22519"}],"wp:featuredmedia":[{"embeddable":true,"href":"https:\/\/renovatus.si\/de\/wp-json\/wp\/v2\/media\/22520"}],"wp:attachment":[{"href":"https:\/\/renovatus.si\/de\/wp-json\/wp\/v2\/media?parent=22519"}],"wp:term":[{"taxonomy":"product_brand","embeddable":true,"href":"https:\/\/renovatus.si\/de\/wp-json\/wp\/v2\/product_brand?post=22519"},{"taxonomy":"product_cat","embeddable":true,"href":"https:\/\/renovatus.si\/de\/wp-json\/wp\/v2\/product_cat?post=22519"},{"taxonomy":"product_tag","embeddable":true,"href":"https:\/\/renovatus.si\/de\/wp-json\/wp\/v2\/product_tag?post=22519"}],"curies":[{"name":"wp","href":"https:\/\/api.w.org\/{rel}","templated":true}]}}