{"id":22539,"date":"2025-12-01T11:59:36","date_gmt":"2025-12-01T10:59:36","guid":{"rendered":"https:\/\/renovatus.si\/izdelek\/ls-tm-tds10-tuyarfid-ls-tm-tds10-tuyarfid\/"},"modified":"2025-12-01T12:38:29","modified_gmt":"2025-12-01T11:38:29","slug":"kontrola-dostopa-ls-tm-tds10-tuya-rfid","status":"publish","type":"product","link":"https:\/\/renovatus.si\/de\/product\/kontrola-dostopa-ls-tm-tds10-tuya-rfid\/","title":{"rendered":"Kontrola dostopa LS-TM-TDS10-TUYA+RFID \u2013 Pametni nadzor vhodov z Tuya in RFID"},"content":{"rendered":"<p>LS-TM-TDS10-TUYA+RFID je napreden in izjemno zanesljiv sistem za nadzor dostopa, ki zdru\u017euje preverjeno RFID tehnologijo z moderno platformo TUYA IoT, kar omogo\u010da popoln brez\u017ei\u010dni nadzor in upravljanje prek mobilne aplikacije. Ta inovativna re\u0161itev je idealna za stanovanjske stavbe, pisarne, hotele, \u0161ole, poslovne objekte ter vse prostore, kjer sta klju\u010dnega pomena visoka stopnja varnosti in fleksibilno upravljanje dostopa. Sistem omogo\u010da hitro, natan\u010dno in varno prepoznavanje RFID kartic ali obeskov, kar zagotavlja zanesljivo avtentikacijo uporabnikov. Integracija z aplikacijo TUYA Smart prina\u0161a popoln nadzor v realnem \u010dasu \u2013 od dodajanja ali odstranjevanja uporabnikov, spremljanja zgodovine dostopov do oddaljenega upravljanja naprave. Vse funkcije so dostopne prek telefona, kar zagotavlja maksimalno udobje in pregled nad varnostjo objekta. Robustna zasnova naprave ter kakovostni materiali omogo\u010dajo dolgotrajno delovanje tudi v zahtevnih okoljih. Sodobna oblika pa poskrbi, da se sistem estetsko prilega razli\u010dnim arhitekturnim stilom, tako v zasebnih kot profesionalnih prostorih. LS-TM-TDS10-TUYA+RFID zdru\u017euje varnost, funkcionalnost in enostavnost uporabe, zato predstavlja popolno re\u0161itev za tiste, ki potrebujejo inteligenten in prilagodljiv sistem za nadzor dostopa z mo\u017enostjo oddaljenega upravljanja<\/p>","protected":false},"excerpt":{"rendered":"<p>LS-TM-TDS10-TUYA+RFID je napreden in izjemno zanesljiv sistem za nadzor dostopa, ki zdru\u017euje preverjeno RFID tehnologijo z moderno platformo TUYA IoT, kar omogo\u010da popoln brez\u017ei\u010dni nadzor in upravljanje prek mobilne aplikacije.<\/p>","protected":false},"featured_media":22540,"comment_status":"open","ping_status":"closed","template":"","meta":{"_acf_changed":false},"product_brand":[],"product_cat":[3656],"product_tag":[],"class_list":{"0":"post-22539","1":"product","2":"type-product","3":"status-publish","4":"has-post-thumbnail","6":"product_cat-pametne_kljucavnice","7":"pa_material-ohisja-kovina","8":"pa_model-ls-tm-tds10-tuyarfid","9":"pa_napajanje-12v-dc","10":"pa_vrsta-kljucavnice-aplikacija-kartica-kodna-knjiga","11":"pa_zascita-ip68","13":"first","14":"instock","15":"taxable","16":"shipping-taxable","17":"purchasable","18":"product-type-simple"},"acf":[],"_links":{"self":[{"href":"https:\/\/renovatus.si\/de\/wp-json\/wp\/v2\/product\/22539","targetHints":{"allow":["GET"]}}],"collection":[{"href":"https:\/\/renovatus.si\/de\/wp-json\/wp\/v2\/product"}],"about":[{"href":"https:\/\/renovatus.si\/de\/wp-json\/wp\/v2\/types\/product"}],"replies":[{"embeddable":true,"href":"https:\/\/renovatus.si\/de\/wp-json\/wp\/v2\/comments?post=22539"}],"wp:featuredmedia":[{"embeddable":true,"href":"https:\/\/renovatus.si\/de\/wp-json\/wp\/v2\/media\/22540"}],"wp:attachment":[{"href":"https:\/\/renovatus.si\/de\/wp-json\/wp\/v2\/media?parent=22539"}],"wp:term":[{"taxonomy":"product_brand","embeddable":true,"href":"https:\/\/renovatus.si\/de\/wp-json\/wp\/v2\/product_brand?post=22539"},{"taxonomy":"product_cat","embeddable":true,"href":"https:\/\/renovatus.si\/de\/wp-json\/wp\/v2\/product_cat?post=22539"},{"taxonomy":"product_tag","embeddable":true,"href":"https:\/\/renovatus.si\/de\/wp-json\/wp\/v2\/product_tag?post=22539"}],"curies":[{"name":"wp","href":"https:\/\/api.w.org\/{rel}","templated":true}]}}