{"id":22543,"date":"2025-12-01T11:59:57","date_gmt":"2025-12-01T10:59:57","guid":{"rendered":"https:\/\/renovatus.si\/izdelek\/ls-tm-tds19-rfid-ls-tm-tds19-rfid\/"},"modified":"2025-12-01T12:23:29","modified_gmt":"2025-12-01T11:23:29","slug":"kontrola-dostopa-ls-tm-tds19-rfid","status":"publish","type":"product","link":"https:\/\/renovatus.si\/de\/product\/kontrola-dostopa-ls-tm-tds19-rfid\/","title":{"rendered":"Kontrola dostopa LS-TM-TDS19-RFID \u2013 RFID sistem za varen vhod"},"content":{"rendered":"<p>LS-TM-TDS19-RFID je napreden in profesionalen sistem za nadzor dostopa, zasnovan za hitro, varno in zanesljivo upravljanje vstopa v razli\u010dne vrste objektov. Uporablja preverjeno RFID tehnologijo, ki omogo\u010da u\u010dinkovito in natan\u010dno identifikacijo uporabnikov, zato je idealna re\u0161itev za pisarne, stanovanjske stavbe, \u0161ole, hotele, industrijske in poslovne prostore, kjer je pomembno zagotavljati visoko stopnjo varnosti ter natan\u010dno evidenco dostopov. Naprava omogo\u010da hitro prepoznavanje RFID kartic, obeskov ali oznak, kar poskrbi za nemoten pretok uporabnikov in zmanj\u0161anje mo\u017enosti nepoobla\u0161\u010denega dostopa. Upravljanje sistema je zelo enostavno \u2013 administrator lahko dodaja ali odstranjuje uporabnike, spremlja zgodovino dostopov ter upravlja nastavitve s pomo\u010djo preglednega in intuitivnega vmesnika. To omogo\u010da popoln nadzor nad varnostjo prostora brez potrebe po zapletenih konfiguracijah. Robustna in kakovostna konstrukcija zagotavlja dolgotrajno odpornost, tudi v bolj zahtevnih okoljih, medtem ko moderna in elegantna zasnova omogo\u010da, da se naprava estetsko poda v vsak prostor. LS-TM-TDS19-RFID zdru\u017euje zanesljivost, uporabnost in napredne funkcije, zato predstavlja idealno izbiro za vse, ki i\u0161\u010dejo profesionalen sistem za nadzor dostopa z visoko stopnjo varnosti in u\u010dinkovitim upravljanjem.<\/p>","protected":false},"excerpt":{"rendered":"<p>LS-TM-TDS19-RFID je napreden in profesionalen sistem za nadzor dostopa, zasnovan za hitro, varno in zanesljivo upravljanje vstopa v razli\u010dne vrste objektov.<\/p>","protected":false},"featured_media":22544,"comment_status":"open","ping_status":"closed","template":"","meta":{"_acf_changed":false},"product_brand":[],"product_cat":[3656],"product_tag":[],"class_list":{"0":"post-22543","1":"product","2":"type-product","3":"status-publish","4":"has-post-thumbnail","6":"product_cat-pametne_kljucavnice","7":"pa_material-ohisja-kovina","8":"pa_model-ls-tm-tds19-rfid","9":"pa_napajanje-12v-dc","10":"pa_vrsta-kljucavnice-kartica-knjiga-kod","11":"pa_zascita-ip68","13":"first","14":"instock","15":"taxable","16":"shipping-taxable","17":"purchasable","18":"product-type-simple"},"acf":[],"_links":{"self":[{"href":"https:\/\/renovatus.si\/de\/wp-json\/wp\/v2\/product\/22543","targetHints":{"allow":["GET"]}}],"collection":[{"href":"https:\/\/renovatus.si\/de\/wp-json\/wp\/v2\/product"}],"about":[{"href":"https:\/\/renovatus.si\/de\/wp-json\/wp\/v2\/types\/product"}],"replies":[{"embeddable":true,"href":"https:\/\/renovatus.si\/de\/wp-json\/wp\/v2\/comments?post=22543"}],"wp:featuredmedia":[{"embeddable":true,"href":"https:\/\/renovatus.si\/de\/wp-json\/wp\/v2\/media\/22544"}],"wp:attachment":[{"href":"https:\/\/renovatus.si\/de\/wp-json\/wp\/v2\/media?parent=22543"}],"wp:term":[{"taxonomy":"product_brand","embeddable":true,"href":"https:\/\/renovatus.si\/de\/wp-json\/wp\/v2\/product_brand?post=22543"},{"taxonomy":"product_cat","embeddable":true,"href":"https:\/\/renovatus.si\/de\/wp-json\/wp\/v2\/product_cat?post=22543"},{"taxonomy":"product_tag","embeddable":true,"href":"https:\/\/renovatus.si\/de\/wp-json\/wp\/v2\/product_tag?post=22543"}],"curies":[{"name":"wp","href":"https:\/\/api.w.org\/{rel}","templated":true}]}}