{"id":22920,"date":"2026-01-06T09:54:04","date_gmt":"2026-01-06T08:54:04","guid":{"rendered":"https:\/\/renovatus.si\/izdelek\/hp-nba14797\/"},"modified":"2026-03-05T15:59:56","modified_gmt":"2026-03-05T14:59:56","slug":"hp-elitebook-840-g6-i5-8gb-256gb-nvme-fhd-2","status":"publish","type":"product","link":"https:\/\/renovatus.si\/de\/product\/hp-elitebook-840-g6-i5-8gb-256gb-nvme-fhd-2\/","title":{"rendered":"HP EliteBook 840 G6 i5 8GB 256GB NVMe FHD prenosnik"},"content":{"rendered":"<p>HP EliteBook 840 G6 je zanesljiv poslovni prenosnik, namenjen uporabnikom, ki potrebujejo stabilno in varno delovno orodje za vsakodnevno pisarni\u0161ko delo, delo od doma ali na terenu. Opremljen je s procesorjem Intel Core i5 osme generacije, ki zagotavlja dovolj zmogljivosti za delo z dokumenti, preglednicami, spletnimi aplikacijami, ra\u010dunovodskimi programi in ve\u010dopravilnost. Hitri NVMe SSD omogo\u010da zelo hiter zagon sistema in programov, 8 GB pomnilnika pa zagotavlja teko\u010de delovanje pri obi\u010dajni poslovni rabi. 14-pal\u010dni Full HD zaslon nudi jasno sliko in udobno delo tudi ve\u010d ur zapored. Prenosnik ima robustno ohi\u0161je, kakovostno tipkovnico in zanesljivo izdelavo, zna\u010dilno za EliteBook serijo, ki je znana po dolgi \u017eivljenjski dobi. Vgrajena spletna kamera omogo\u010da nemotene videokonference. Odli\u010dna izbira za podjetja, \u0161tudente in vse, ki i\u0161\u010dejo preverjen in cenovno u\u010dinkovit poslovni prenosnik.<\/p>","protected":false},"excerpt":{"rendered":"<p>Zanesljiv poslovni prenosnik z i5 procesorjem, FHD zaslonom in hitrim NVMe SSD-jem. Idealen za pisarno in delo od doma.<\/p>","protected":false},"featured_media":22921,"comment_status":"open","ping_status":"closed","template":"","meta":{"_acf_changed":false},"product_brand":[253],"product_cat":[370,2899],"product_tag":[],"class_list":{"0":"post-22920","1":"product","2":"type-product","3":"status-publish","4":"has-post-thumbnail","6":"product_brand-hp","7":"product_cat-a_kakovost_obnovljeni_racunalniki","8":"product_cat-obnovljeni_racunalniki","9":"pa_diagonala-zaslona-3759","10":"pa_generacija-procesorja-intel-8-generacije","11":"pa_graficna-kartica-intel-uhd-graphics-620","12":"pa_os-windows11","13":"pa_podpora-windows11-da","14":"pa_resolucija-1920-x-1080","15":"pa_spletna-kamera-da","16":"pa_tip-diska-nvme-ssd","17":"pa_velikost-diska-256gb","18":"pa_znamka-hp","20":"first","21":"outofstock","22":"taxable","23":"shipping-taxable","24":"purchasable","25":"product-type-simple"},"acf":[],"_links":{"self":[{"href":"https:\/\/renovatus.si\/de\/wp-json\/wp\/v2\/product\/22920","targetHints":{"allow":["GET"]}}],"collection":[{"href":"https:\/\/renovatus.si\/de\/wp-json\/wp\/v2\/product"}],"about":[{"href":"https:\/\/renovatus.si\/de\/wp-json\/wp\/v2\/types\/product"}],"replies":[{"embeddable":true,"href":"https:\/\/renovatus.si\/de\/wp-json\/wp\/v2\/comments?post=22920"}],"wp:featuredmedia":[{"embeddable":true,"href":"https:\/\/renovatus.si\/de\/wp-json\/wp\/v2\/media\/22921"}],"wp:attachment":[{"href":"https:\/\/renovatus.si\/de\/wp-json\/wp\/v2\/media?parent=22920"}],"wp:term":[{"taxonomy":"product_brand","embeddable":true,"href":"https:\/\/renovatus.si\/de\/wp-json\/wp\/v2\/product_brand?post=22920"},{"taxonomy":"product_cat","embeddable":true,"href":"https:\/\/renovatus.si\/de\/wp-json\/wp\/v2\/product_cat?post=22920"},{"taxonomy":"product_tag","embeddable":true,"href":"https:\/\/renovatus.si\/de\/wp-json\/wp\/v2\/product_tag?post=22920"}],"curies":[{"name":"wp","href":"https:\/\/api.w.org\/{rel}","templated":true}]}}