{"id":22939,"date":"2026-01-06T09:54:15","date_gmt":"2026-01-06T08:54:15","guid":{"rendered":"https:\/\/renovatus.si\/izdelek\/hp-nba15699\/"},"modified":"2026-03-16T14:04:23","modified_gmt":"2026-03-16T13:04:23","slug":"hp-probook-450-g8-i5-8gb-256gb-nvme-fhd","status":"publish","type":"product","link":"https:\/\/renovatus.si\/de\/product\/hp-probook-450-g8-i5-8gb-256gb-nvme-fhd\/","title":{"rendered":"HP ProBook 450 G8 i5 8GB 256GB NVMe FHD"},"content":{"rendered":"<p>HP ProBook 450 G8 je sodoben poslovni prenosnik, namenjen uporabnikom, ki potrebujejo zanesljivo in u\u010dinkovito napravo za vsakodnevno delo v pisarni ali od doma. Procesor Intel Core i5 11. generacije zagotavlja zelo dobro zmogljivost pri delu z dokumenti, spletnimi aplikacijami, poslovno programsko opremo in ve\u010dopravilnosti. 8 GB delovnega pomnilnika omogo\u010da stabilno delovanje pri obi\u010dajni poslovni rabi, hiter NVMe SSD pa skrbi za hitro nalaganje sistema in programov. Velik 15-pal\u010dni Full HD zaslon nudi dovolj prostora za udobno delo in preglednost. ProBook serija je znana po dobrem razmerju med ceno in kakovostjo, solidni izdelavi ter zanesljivem delovanju, zato je ta model odli\u010dna izbira za podjetja in posameznike, ki i\u0161\u010dejo u\u010dinkovit poslovni prenosnik.<\/p>","protected":false},"excerpt":{"rendered":"<p>Sodoben poslovni prenosnik z i5 procesorjem, FHD zaslonom in hitro NVMe shrambo.<\/p>","protected":false},"featured_media":22940,"comment_status":"open","ping_status":"closed","template":"","meta":{"_acf_changed":false},"product_brand":[253],"product_cat":[370,2899],"product_tag":[],"class_list":{"0":"post-22939","1":"product","2":"type-product","3":"status-publish","4":"has-post-thumbnail","6":"product_brand-hp","7":"product_cat-a_kakovost_obnovljeni_racunalniki","8":"product_cat-obnovljeni_racunalniki","9":"pa_diagonala-zaslona-3762","10":"pa_generacija-procesorja-intel-11-generacije","11":"pa_graficna-kartica-intel-iris-xe-graphics","12":"pa_os-windows11","13":"pa_podpora-windows11-da","14":"pa_resolucija-1920-x-1080","15":"pa_spletna-kamera-da","16":"pa_tip-diska-nvme-ssd","17":"pa_velikost-diska-256gb","18":"pa_znamka-hp","20":"first","21":"outofstock","22":"sale","23":"taxable","24":"shipping-taxable","25":"purchasable","26":"product-type-simple"},"acf":[],"_links":{"self":[{"href":"https:\/\/renovatus.si\/de\/wp-json\/wp\/v2\/product\/22939","targetHints":{"allow":["GET"]}}],"collection":[{"href":"https:\/\/renovatus.si\/de\/wp-json\/wp\/v2\/product"}],"about":[{"href":"https:\/\/renovatus.si\/de\/wp-json\/wp\/v2\/types\/product"}],"replies":[{"embeddable":true,"href":"https:\/\/renovatus.si\/de\/wp-json\/wp\/v2\/comments?post=22939"}],"wp:featuredmedia":[{"embeddable":true,"href":"https:\/\/renovatus.si\/de\/wp-json\/wp\/v2\/media\/22940"}],"wp:attachment":[{"href":"https:\/\/renovatus.si\/de\/wp-json\/wp\/v2\/media?parent=22939"}],"wp:term":[{"taxonomy":"product_brand","embeddable":true,"href":"https:\/\/renovatus.si\/de\/wp-json\/wp\/v2\/product_brand?post=22939"},{"taxonomy":"product_cat","embeddable":true,"href":"https:\/\/renovatus.si\/de\/wp-json\/wp\/v2\/product_cat?post=22939"},{"taxonomy":"product_tag","embeddable":true,"href":"https:\/\/renovatus.si\/de\/wp-json\/wp\/v2\/product_tag?post=22939"}],"curies":[{"name":"wp","href":"https:\/\/api.w.org\/{rel}","templated":true}]}}