{"id":23192,"date":"2026-01-20T13:10:50","date_gmt":"2026-01-20T12:10:50","guid":{"rendered":"https:\/\/renovatus.si\/izdelek\/sony-sasw3-111879\/"},"modified":"2026-04-21T08:43:23","modified_gmt":"2026-04-21T07:43:23","slug":"sony-sa-sw3-brezzicni-globokotonec-200w","status":"publish","type":"product","link":"https:\/\/renovatus.si\/de\/product\/sony-sa-sw3-brezzicni-globokotonec-200w\/","title":{"rendered":"Sony SASW3 brez\u017ei\u010dni globokotonec 200 W"},"content":{"rendered":"<p data-start=\"124\" data-end=\"195\"><strong data-start=\"124\" data-end=\"193\">Sony brez\u017ei\u010dni globokotonec SA-SW3 \u2013 mo\u010dan bas za va\u0161 doma\u010di kino<\/strong><\/p>\n<p data-start=\"197\" data-end=\"476\">Dodajte svojemu doma\u010demu kinu <strong data-start=\"227\" data-end=\"269\">bogate, globoke in natan\u010dne nizke tone<\/strong> brez popa\u010denja z <strong data-start=\"287\" data-end=\"327\">Sony SA-SW3 brez\u017ei\u010dnim globokotoncem<\/strong>. Sistem je zasnovan tako, da vas popolnoma potopi v film, glasbo, serije ali igre, hkrati pa ohranja jasnost dialogov in vseh zvo\u010dnih podrobnosti.<\/p>\n<p data-start=\"478\" data-end=\"502\"><strong data-start=\"478\" data-end=\"500\">Klju\u010dne lastnosti:<\/strong><\/p>\n<ul data-start=\"503\" data-end=\"1263\">\n<li data-start=\"503\" data-end=\"655\">\n<p data-start=\"505\" data-end=\"655\"><strong data-start=\"505\" data-end=\"528\">Zmogljivost in bas:<\/strong> 160 mm gonilnik in izhodna mo\u010d <strong data-start=\"560\" data-end=\"569\">200 W<\/strong> zagotavljata impresiven bas, ki ga za\u010dutite, ne da bi pri tem trpela jasnost zvoka.<\/p>\n<\/li>\n<li data-start=\"656\" data-end=\"909\">\n<p data-start=\"658\" data-end=\"909\"><strong data-start=\"658\" data-end=\"683\">Napredna tehnologija:<\/strong> Sonyjeva tehnologija <strong data-start=\"705\" data-end=\"735\">\u03a3 (Sigma) magnetnega vezja<\/strong> izkori\u0161\u010da magnetno energijo za mo\u010dnej\u0161e in nadzorovane nizke frekvence. Lo\u010dene robne zareze membrane izbolj\u0161ujejo simetrijo gibanja in prispevajo k kristalno \u010distem zvoku.<\/p>\n<\/li>\n<li data-start=\"910\" data-end=\"1103\">\n<p data-start=\"912\" data-end=\"1103\"><strong data-start=\"912\" data-end=\"934\">Elegantna zasnova:<\/strong> Kockasta oblika <strong data-start=\"951\" data-end=\"976\">Omnidirectional Block<\/strong> z zaobljenimi robovi se vizualno ujema s Sony soundbari in sistemi za doma\u010di kino ter se diskretno vklju\u010duje v vsak prostor.<\/p>\n<\/li>\n<li data-start=\"1104\" data-end=\"1263\">\n<p data-start=\"1106\" data-end=\"1263\"><strong data-start=\"1106\" data-end=\"1129\">Brez\u017ei\u010dna povezava:<\/strong> Omogo\u010da hitro in enostavno nastavitev brez dodatnih kablov, kar pomeni ve\u010d svobode pri postavitvi in bolj urejen videz dnevne sobe.<\/p>\n<\/li>\n<\/ul>\n<p data-start=\"1265\" data-end=\"1424\"><strong data-start=\"1265\" data-end=\"1295\">Zakaj izbrati Sony SA-SW3:<\/strong><br data-start=\"1295\" data-end=\"1298\" \/>Sony SA-SW3 je idealna izbira za nadgradnjo zvo\u010dne izku\u0161nje in ustvarjanje pristnega kinematografskega vzdu\u0161ja v va\u0161em domu.<\/p>","protected":false},"excerpt":{"rendered":"<p>Sony SA-SW3 brez\u017ei\u010dni globokotonec z 200 W mo\u010di in 160 mm gonilnikom zagotavlja globoke, \u010diste base in popolno dopolnitev Sony soundbarov.<\/p>","protected":false},"featured_media":23193,"comment_status":"open","ping_status":"closed","template":"","meta":{"_acf_changed":false},"product_brand":[2623],"product_cat":[2823],"product_tag":[],"class_list":{"0":"post-23192","1":"product","2":"type-product","3":"status-publish","4":"has-post-thumbnail","6":"product_brand-sony","7":"product_cat-soundbar","8":"pa_bluetooth-ne","9":"pa_dolby-audio-ne","10":"pa_kanalni-sistem-1-0-globokotonec","11":"pa_model-sasw3","12":"pa_moznost-pritrditve-na-steno-ne","13":"pa_poudarjen-bas-da","14":"pa_prikljucek-hdmi-ne","15":"pa_prikljucek-usb-ne","16":"pa_skupna-izhodna-moc-200-w","17":"pa_stevilo-dc-vhodov-3869","18":"pa_vkljucena-oprema-brezzicni-globokotonec-sa-sw3-napajalni-kabel-navodila-za-uporabo","19":"pa_znamka-sony","21":"first","22":"instock","23":"taxable","24":"shipping-taxable","25":"purchasable","26":"product-type-simple"},"acf":[],"_links":{"self":[{"href":"https:\/\/renovatus.si\/de\/wp-json\/wp\/v2\/product\/23192","targetHints":{"allow":["GET"]}}],"collection":[{"href":"https:\/\/renovatus.si\/de\/wp-json\/wp\/v2\/product"}],"about":[{"href":"https:\/\/renovatus.si\/de\/wp-json\/wp\/v2\/types\/product"}],"replies":[{"embeddable":true,"href":"https:\/\/renovatus.si\/de\/wp-json\/wp\/v2\/comments?post=23192"}],"wp:featuredmedia":[{"embeddable":true,"href":"https:\/\/renovatus.si\/de\/wp-json\/wp\/v2\/media\/23193"}],"wp:attachment":[{"href":"https:\/\/renovatus.si\/de\/wp-json\/wp\/v2\/media?parent=23192"}],"wp:term":[{"taxonomy":"product_brand","embeddable":true,"href":"https:\/\/renovatus.si\/de\/wp-json\/wp\/v2\/product_brand?post=23192"},{"taxonomy":"product_cat","embeddable":true,"href":"https:\/\/renovatus.si\/de\/wp-json\/wp\/v2\/product_cat?post=23192"},{"taxonomy":"product_tag","embeddable":true,"href":"https:\/\/renovatus.si\/de\/wp-json\/wp\/v2\/product_tag?post=23192"}],"curies":[{"name":"wp","href":"https:\/\/api.w.org\/{rel}","templated":true}]}}