{"id":23491,"date":"2026-01-29T15:52:34","date_gmt":"2026-01-29T14:52:34","guid":{"rendered":"https:\/\/renovatus.si\/izdelek\/karcher-rcw-4-120254\/"},"modified":"2026-04-07T11:13:37","modified_gmt":"2026-04-07T10:13:37","slug":"karcher-rcw-4-robotski-cistilec-oken","status":"publish","type":"product","link":"https:\/\/renovatus.si\/de\/product\/karcher-rcw-4-robotski-cistilec-oken\/","title":{"rendered":"K\u00e4rcher RCW 4 robotski \u010distilec oken za velika stekla"},"content":{"rendered":"<p data-start=\"146\" data-end=\"180\"><strong data-start=\"146\" data-end=\"178\">Robot za \u010di\u0161\u010denje oken RCW 4<\/strong><\/p>\n<p data-start=\"182\" data-end=\"625\">Robotski \u010distilec oken <strong data-start=\"205\" data-end=\"214\">RCW 4<\/strong> omogo\u010da enostavno in u\u010dinkovito \u010di\u0161\u010denje velikih, te\u017eko dostopnih in steklenih povr\u0161in brez okvirjev ter zagotavlja sijaj brez lis zahvaljujo\u010d stalnemu vla\u017eenju mikrovlakenskih krp. Napredna vakuumska tehnologija zagotavlja varen oprijem na vseh gladkih povr\u0161inah, vklju\u010dno z ogledali in tu\u0161 kabinami, sistemati\u010dna navigacija s \u0161tirimi senzorji pa zaznava okvirje, ovire in robove stekla za popolno \u010di\u0161\u010denje.<\/p>\n<p data-start=\"627\" data-end=\"827\">Za optimalne rezultate se krpa stalno vla\u017ei s \u010distilno raztopino preko \u0161estih pr\u0161ilnih \u0161ob, kar prepre\u010duje kapljanje in odna\u0161anje umazanije ter zagotavlja sijaj brez lis in hitrej\u0161e odtekanje de\u017eja.<\/p>\n<p data-start=\"829\" data-end=\"852\"><strong data-start=\"829\" data-end=\"850\">Glavne prednosti:<\/strong><\/p>\n<ul data-start=\"853\" data-end=\"1362\">\n<li data-start=\"853\" data-end=\"911\">\n<p data-start=\"855\" data-end=\"911\">Sistemati\u010dna navigacija za popolno pokritost povr\u0161ine.<\/p>\n<\/li>\n<li data-start=\"912\" data-end=\"979\">\n<p data-start=\"914\" data-end=\"979\">\u0160est pr\u0161ilnih \u0161ob z nadzorovano \u010drpalko za stalno vla\u017eenje krp.<\/p>\n<\/li>\n<li data-start=\"980\" data-end=\"1046\">\n<p data-start=\"982\" data-end=\"1046\">Senzorji za zaznavanje oken brez okvirja in steklenih povr\u0161in.<\/p>\n<\/li>\n<li data-start=\"1047\" data-end=\"1111\">\n<p data-start=\"1049\" data-end=\"1111\">Varen oprijem z vakuumsko tehnologijo in varnostno baterijo.<\/p>\n<\/li>\n<li data-start=\"1112\" data-end=\"1209\">\n<p data-start=\"1114\" data-end=\"1209\">Daljinski upravljalnik z mo\u017enostjo \u0161tirih samodejnih na\u010dinov \u010di\u0161\u010denja in ro\u010dnega upravljanja.<\/p>\n<\/li>\n<li data-start=\"1210\" data-end=\"1288\">\n<p data-start=\"1212\" data-end=\"1288\">LED-prikazovalnik in glasovni izhod za jasne informacije o stanju naprave.<\/p>\n<\/li>\n<li data-start=\"1289\" data-end=\"1362\">\n<p data-start=\"1291\" data-end=\"1362\">Krpe iz mikrovlaken, pralne do 40 \u00b0C, enostavno pritrjevanje z je\u017eki.<\/p>\n<\/li>\n<\/ul>\n<p data-start=\"1364\" data-end=\"1518\"><strong data-start=\"1364\" data-end=\"1385\">Tehni\u010dni podatki:<\/strong> Prostornina rezervoarja 150 ml, zmogljivost \u010di\u0161\u010denja 0,4 m\u00b2\/min, sesalna mo\u010d 3000\u20135000 Pa, velikost okna 40 \u00d7 40 cm, te\u017ea 1,48 kg.<\/p>\n<p data-start=\"1520\" data-end=\"1634\"><strong data-start=\"1520\" data-end=\"1537\">Obseg dobave:<\/strong> Daljinski upravljalnik, steklenica za polnjenje, 3 mikrovlakenske krpe, 125 ml \u010distila RM 503.<\/p>\n<p data-start=\"1636\" data-end=\"1752\">Primeren je za okna, steklene povr\u0161ine, ogledala in druge gladke povr\u0161ine, kjer \u017eelite popolno \u010disto\u010do brez truda.<\/p>","protected":false},"excerpt":{"rendered":"<p>Robotski \u010distilec oken RCW 4 samodejno o\u010disti velika in te\u017eko dostopna okna, tudi brez okvirjev, ter zagotavlja sijaj brez lis.<\/p>","protected":false},"featured_media":23492,"comment_status":"open","ping_status":"closed","template":"","meta":{"_acf_changed":false},"product_brand":[2695],"product_cat":[4056,4087],"product_tag":[],"class_list":{"0":"post-23491","1":"product","2":"type-product","3":"status-publish","4":"has-post-thumbnail","6":"product_brand-karcher","7":"product_cat-cistilniki_oken","8":"product_cat-robotski","9":"pa_dodatki-obseg-dobave-daljinski-upravljalnik-steklenica-za-polnjenje-cistilna-krpa-3-kosi-cistilna-sredstva-rm-503-cistilnik-za-okna-125-ml","10":"pa_glasnost-4093","11":"pa_moc-4081","12":"pa_model-rcw-4","13":"pa_namen-uporabe-mokro","14":"pa_povrsinska-zmogljivost-04m2-min","15":"pa_rezervoar-za-vodo-prostornina-rezervoarja-za-detergent-ml-150","16":"pa_teza-z-embalazo-265-kg","17":"pa_znamka-karcher","19":"first","20":"outofstock","21":"taxable","22":"shipping-taxable","23":"purchasable","24":"product-type-simple"},"acf":[],"_links":{"self":[{"href":"https:\/\/renovatus.si\/de\/wp-json\/wp\/v2\/product\/23491","targetHints":{"allow":["GET"]}}],"collection":[{"href":"https:\/\/renovatus.si\/de\/wp-json\/wp\/v2\/product"}],"about":[{"href":"https:\/\/renovatus.si\/de\/wp-json\/wp\/v2\/types\/product"}],"replies":[{"embeddable":true,"href":"https:\/\/renovatus.si\/de\/wp-json\/wp\/v2\/comments?post=23491"}],"wp:featuredmedia":[{"embeddable":true,"href":"https:\/\/renovatus.si\/de\/wp-json\/wp\/v2\/media\/23492"}],"wp:attachment":[{"href":"https:\/\/renovatus.si\/de\/wp-json\/wp\/v2\/media?parent=23491"}],"wp:term":[{"taxonomy":"product_brand","embeddable":true,"href":"https:\/\/renovatus.si\/de\/wp-json\/wp\/v2\/product_brand?post=23491"},{"taxonomy":"product_cat","embeddable":true,"href":"https:\/\/renovatus.si\/de\/wp-json\/wp\/v2\/product_cat?post=23491"},{"taxonomy":"product_tag","embeddable":true,"href":"https:\/\/renovatus.si\/de\/wp-json\/wp\/v2\/product_tag?post=23491"}],"curies":[{"name":"wp","href":"https:\/\/api.w.org\/{rel}","templated":true}]}}