{"id":24407,"date":"2026-04-16T13:10:06","date_gmt":"2026-04-16T12:10:06","guid":{"rendered":"https:\/\/renovatus.si\/izdelek\/001dl-bk-3m\/"},"modified":"2026-04-16T14:13:25","modified_gmt":"2026-04-16T13:13:25","slug":"avtomatski-pasji-povodec-3m-zlozljiv","status":"publish","type":"product","link":"https:\/\/renovatus.si\/de\/product\/avtomatski-pasji-povodec-3m-zlozljiv\/","title":{"rendered":"3m avtomatski pasji povodec iz najlona za pse"},"content":{"rendered":"<p data-start=\"517\" data-end=\"718\"><strong data-start=\"517\" data-end=\"545\">Avtomatski pasji povodec<\/strong> dol\u017eine 3 m je odli\u010dna izbira za vsakodnevne sprehode, tek ali aktivnosti na prostem z va\u0161im hi\u0161nim ljubljen\u010dkom. Zdru\u017euje funkcionalnost, varnost in udobje v enem izdelku.<\/p>\n<p data-start=\"720\" data-end=\"986\">Izdelan je iz kakovostnega najlona in trpe\u017enega ABS materiala, kar zagotavlja dolgo \u017eivljenjsko dobo ter odpornost na obrabo. Sistem avtomatskega raztegovanja omogo\u010da enostavno prilagajanje dol\u017eine vrvi, kar va\u0161emu ljubljen\u010dku nudi ve\u010d svobode, vam pa popoln nadzor.<\/p>\n<h3 data-section-id=\"1qep0ge\" data-start=\"988\" data-end=\"1014\"><span role=\"text\"><strong data-start=\"992\" data-end=\"1014\">Klju\u010dne prednosti:<\/strong><\/span><\/h3>\n<ul data-start=\"1015\" data-end=\"1301\">\n<li data-section-id=\"ucgap8\" data-start=\"1015\" data-end=\"1076\">dol\u017eina 3 m \u2013 idealna za manj\u0161e hi\u0161ne ljubljen\u010dke do 8 kg<\/li>\n<li data-section-id=\"174xrgh\" data-start=\"1077\" data-end=\"1121\">avtomatsko zlaganje in raztegovanje vrvi<\/li>\n<li data-section-id=\"1cdy0yw\" data-start=\"1122\" data-end=\"1170\">ergonomsko oblikovan ro\u010daj za udoben oprijem<\/li>\n<li data-section-id=\"1dt4szh\" data-start=\"1171\" data-end=\"1219\">sistem za hitro zaustavitev za ve\u010djo varnost<\/li>\n<li data-section-id=\"7fs9si\" data-start=\"1220\" data-end=\"1256\">trpe\u017eni materiali (najlon + ABS)<\/li>\n<li data-section-id=\"16parur\" data-start=\"1257\" data-end=\"1301\">primeren za pse in ma\u010dke razli\u010dnih pasem<\/li>\n<\/ul>\n<p data-start=\"1303\" data-end=\"1524\">Povodec je primeren za \u0161tevilne pasme, kot so \u010divava, francoski buldog, pudelj, labrador in druge. Ljubek vzorec odtisa stopala doda estetski pridih, zaradi \u010desar je izdelek ne le prakti\u010den, ampak tudi vizualno privla\u010den.<\/p>\n<p data-start=\"1526\" data-end=\"1601\" data-is-last-node=\"\" data-is-only-node=\"\">Popolna izbira za sprehode, pohodni\u0161tvo, potovanja ali vsakodnevno uporabo.<\/p>","protected":false},"excerpt":{"rendered":"<p>3m avtomatski pasji povodec iz najlona za pse in ma\u010dke, trpe\u017een in zlo\u017eljiv, idealen za sprehode, tek in potovanja, za vse velikosti psov.<\/p>","protected":false},"featured_media":24421,"comment_status":"open","ping_status":"closed","template":"","meta":{"_acf_changed":false},"product_brand":[],"product_cat":[4300],"product_tag":[],"class_list":{"0":"post-24407","1":"product","2":"type-product","3":"status-publish","4":"has-post-thumbnail","6":"product_cat-zivali","7":"pa_barva-siva","8":"pa_dolzina-3m","9":"pa_material-abs","11":"first","12":"instock","13":"taxable","14":"shipping-taxable","15":"purchasable","16":"product-type-simple"},"acf":[],"_links":{"self":[{"href":"https:\/\/renovatus.si\/de\/wp-json\/wp\/v2\/product\/24407","targetHints":{"allow":["GET"]}}],"collection":[{"href":"https:\/\/renovatus.si\/de\/wp-json\/wp\/v2\/product"}],"about":[{"href":"https:\/\/renovatus.si\/de\/wp-json\/wp\/v2\/types\/product"}],"replies":[{"embeddable":true,"href":"https:\/\/renovatus.si\/de\/wp-json\/wp\/v2\/comments?post=24407"}],"wp:featuredmedia":[{"embeddable":true,"href":"https:\/\/renovatus.si\/de\/wp-json\/wp\/v2\/media\/24421"}],"wp:attachment":[{"href":"https:\/\/renovatus.si\/de\/wp-json\/wp\/v2\/media?parent=24407"}],"wp:term":[{"taxonomy":"product_brand","embeddable":true,"href":"https:\/\/renovatus.si\/de\/wp-json\/wp\/v2\/product_brand?post=24407"},{"taxonomy":"product_cat","embeddable":true,"href":"https:\/\/renovatus.si\/de\/wp-json\/wp\/v2\/product_cat?post=24407"},{"taxonomy":"product_tag","embeddable":true,"href":"https:\/\/renovatus.si\/de\/wp-json\/wp\/v2\/product_tag?post=24407"}],"curies":[{"name":"wp","href":"https:\/\/api.w.org\/{rel}","templated":true}]}}