{"id":24410,"date":"2026-04-16T13:10:06","date_gmt":"2026-04-16T12:10:06","guid":{"rendered":"https:\/\/renovatus.si\/izdelek\/039dl36\/"},"modified":"2026-04-16T14:12:53","modified_gmt":"2026-04-16T13:12:53","slug":"avtomatski-pasji-povodec-5m-zanesljiv","status":"publish","type":"product","link":"https:\/\/renovatus.si\/de\/product\/avtomatski-pasji-povodec-5m-zanesljiv\/","title":{"rendered":"5m trpe\u017een pasji povodec za majhne pse"},"content":{"rendered":"<div class=\"flex max-w-full flex-col gap-4 grow\">\n<div class=\"min-h-8 text-message relative flex w-full flex-col items-end gap-2 text-start break-words whitespace-normal outline-none keyboard-focused:focus-ring [.text-message+&amp;]:mt-1\" dir=\"auto\" tabindex=\"0\" data-message-author-role=\"assistant\" data-message-id=\"48e36d05-bc8c-4513-9563-d6d72b6ff98d\" data-message-model-slug=\"gpt-5-3\" data-turn-start-message=\"true\">\n<div class=\"flex w-full flex-col gap-1 empty:hidden\">\n<div class=\"markdown prose dark:prose-invert w-full wrap-break-word dark markdown-new-styling\">\n<p data-start=\"483\" data-end=\"699\"><strong data-start=\"483\" data-end=\"511\">Avtomatski pasji povodec<\/strong> dol\u017eine 5 m je odli\u010dna izbira za varno in udobno sprehajanje va\u0161ega hi\u0161nega ljubljen\u010dka. Zasnovan je za vsakodnevno uporabo ter omogo\u010da popolno ravnovesje med svobodo gibanja in nadzorom.<\/p>\n<p data-start=\"701\" data-end=\"931\">Izdelan je iz kakovostnega ABS materiala in trpe\u017enega najlona, kar zagotavlja dolgo \u017eivljenjsko dobo ter zanesljivo uporabo pri razli\u010dnih aktivnostih. Avtomatski mehanizem omogo\u010da enostavno raztezanje in prilagajanje dol\u017eine vrvi.<\/p>\n<h3 data-section-id=\"1qep0ge\" data-start=\"933\" data-end=\"959\"><span role=\"text\"><strong data-start=\"937\" data-end=\"959\">Klju\u010dne prednosti:<\/strong><\/span><\/h3>\n<ul data-start=\"960\" data-end=\"1240\">\n<li data-section-id=\"13rm1p1\" data-start=\"960\" data-end=\"1011\">dol\u017eina 5 m \u2013 primerna za pse in ma\u010dke do 14 kg<\/li>\n<li data-section-id=\"13mowq5\" data-start=\"1012\" data-end=\"1059\">avtomatsko zlaganje in prilagajanje dol\u017eine<\/li>\n<li data-section-id=\"1cdy0yw\" data-start=\"1060\" data-end=\"1108\">ergonomsko oblikovan ro\u010daj za udoben oprijem<\/li>\n<li data-section-id=\"1gry5ub\" data-start=\"1109\" data-end=\"1151\">sistem zaklepanja za hitro zaustavitev<\/li>\n<li data-section-id=\"7iqq5c\" data-start=\"1152\" data-end=\"1190\">trpe\u017eni materiali za dolgo uporabo<\/li>\n<li data-section-id=\"yzdied\" data-start=\"1191\" data-end=\"1240\">idealen za sprehode, potovanja in pohodni\u0161tvo<\/li>\n<\/ul>\n<p data-start=\"1242\" data-end=\"1455\"><strong data-start=\"1242\" data-end=\"1270\">Avtomatski pasji povodec<\/strong> je \u0161e posebej primeren za mladi\u010dke in manj\u0161e pse. Priporo\u010dljivo je, da povodec pred uporabo najprej zaklenete, saj to prepre\u010duje nenadne sunke in podalj\u0161uje \u017eivljenjsko dobo mehanizma.<\/p>\n<p data-start=\"1457\" data-end=\"1559\" data-is-last-node=\"\" data-is-only-node=\"\">Ta prakti\u010den pripomo\u010dek zdru\u017euje varnost, udobje in funkcionalnost za brezskrbne vsakodnevne sprehode.<\/p>\n<\/div>\n<\/div>\n<\/div>\n<\/div>\n<div class=\"z-0 flex min-h-[46px] justify-start\"><\/div>\n<div class=\"mt-3 w-full empty:hidden\">\n<div class=\"text-center\">\n<div>\n<div class=\"inline-flex border border-gray-100 dark:border-gray-700 rounded-xl\">\n<div class=\"bg-token-main-surface-tertiary w-px flex-1 self-stretch\"><\/div>\n<\/div>\n<\/div>\n<\/div>\n<\/div>\n","protected":false},"excerpt":{"rendered":"<p>5m avtomatski pasji povodec iz najlona za pse in ma\u010dke, trpe\u017een in zlo\u017eljiv, primeren za mladi\u010dke do 14 kg, idealen za sprehode in potovanja.<\/p>","protected":false},"featured_media":24437,"comment_status":"open","ping_status":"closed","template":"","meta":{"_acf_changed":false},"product_brand":[],"product_cat":[4300],"product_tag":[],"class_list":{"0":"post-24410","1":"product","2":"type-product","3":"status-publish","4":"has-post-thumbnail","6":"product_cat-zivali","7":"pa_barva-modra","8":"pa_dolzina-5m","9":"pa_material-abs","11":"first","12":"instock","13":"taxable","14":"shipping-taxable","15":"purchasable","16":"product-type-simple"},"acf":[],"_links":{"self":[{"href":"https:\/\/renovatus.si\/de\/wp-json\/wp\/v2\/product\/24410","targetHints":{"allow":["GET"]}}],"collection":[{"href":"https:\/\/renovatus.si\/de\/wp-json\/wp\/v2\/product"}],"about":[{"href":"https:\/\/renovatus.si\/de\/wp-json\/wp\/v2\/types\/product"}],"replies":[{"embeddable":true,"href":"https:\/\/renovatus.si\/de\/wp-json\/wp\/v2\/comments?post=24410"}],"wp:featuredmedia":[{"embeddable":true,"href":"https:\/\/renovatus.si\/de\/wp-json\/wp\/v2\/media\/24437"}],"wp:attachment":[{"href":"https:\/\/renovatus.si\/de\/wp-json\/wp\/v2\/media?parent=24410"}],"wp:term":[{"taxonomy":"product_brand","embeddable":true,"href":"https:\/\/renovatus.si\/de\/wp-json\/wp\/v2\/product_brand?post=24410"},{"taxonomy":"product_cat","embeddable":true,"href":"https:\/\/renovatus.si\/de\/wp-json\/wp\/v2\/product_cat?post=24410"},{"taxonomy":"product_tag","embeddable":true,"href":"https:\/\/renovatus.si\/de\/wp-json\/wp\/v2\/product_tag?post=24410"}],"curies":[{"name":"wp","href":"https:\/\/api.w.org\/{rel}","templated":true}]}}