{"id":24412,"date":"2026-04-16T13:10:06","date_gmt":"2026-04-16T12:10:06","guid":{"rendered":"https:\/\/renovatus.si\/izdelek\/117dl26\/"},"modified":"2026-04-16T14:12:35","modified_gmt":"2026-04-16T13:12:35","slug":"zlozljiv-povodec-za-pse-5m-samodejni","status":"publish","type":"product","link":"https:\/\/renovatus.si\/de\/product\/zlozljiv-povodec-za-pse-5m-samodejni\/","title":{"rendered":"5m avtomatski povodec za pse \u2013 hoja, tek, potovanja"},"content":{"rendered":"<p data-start=\"531\" data-end=\"648\"><strong data-start=\"531\" data-end=\"558\">Zlo\u017eljiv povodec za pse<\/strong> dol\u017eine 5 m je odli\u010dna izbira za lastnike, ki \u017eelijo ve\u010d svobode in nadzora med sprehodi.<\/p>\n<p data-start=\"650\" data-end=\"799\">Ta prakti\u010den povodec zdru\u017euje kakovost, varnost in udobje, zato je idealen za vsakodnevno uporabo ter aktivno pre\u017eivljanje \u010dasa z va\u0161im ljubljen\u010dkom.<\/p>\n<hr data-start=\"801\" data-end=\"804\" \/>\n<h3 data-section-id=\"1jo9h4z\" data-start=\"806\" data-end=\"830\">\ud83d\udd39 Glavne prednosti:<\/h3>\n<ul data-start=\"831\" data-end=\"1095\">\n<li data-section-id=\"1yyleob\" data-start=\"831\" data-end=\"875\"><strong data-start=\"833\" data-end=\"848\">Dol\u017eina 5 m<\/strong> za ve\u010djo svobodo gibanja<\/li>\n<li data-section-id=\"1opk7pb\" data-start=\"876\" data-end=\"937\"><strong data-start=\"878\" data-end=\"901\">Samodejni mehanizem<\/strong> za enostavno prilagajanje dol\u017eine<\/li>\n<li data-section-id=\"1masyhl\" data-start=\"938\" data-end=\"1002\"><strong data-start=\"940\" data-end=\"974\">Trpe\u017een ABS material in najlon<\/strong> za dolgo \u017eivljenjsko dobo<\/li>\n<li data-section-id=\"pwcu0r\" data-start=\"1003\" data-end=\"1045\"><strong data-start=\"1005\" data-end=\"1025\">Ergonomski ro\u010daj<\/strong> za udoben oprijem<\/li>\n<li data-section-id=\"1c1afm4\" data-start=\"1046\" data-end=\"1095\"><strong data-start=\"1048\" data-end=\"1076\">Sistem hitre zaustavitve<\/strong> za ve\u010djo varnost<\/li>\n<\/ul>\n<hr data-start=\"1097\" data-end=\"1100\" \/>\n<h3 data-section-id=\"p6mrd\" data-start=\"1102\" data-end=\"1121\">\ud83d\udd39 Primeren za:<\/h3>\n<ul data-start=\"1122\" data-end=\"1229\">\n<li data-section-id=\"lrrb2h\" data-start=\"1122\" data-end=\"1157\">manj\u0161e pse in mladi\u010dke do 14 kg<\/li>\n<li data-section-id=\"1rf1r98\" data-start=\"1158\" data-end=\"1190\">sprehode, tek in pohodni\u0161tvo<\/li>\n<li data-section-id=\"rplkfu\" data-start=\"1191\" data-end=\"1229\">potovanja in aktivnosti na prostem<\/li>\n<\/ul>\n<hr data-start=\"1231\" data-end=\"1234\" \/>\n<p data-start=\"1236\" data-end=\"1424\" data-is-last-node=\"\" data-is-only-node=\"\">Zanesljiv in enostaven za uporabo, ta <strong data-start=\"1274\" data-end=\"1301\">zlo\u017eljiv povodec za pse<\/strong> omogo\u010da popolno ravnovesje med nadzorom in svobodo, kar ga naredi nepogre\u0161ljivega za vsakega lastnika hi\u0161nega ljubljen\u010dka.<\/p>","protected":false},"excerpt":{"rendered":"<p>5m avtomatski pasji povodec iz najlona za pse in ma\u010dke, trpe\u017een in zlo\u017eljiv, idealen za sprehode, tek in potovanja, primeren za mladi\u010dke do 14 kg.<\/p>","protected":false},"featured_media":24436,"comment_status":"open","ping_status":"closed","template":"","meta":{"_acf_changed":false},"product_brand":[],"product_cat":[4300],"product_tag":[],"class_list":{"0":"post-24412","1":"product","2":"type-product","3":"status-publish","4":"has-post-thumbnail","6":"product_cat-zivali","7":"pa_barva-vijolicna","8":"pa_dolzina-5m","9":"pa_material-abs","11":"first","12":"instock","13":"taxable","14":"shipping-taxable","15":"purchasable","16":"product-type-simple"},"acf":[],"_links":{"self":[{"href":"https:\/\/renovatus.si\/de\/wp-json\/wp\/v2\/product\/24412","targetHints":{"allow":["GET"]}}],"collection":[{"href":"https:\/\/renovatus.si\/de\/wp-json\/wp\/v2\/product"}],"about":[{"href":"https:\/\/renovatus.si\/de\/wp-json\/wp\/v2\/types\/product"}],"replies":[{"embeddable":true,"href":"https:\/\/renovatus.si\/de\/wp-json\/wp\/v2\/comments?post=24412"}],"wp:featuredmedia":[{"embeddable":true,"href":"https:\/\/renovatus.si\/de\/wp-json\/wp\/v2\/media\/24436"}],"wp:attachment":[{"href":"https:\/\/renovatus.si\/de\/wp-json\/wp\/v2\/media?parent=24412"}],"wp:term":[{"taxonomy":"product_brand","embeddable":true,"href":"https:\/\/renovatus.si\/de\/wp-json\/wp\/v2\/product_brand?post=24412"},{"taxonomy":"product_cat","embeddable":true,"href":"https:\/\/renovatus.si\/de\/wp-json\/wp\/v2\/product_cat?post=24412"},{"taxonomy":"product_tag","embeddable":true,"href":"https:\/\/renovatus.si\/de\/wp-json\/wp\/v2\/product_tag?post=24412"}],"curies":[{"name":"wp","href":"https:\/\/api.w.org\/{rel}","templated":true}]}}