{"id":24414,"date":"2026-04-16T13:10:06","date_gmt":"2026-04-16T12:10:06","guid":{"rendered":"https:\/\/renovatus.si\/izdelek\/117dl06\/"},"modified":"2026-04-16T14:12:14","modified_gmt":"2026-04-16T13:12:14","slug":"zlozljiv-povodec-za-pse-5m-samodejni-2","status":"publish","type":"product","link":"https:\/\/renovatus.si\/de\/product\/zlozljiv-povodec-za-pse-5m-samodejni-2\/","title":{"rendered":"5m najlonski povodec za pse z avtomatskim navijanjem"},"content":{"rendered":"<div class=\"flex flex-col text-sm pb-25\">\n<section class=\"text-token-text-primary w-full focus:outline-none [--shadow-height:45px] has-data-writing-block:pointer-events-none has-data-writing-block:-mt-(--shadow-height) has-data-writing-block:pt-(--shadow-height) [&amp;:has([data-writing-block])&gt;*]:pointer-events-auto scroll-mt-[calc(var(--header-height)+min(200px,max(70px,20svh)))]\" dir=\"auto\" data-turn-id=\"request-WEB:33213146-1134-4742-a29f-fc6d7401a7b5-1\" data-testid=\"conversation-turn-4\" data-scroll-anchor=\"true\" data-turn=\"assistant\">\n<div class=\"text-base my-auto mx-auto pb-10 [--thread-content-margin:var(--thread-content-margin-xs,calc(var(--spacing)*4))] @w-sm\/main:[--thread-content-margin:var(--thread-content-margin-sm,calc(var(--spacing)*6))] @w-lg\/main:[--thread-content-margin:var(--thread-content-margin-lg,calc(var(--spacing)*16))] px-(--thread-content-margin)\">\n<div class=\"[--thread-content-max-width:40rem] @w-lg\/main:[--thread-content-max-width:48rem] mx-auto max-w-(--thread-content-max-width) flex-1 group\/turn-messages focus-visible:outline-hidden relative flex w-full min-w-0 flex-col agent-turn\">\n<div class=\"flex max-w-full flex-col gap-4 grow\">\n<div class=\"min-h-8 text-message relative flex w-full flex-col items-end gap-2 text-start break-words whitespace-normal outline-none keyboard-focused:focus-ring [.text-message+&amp;]:mt-1\" dir=\"auto\" tabindex=\"0\" data-message-author-role=\"assistant\" data-message-id=\"7c731714-1919-4565-a5c2-ce890474f604\" data-message-model-slug=\"gpt-5-3\" data-turn-start-message=\"true\">\n<div class=\"flex w-full flex-col gap-1 empty:hidden\">\n<div class=\"markdown prose dark:prose-invert w-full wrap-break-word dark markdown-new-styling\">\n<p data-start=\"523\" data-end=\"771\"><strong data-start=\"523\" data-end=\"550\">Zlo\u017eljiv povodec za pse<\/strong> dol\u017eine 5 m je odli\u010dna izbira za vse lastnike hi\u0161nih ljubljen\u010dkov, ki \u017eelijo ve\u010d svobode in nadzora med sprehodi. Primeren je tako za pse kot tudi ma\u010dke, saj omogo\u010da varno in prilagodljivo gibanje v razli\u010dnih situacijah.<\/p>\n<p data-start=\"773\" data-end=\"1023\">Izdelan je iz kakovostnega ABS materiala in trpe\u017enega najlona, kar zagotavlja dolgo \u017eivljenjsko dobo ter zanesljivo uporabo tudi pri vsakodnevnih aktivnostih. Samodejni mehanizem omogo\u010da enostavno prilagajanje dol\u017eine vrvi glede na okolje in potrebe.<\/p>\n<h3 data-section-id=\"1jo9h4z\" data-start=\"1025\" data-end=\"1049\">\ud83d\udd39 Glavne prednosti:<\/h3>\n<ul data-start=\"1050\" data-end=\"1264\">\n<li data-section-id=\"o9jv57\" data-start=\"1050\" data-end=\"1090\">dol\u017eina 5 m za ve\u010djo svobodo gibanja<\/li>\n<li data-section-id=\"tghnxe\" data-start=\"1091\" data-end=\"1130\">avtomatski sistem za navijanje vrvi<\/li>\n<li data-section-id=\"7iqq5c\" data-start=\"1131\" data-end=\"1169\">trpe\u017eni materiali za dolgo uporabo<\/li>\n<li data-section-id=\"1cdy0yw\" data-start=\"1170\" data-end=\"1218\">ergonomsko oblikovan ro\u010daj za udoben oprijem<\/li>\n<li data-section-id=\"1hkegbw\" data-start=\"1219\" data-end=\"1264\">sistem hitre zaustavitve za ve\u010djo varnost<\/li>\n<\/ul>\n<p data-start=\"1266\" data-end=\"1393\">Povodec je posebej primeren za manj\u0161e pse in mladi\u010dke do 14 kg te\u017ee, saj omogo\u010da optimalno ravnovesje med varnostjo in svobodo.<\/p>\n<p data-start=\"1395\" data-end=\"1541\" data-is-last-node=\"\" data-is-only-node=\"\">Ta <strong data-start=\"1398\" data-end=\"1425\">zlo\u017eljiv povodec za pse<\/strong> je idealen za sprehode, tek, pohodni\u0161tvo ali potovanja ter predstavlja nepogre\u0161ljiv pripomo\u010dek za aktivne lastnike.<\/p>\n<\/div>\n<\/div>\n<\/div>\n<\/div>\n<div class=\"z-0 flex min-h-[46px] justify-start\"><\/div>\n<div class=\"mt-3 w-full empty:hidden\">\n<div class=\"text-center\"><\/div>\n<\/div>\n<\/div>\n<\/div>\n<\/section>\n<\/div>\n<div class=\"pointer-events-none h-px w-px absolute bottom-0\" aria-hidden=\"true\" data-edge=\"true\"><\/div>\n","protected":false},"excerpt":{"rendered":"<p>5m avtomatski pasji povodec iz najlona za pse in ma\u010dke, trpe\u017een in zlo\u017eljiv, idealen za sprehode, tek in potovanja, primeren za mladi\u010dke do 14 kg.<\/p>","protected":false},"featured_media":24435,"comment_status":"open","ping_status":"closed","template":"","meta":{"_acf_changed":false},"product_brand":[],"product_cat":[4300],"product_tag":[],"class_list":{"0":"post-24414","1":"product","2":"type-product","3":"status-publish","4":"has-post-thumbnail","6":"product_cat-zivali","7":"pa_barva-roza","8":"pa_dolzina-5m","9":"pa_material-abs","11":"first","12":"instock","13":"taxable","14":"shipping-taxable","15":"purchasable","16":"product-type-simple"},"acf":[],"_links":{"self":[{"href":"https:\/\/renovatus.si\/de\/wp-json\/wp\/v2\/product\/24414","targetHints":{"allow":["GET"]}}],"collection":[{"href":"https:\/\/renovatus.si\/de\/wp-json\/wp\/v2\/product"}],"about":[{"href":"https:\/\/renovatus.si\/de\/wp-json\/wp\/v2\/types\/product"}],"replies":[{"embeddable":true,"href":"https:\/\/renovatus.si\/de\/wp-json\/wp\/v2\/comments?post=24414"}],"wp:featuredmedia":[{"embeddable":true,"href":"https:\/\/renovatus.si\/de\/wp-json\/wp\/v2\/media\/24435"}],"wp:attachment":[{"href":"https:\/\/renovatus.si\/de\/wp-json\/wp\/v2\/media?parent=24414"}],"wp:term":[{"taxonomy":"product_brand","embeddable":true,"href":"https:\/\/renovatus.si\/de\/wp-json\/wp\/v2\/product_brand?post=24414"},{"taxonomy":"product_cat","embeddable":true,"href":"https:\/\/renovatus.si\/de\/wp-json\/wp\/v2\/product_cat?post=24414"},{"taxonomy":"product_tag","embeddable":true,"href":"https:\/\/renovatus.si\/de\/wp-json\/wp\/v2\/product_tag?post=24414"}],"curies":[{"name":"wp","href":"https:\/\/api.w.org\/{rel}","templated":true}]}}