{"id":24453,"date":"2026-04-16T15:36:57","date_gmt":"2026-04-16T14:36:57","guid":{"rendered":"https:\/\/renovatus.si\/izdelek\/chrdel00009\/"},"modified":"2026-04-16T16:01:28","modified_gmt":"2026-04-16T15:01:28","slug":"bivalni-stol-jennifer-eleganten-udoben-stol","status":"publish","type":"product","link":"https:\/\/renovatus.si\/de\/product\/bivalni-stol-jennifer-eleganten-udoben-stol\/","title":{"rendered":"Dizajnerski stol ELEMENT Jennifer moderen stol"},"content":{"rendered":"<p data-start=\"379\" data-end=\"509\"><strong data-start=\"379\" data-end=\"404\">Bivalni stol JENNIFER<\/strong> je popolna izbira za vse, ki i\u0161\u010dejo vsestranski, udoben in estetsko dovr\u0161en stol za vsakodnevno uporabo.<\/p>\n<p data-start=\"511\" data-end=\"632\">Njegova brez\u010dasna sivo-\u010drna kombinacija se odli\u010dno poda v razli\u010dne stile interierja \u2013 od modernih do klasi\u010dnih ambientov.<\/p>\n<p data-start=\"634\" data-end=\"710\">Udobno sedi\u0161\u010de, oble\u010deno v kakovostno tkanino, omogo\u010da prijetno sedenje pri:<\/p>\n<ul data-start=\"711\" data-end=\"788\">\n<li data-section-id=\"129gc57\" data-start=\"711\" data-end=\"736\">delu v doma\u010di pisarni<\/li>\n<li data-section-id=\"1df2ng1\" data-start=\"737\" data-end=\"759\">dru\u017einskih obrokih<\/li>\n<li data-section-id=\"d0zegl\" data-start=\"760\" data-end=\"788\">spro\u0161\u010danju v dnevni sobi<\/li>\n<\/ul>\n<h3 data-section-id=\"1oo8l72\" data-start=\"790\" data-end=\"826\"><span role=\"text\"><strong data-start=\"794\" data-end=\"826\">Zakaj izbrati stol JENNIFER?<\/strong><\/span><\/h3>\n<ul data-start=\"827\" data-end=\"1072\">\n<li data-section-id=\"gmj5ea\" data-start=\"827\" data-end=\"860\">\u2714 Udobno in kompaktno sedi\u0161\u010de<\/li>\n<li data-section-id=\"1fdv85y\" data-start=\"861\" data-end=\"899\">\u2714 Stabilna konstrukcija s 4 nogami<\/li>\n<li data-section-id=\"1cy69uh\" data-start=\"900\" data-end=\"925\">\u2714 Nosilnost do 120 kg<\/li>\n<li data-section-id=\"17cmu21\" data-start=\"926\" data-end=\"978\">\u2714 Lahka zasnova (5,6 kg) za enostavno premikanje<\/li>\n<li data-section-id=\"10sm5zp\" data-start=\"979\" data-end=\"1023\">\u2714 Ergonomske dimenzije za udobno sedenje<\/li>\n<li data-section-id=\"14n8pzl\" data-start=\"1024\" data-end=\"1072\">\u2714 Trpe\u017eni materiali in enostavno vzdr\u017eevanje<\/li>\n<\/ul>\n<p data-start=\"1074\" data-end=\"1175\">Stol JENNIFER zdru\u017euje funkcionalnost, udobje in eleganco ter se popolnoma prilagodi va\u0161emu prostoru.<\/p>\n<p data-start=\"1177\" data-end=\"1255\">\ud83d\udc49 <strong data-start=\"1180\" data-end=\"1255\">Izberite prakti\u010dnost in stil \u2013 naro\u010dite bivalni stol JENNIFER \u0161e danes!<\/strong><\/p>\n<p data-start=\"1257\" data-end=\"1278\" data-is-last-node=\"\" data-is-only-node=\"\"><strong data-start=\"1257\" data-end=\"1271\">Garancija:<\/strong> 1 leto<\/p>","protected":false},"excerpt":{"rendered":"<p>Bivalni stol JENNIFER sivo-\u010drn, udoben in stabilen. Primeren za jedilnico, pisarno ali dnevno sobo, nosilnost do 120 kg.<\/p>","protected":false},"featured_media":24454,"comment_status":"open","ping_status":"closed","template":"","meta":{"_acf_changed":false},"product_brand":[],"product_cat":[4456],"product_tag":[],"class_list":{"0":"post-24453","1":"product","2":"type-product","3":"status-publish","4":"has-post-thumbnail","6":"product_cat-stoli","7":"pa_barva-sivo-crn","8":"pa_material-tekstil-pena-kovina-in-plastika","9":"pa_max-nosilnost-120-kg","10":"pa_teza-56-kg","12":"first","13":"instock","14":"taxable","15":"shipping-taxable","16":"purchasable","17":"product-type-simple"},"acf":[],"_links":{"self":[{"href":"https:\/\/renovatus.si\/de\/wp-json\/wp\/v2\/product\/24453","targetHints":{"allow":["GET"]}}],"collection":[{"href":"https:\/\/renovatus.si\/de\/wp-json\/wp\/v2\/product"}],"about":[{"href":"https:\/\/renovatus.si\/de\/wp-json\/wp\/v2\/types\/product"}],"replies":[{"embeddable":true,"href":"https:\/\/renovatus.si\/de\/wp-json\/wp\/v2\/comments?post=24453"}],"wp:featuredmedia":[{"embeddable":true,"href":"https:\/\/renovatus.si\/de\/wp-json\/wp\/v2\/media\/24454"}],"wp:attachment":[{"href":"https:\/\/renovatus.si\/de\/wp-json\/wp\/v2\/media?parent=24453"}],"wp:term":[{"taxonomy":"product_brand","embeddable":true,"href":"https:\/\/renovatus.si\/de\/wp-json\/wp\/v2\/product_brand?post=24453"},{"taxonomy":"product_cat","embeddable":true,"href":"https:\/\/renovatus.si\/de\/wp-json\/wp\/v2\/product_cat?post=24453"},{"taxonomy":"product_tag","embeddable":true,"href":"https:\/\/renovatus.si\/de\/wp-json\/wp\/v2\/product_tag?post=24453"}],"curies":[{"name":"wp","href":"https:\/\/api.w.org\/{rel}","templated":true}]}}