{"id":24463,"date":"2026-04-16T15:37:11","date_gmt":"2026-04-16T14:37:11","guid":{"rendered":"https:\/\/renovatus.si\/izdelek\/chrdel00007\/"},"modified":"2026-04-16T15:54:35","modified_gmt":"2026-04-16T14:54:35","slug":"bivalni-stol-amber-eleganten-udoben-stol","status":"publish","type":"product","link":"https:\/\/renovatus.si\/de\/product\/bivalni-stol-amber-eleganten-udoben-stol\/","title":{"rendered":"Dizajnerski stol ELEMENT Amber eleganten stol"},"content":{"rendered":"<p data-start=\"366\" data-end=\"484\"><strong data-start=\"366\" data-end=\"388\">Bivalni stol AMBER<\/strong> je popolna izbira za vse, ki i\u0161\u010dejo ravnovesje med klasi\u010dnim videzom, udobjem in prakti\u010dnostjo.<\/p>\n<p data-start=\"486\" data-end=\"662\">Njegovo \u0161iroko, mehko oblazinjeno sedi\u0161\u010de omogo\u010da spro\u0161\u010deno sedenje tudi pri dalj\u0161i uporabi, medtem ko kakovostno <strong data-start=\"600\" data-end=\"612\">PU usnje<\/strong> poskrbi za eleganten videz in enostavno \u010di\u0161\u010denje.<\/p>\n<p data-start=\"664\" data-end=\"702\">Rjavo-\u010drna kombinacija se lepo poda v:<\/p>\n<ul data-start=\"703\" data-end=\"778\">\n<li data-section-id=\"75zzgh\" data-start=\"703\" data-end=\"718\">dnevno sobo<\/li>\n<li data-section-id=\"1bm0bx1\" data-start=\"719\" data-end=\"737\">doma\u010do pisarno<\/li>\n<li data-section-id=\"1v36ysh\" data-start=\"738\" data-end=\"778\">jedilnico ali druge bivalne prostore<\/li>\n<\/ul>\n<h3 data-section-id=\"wingec\" data-start=\"780\" data-end=\"806\"><span role=\"text\"><strong data-start=\"784\" data-end=\"806\">Prednosti izdelka:<\/strong><\/span><\/h3>\n<ul data-start=\"807\" data-end=\"1005\">\n<li data-section-id=\"4dqlhe\" data-start=\"807\" data-end=\"840\">\u2714 Udobno in prostorno sedi\u0161\u010de<\/li>\n<li data-section-id=\"h1zzdq\" data-start=\"841\" data-end=\"890\">\u2714 Kakovostno PU usnje \u2013 enostavno vzdr\u017eevanje<\/li>\n<li data-section-id=\"1fdv85y\" data-start=\"891\" data-end=\"929\">\u2714 Stabilna konstrukcija s 4 nogami<\/li>\n<li data-section-id=\"1cy69uh\" data-start=\"930\" data-end=\"955\">\u2714 Nosilnost do 120 kg<\/li>\n<li data-section-id=\"uceel3\" data-start=\"956\" data-end=\"1005\">\u2714 Trpe\u017eni materiali za dolgo \u017eivljenjsko dobo<\/li>\n<\/ul>\n<p data-start=\"1007\" data-end=\"1093\">Stol ni nastavljiv po vi\u0161ini, kar zagotavlja dodatno stabilnost in brezskrbno uporabo.<\/p>\n<p data-start=\"1095\" data-end=\"1185\">\ud83d\udc49 <strong data-start=\"1098\" data-end=\"1185\">Dodajte svojemu prostoru eleganco in udobje \u2013 naro\u010dite bivalni stol AMBER \u0161e danes!<\/strong><\/p>\n<p data-start=\"1187\" data-end=\"1208\" data-is-last-node=\"\" data-is-only-node=\"\"><strong data-start=\"1187\" data-end=\"1201\">Garancija:<\/strong> 1 leto<\/p>","protected":false},"excerpt":{"rendered":"<p>Bivalni stol AMBER z \u0161irokim sedi\u0161\u010dem in PU usnjem. Klasi\u010den rjavo-\u010drn dizajn, udoben in stabilen stol za dom ali pisarno.<\/p>","protected":false},"featured_media":24464,"comment_status":"open","ping_status":"closed","template":"","meta":{"_acf_changed":false},"product_brand":[],"product_cat":[4456],"product_tag":[],"class_list":{"0":"post-24463","1":"product","2":"type-product","3":"status-publish","4":"has-post-thumbnail","6":"product_cat-stoli","7":"pa_barva-rjavo-crn","8":"pa_material-pu-usnje-pena-kovina-in-plastika","9":"pa_max-nosilnost-120-kg","11":"first","12":"instock","13":"taxable","14":"shipping-taxable","15":"purchasable","16":"product-type-simple"},"acf":[],"_links":{"self":[{"href":"https:\/\/renovatus.si\/de\/wp-json\/wp\/v2\/product\/24463","targetHints":{"allow":["GET"]}}],"collection":[{"href":"https:\/\/renovatus.si\/de\/wp-json\/wp\/v2\/product"}],"about":[{"href":"https:\/\/renovatus.si\/de\/wp-json\/wp\/v2\/types\/product"}],"replies":[{"embeddable":true,"href":"https:\/\/renovatus.si\/de\/wp-json\/wp\/v2\/comments?post=24463"}],"wp:featuredmedia":[{"embeddable":true,"href":"https:\/\/renovatus.si\/de\/wp-json\/wp\/v2\/media\/24464"}],"wp:attachment":[{"href":"https:\/\/renovatus.si\/de\/wp-json\/wp\/v2\/media?parent=24463"}],"wp:term":[{"taxonomy":"product_brand","embeddable":true,"href":"https:\/\/renovatus.si\/de\/wp-json\/wp\/v2\/product_brand?post=24463"},{"taxonomy":"product_cat","embeddable":true,"href":"https:\/\/renovatus.si\/de\/wp-json\/wp\/v2\/product_cat?post=24463"},{"taxonomy":"product_tag","embeddable":true,"href":"https:\/\/renovatus.si\/de\/wp-json\/wp\/v2\/product_tag?post=24463"}],"curies":[{"name":"wp","href":"https:\/\/api.w.org\/{rel}","templated":true}]}}