{"id":24473,"date":"2026-04-16T15:37:11","date_gmt":"2026-04-16T14:37:11","guid":{"rendered":"https:\/\/renovatus.si\/izdelek\/chrdel00003\/"},"modified":"2026-04-16T16:00:03","modified_gmt":"2026-04-16T15:00:03","slug":"bivalni-stol-crystal-eleganten-udoben-stol","status":"publish","type":"product","link":"https:\/\/renovatus.si\/de\/product\/bivalni-stol-crystal-eleganten-udoben-stol\/","title":{"rendered":"Dizajnerski stol ELEMENT Crystal moderen stol"},"content":{"rendered":"<p data-start=\"368\" data-end=\"483\"><strong data-start=\"368\" data-end=\"392\">Bivalni stol CRYSTAL<\/strong> navdu\u0161uje s svojo brez\u010dasno obliko, ki se popolnoma poda v razli\u010dne stile notranje opreme.<\/p>\n<p data-start=\"485\" data-end=\"576\">Elegantna sivo-\u010drna kombinacija ustvari urejen in sodoben videz, zato je idealna izbira za:<\/p>\n<ul data-start=\"577\" data-end=\"625\">\n<li data-section-id=\"75zzgh\" data-start=\"577\" data-end=\"592\">dnevno sobo<\/li>\n<li data-section-id=\"1abv6gd\" data-start=\"593\" data-end=\"606\">jedilnico<\/li>\n<li data-section-id=\"1bm0bx1\" data-start=\"607\" data-end=\"625\">doma\u010do pisarno<\/li>\n<\/ul>\n<p data-start=\"627\" data-end=\"777\">Udobno sedi\u0161\u010de, oble\u010deno v kakovostno tkanino in oblo\u017eeno s peno, omogo\u010da prijetno sedenje tudi pri dalj\u0161i uporabi \u2013 naj bo to delo, obed ali po\u010ditek.<\/p>\n<h3 data-section-id=\"sn0cxn\" data-start=\"779\" data-end=\"814\"><span role=\"text\"><strong data-start=\"783\" data-end=\"814\">Zakaj izbrati stol CRYSTAL?<\/strong><\/span><\/h3>\n<ul data-start=\"815\" data-end=\"1068\">\n<li data-section-id=\"yhj5mr\" data-start=\"815\" data-end=\"856\">\u2714 Mehko in udobno oblazinjeno sedi\u0161\u010de<\/li>\n<li data-section-id=\"1fdv85y\" data-start=\"857\" data-end=\"895\">\u2714 Stabilna konstrukcija s 4 nogami<\/li>\n<li data-section-id=\"1cy69uh\" data-start=\"896\" data-end=\"921\">\u2714 Nosilnost do 120 kg<\/li>\n<li data-section-id=\"obcjla\" data-start=\"922\" data-end=\"974\">\u2714 Lahka zasnova (5,1 kg) za enostavno premikanje<\/li>\n<li data-section-id=\"10sm5zp\" data-start=\"975\" data-end=\"1019\">\u2714 Ergonomske dimenzije za udobno sedenje<\/li>\n<li data-section-id=\"14n8pzl\" data-start=\"1020\" data-end=\"1068\">\u2714 Trpe\u017eni materiali in enostavno vzdr\u017eevanje<\/li>\n<\/ul>\n<p data-start=\"1070\" data-end=\"1163\">Stol CRYSTAL zdru\u017euje funkcionalnost in estetiko ter se brez te\u017eav prilagodi va\u0161emu prostoru.<\/p>\n<p data-start=\"1165\" data-end=\"1242\">\ud83d\udc49 <strong data-start=\"1168\" data-end=\"1242\">Osve\u017eite svoj dom z eleganco \u2013 naro\u010dite bivalni stol CRYSTAL \u0161e danes!<\/strong><\/p>\n<p data-start=\"1244\" data-end=\"1265\" data-is-last-node=\"\" data-is-only-node=\"\"><strong data-start=\"1244\" data-end=\"1258\">Garancija:<\/strong> 1 leto<\/p>","protected":false},"excerpt":{"rendered":"<p>Bivalni stol CRYSTAL sivo-\u010drn z udobnim sedi\u0161\u010dem. Stabilen in eleganten stol za jedilnico, pisarno ali dnevno sobo, nosilnost 120 kg.<\/p>","protected":false},"featured_media":24474,"comment_status":"open","ping_status":"closed","template":"","meta":{"_acf_changed":false},"product_brand":[],"product_cat":[4456],"product_tag":[],"class_list":{"0":"post-24473","1":"product","2":"type-product","3":"status-publish","4":"has-post-thumbnail","6":"product_cat-stoli","7":"pa_barva-sivo-crn","8":"pa_material-tekstil-pena-kovina-in-plastika","9":"pa_max-nosilnost-120-kg","10":"pa_teza-51-kg","12":"first","13":"instock","14":"taxable","15":"shipping-taxable","16":"purchasable","17":"product-type-simple"},"acf":[],"_links":{"self":[{"href":"https:\/\/renovatus.si\/de\/wp-json\/wp\/v2\/product\/24473","targetHints":{"allow":["GET"]}}],"collection":[{"href":"https:\/\/renovatus.si\/de\/wp-json\/wp\/v2\/product"}],"about":[{"href":"https:\/\/renovatus.si\/de\/wp-json\/wp\/v2\/types\/product"}],"replies":[{"embeddable":true,"href":"https:\/\/renovatus.si\/de\/wp-json\/wp\/v2\/comments?post=24473"}],"wp:featuredmedia":[{"embeddable":true,"href":"https:\/\/renovatus.si\/de\/wp-json\/wp\/v2\/media\/24474"}],"wp:attachment":[{"href":"https:\/\/renovatus.si\/de\/wp-json\/wp\/v2\/media?parent=24473"}],"wp:term":[{"taxonomy":"product_brand","embeddable":true,"href":"https:\/\/renovatus.si\/de\/wp-json\/wp\/v2\/product_brand?post=24473"},{"taxonomy":"product_cat","embeddable":true,"href":"https:\/\/renovatus.si\/de\/wp-json\/wp\/v2\/product_cat?post=24473"},{"taxonomy":"product_tag","embeddable":true,"href":"https:\/\/renovatus.si\/de\/wp-json\/wp\/v2\/product_tag?post=24473"}],"curies":[{"name":"wp","href":"https:\/\/api.w.org\/{rel}","templated":true}]}}