{"id":24488,"date":"2026-04-16T15:37:22","date_gmt":"2026-04-16T14:37:22","guid":{"rendered":"https:\/\/renovatus.si\/izdelek\/oc2863\/"},"modified":"2026-04-16T16:17:20","modified_gmt":"2026-04-16T15:17:20","slug":"pisarniski-stol-sivo-bez-ergonomski-stol-za-d","status":"publish","type":"product","link":"https:\/\/renovatus.si\/de\/product\/pisarniski-stol-sivo-bez-ergonomski-stol-za-d\/","title":{"rendered":"Pisarni\u0161ki stol ELEMENT Dynamic ergonomski"},"content":{"rendered":"<div class=\"flex flex-col text-sm pb-25\">\n<section class=\"text-token-text-primary w-full focus:outline-none [--shadow-height:45px] has-data-writing-block:pointer-events-none has-data-writing-block:-mt-(--shadow-height) has-data-writing-block:pt-(--shadow-height) [&amp;:has([data-writing-block])&gt;*]:pointer-events-auto scroll-mt-[calc(var(--header-height)+min(200px,max(70px,20svh)))]\" dir=\"auto\" data-turn-id=\"request-WEB:bfb01f58-5999-4fed-a6e4-30449aa5c874-17\" data-testid=\"conversation-turn-36\" data-scroll-anchor=\"true\" data-turn=\"assistant\">\n<div class=\"text-base my-auto mx-auto pb-10 [--thread-content-margin:var(--thread-content-margin-xs,calc(var(--spacing)*4))] @w-sm\/main:[--thread-content-margin:var(--thread-content-margin-sm,calc(var(--spacing)*6))] @w-lg\/main:[--thread-content-margin:var(--thread-content-margin-lg,calc(var(--spacing)*16))] px-(--thread-content-margin)\">\n<div class=\"[--thread-content-max-width:40rem] @w-lg\/main:[--thread-content-max-width:48rem] mx-auto max-w-(--thread-content-max-width) flex-1 group\/turn-messages focus-visible:outline-hidden relative flex w-full min-w-0 flex-col agent-turn\">\n<div class=\"flex max-w-full flex-col gap-4 grow\">\n<div class=\"min-h-8 text-message relative flex w-full flex-col items-end gap-2 text-start break-words whitespace-normal outline-none keyboard-focused:focus-ring [.text-message+&amp;]:mt-1\" dir=\"auto\" tabindex=\"0\" data-message-author-role=\"assistant\" data-message-id=\"310fac58-0f5a-4d99-bb3b-57e5ad6cab72\" data-message-model-slug=\"gpt-5-3\" data-turn-start-message=\"true\">\n<div class=\"flex w-full flex-col gap-1 empty:hidden\">\n<div class=\"markdown prose dark:prose-invert w-full wrap-break-word dark markdown-new-styling\">\n<p data-start=\"364\" data-end=\"512\"><strong data-start=\"364\" data-end=\"383\">Pisarni\u0161ki stol<\/strong> v sivo-be\u017e kombinaciji je odli\u010dna izbira za vse, ki \u017eelijo zdru\u017eiti udobje, ergonomijo in eleganten videz pri vsakodnevnem delu.<\/p>\n<p data-start=\"514\" data-end=\"686\">Oblazinjeno sedi\u0161\u010de iz kakovostnega tekstilnega usnja in pene omogo\u010da prijetno sedenje tudi pri dalj\u0161i uporabi, medtem ko ergonomsko naslonjalo nudi zanesljivo oporo hrbtu.<\/p>\n<p data-start=\"688\" data-end=\"735\">Nevtralna barvna kombinacija se odli\u010dno poda v:<\/p>\n<ul data-start=\"736\" data-end=\"802\">\n<li data-section-id=\"1bm0bx1\" data-start=\"736\" data-end=\"754\">doma\u010do pisarno<\/li>\n<li data-section-id=\"1qc7aox\" data-start=\"755\" data-end=\"775\">poslovni prostor<\/li>\n<li data-section-id=\"krwbb5\" data-start=\"776\" data-end=\"802\">sodobno delovno okolje<\/li>\n<\/ul>\n<h3 data-section-id=\"kgztxg\" data-start=\"804\" data-end=\"842\"><span role=\"text\"><strong data-start=\"808\" data-end=\"842\">Zakaj izbrati pisarni\u0161ki stol?<\/strong><\/span><\/h3>\n<ul data-start=\"843\" data-end=\"1118\">\n<li data-section-id=\"1udnkp\" data-start=\"843\" data-end=\"883\">\u2714 Ergonomska oblika za pravilno dr\u017eo<\/li>\n<li data-section-id=\"3m5ro4\" data-start=\"884\" data-end=\"938\">\u2714 Nastavljiva vi\u0161ina (plinski mehanizem razreda 3)<\/li>\n<li data-section-id=\"ryopbk\" data-start=\"939\" data-end=\"976\">\u2714 Funkcija nagiba za ve\u010dje udobje<\/li>\n<li data-section-id=\"bn3a7t\" data-start=\"977\" data-end=\"1010\">\u2714 Oblazinjena naslona za roke<\/li>\n<li data-section-id=\"1dgx98v\" data-start=\"1011\" data-end=\"1043\">\u2714 Stabilna baza s 5 kole\u0161\u010dki<\/li>\n<li data-section-id=\"1l30om0\" data-start=\"1044\" data-end=\"1069\">\u2714 Nosilnost do 130 kg<\/li>\n<li data-section-id=\"14n8pzl\" data-start=\"1070\" data-end=\"1118\">\u2714 Trpe\u017eni materiali in enostavno vzdr\u017eevanje<\/li>\n<\/ul>\n<p data-start=\"1120\" data-end=\"1198\">Stol zdru\u017euje funkcionalnost, stabilnost in sodoben dizajn za u\u010dinkovito delo.<\/p>\n<p data-start=\"1200\" data-end=\"1280\">\ud83d\udc49 <strong data-start=\"1203\" data-end=\"1280\">Poskrbite za udobje in produktivnost \u2013 naro\u010dite pisarni\u0161ki stol \u0161e danes!<\/strong><\/p>\n<p data-start=\"1282\" data-end=\"1303\" data-is-last-node=\"\" data-is-only-node=\"\"><strong data-start=\"1282\" data-end=\"1296\">Garancija:<\/strong> 1 leto<\/p>\n<\/div>\n<\/div>\n<\/div>\n<\/div>\n<div class=\"z-0 flex min-h-[46px] justify-start\"><\/div>\n<div class=\"mt-3 w-full empty:hidden\">\n<div class=\"text-center\"><\/div>\n<\/div>\n<\/div>\n<\/div>\n<\/section>\n<\/div>\n<div class=\"pointer-events-none h-px w-px absolute bottom-0\" aria-hidden=\"true\" data-edge=\"true\"><\/div>\n","protected":false},"excerpt":{"rendered":"<p>Pisarni\u0161ki stol z nasloni, nastavljiv po vi\u0161ini in nagibu. Udoben, stabilen, nosilnost 130 kg, sivo-be\u017e barva, idealen za delo.<\/p>","protected":false},"featured_media":24489,"comment_status":"open","ping_status":"closed","template":"","meta":{"_acf_changed":false},"product_brand":[],"product_cat":[4456],"product_tag":[],"class_list":{"0":"post-24488","1":"product","2":"type-product","3":"status-publish","4":"has-post-thumbnail","6":"product_cat-stoli","7":"pa_barva-zeleno-bez","8":"pa_material-tekstil-pena-kovina-in-plastika","9":"pa_max-nosilnost-130-kg","10":"pa_plinska-vzmet-class-3","11":"pa_teza-15-kg","13":"first","14":"instock","15":"taxable","16":"shipping-taxable","17":"purchasable","18":"product-type-simple"},"acf":[],"_links":{"self":[{"href":"https:\/\/renovatus.si\/de\/wp-json\/wp\/v2\/product\/24488","targetHints":{"allow":["GET"]}}],"collection":[{"href":"https:\/\/renovatus.si\/de\/wp-json\/wp\/v2\/product"}],"about":[{"href":"https:\/\/renovatus.si\/de\/wp-json\/wp\/v2\/types\/product"}],"replies":[{"embeddable":true,"href":"https:\/\/renovatus.si\/de\/wp-json\/wp\/v2\/comments?post=24488"}],"wp:featuredmedia":[{"embeddable":true,"href":"https:\/\/renovatus.si\/de\/wp-json\/wp\/v2\/media\/24489"}],"wp:attachment":[{"href":"https:\/\/renovatus.si\/de\/wp-json\/wp\/v2\/media?parent=24488"}],"wp:term":[{"taxonomy":"product_brand","embeddable":true,"href":"https:\/\/renovatus.si\/de\/wp-json\/wp\/v2\/product_brand?post=24488"},{"taxonomy":"product_cat","embeddable":true,"href":"https:\/\/renovatus.si\/de\/wp-json\/wp\/v2\/product_cat?post=24488"},{"taxonomy":"product_tag","embeddable":true,"href":"https:\/\/renovatus.si\/de\/wp-json\/wp\/v2\/product_tag?post=24488"}],"curies":[{"name":"wp","href":"https:\/\/api.w.org\/{rel}","templated":true}]}}