{"id":24560,"date":"2026-04-17T12:00:39","date_gmt":"2026-04-17T11:00:39","guid":{"rendered":"https:\/\/renovatus.si\/izdelek\/vox-115979\/"},"modified":"2026-04-17T13:15:06","modified_gmt":"2026-04-17T12:15:06","slug":"vox-ima12-uvcw-klimatska-naprava-wifi-uvc-inv","status":"publish","type":"product","link":"https:\/\/renovatus.si\/de\/product\/vox-ima12-uvcw-klimatska-naprava-wifi-uvc-inv\/","title":{"rendered":"VOX klimatska naprava 3,5kW  WiFi A+++ UVC"},"content":{"rendered":"<div class=\"flex flex-col text-sm pb-25\">\n<section class=\"text-token-text-primary w-full focus:outline-none [--shadow-height:45px] has-data-writing-block:pointer-events-none has-data-writing-block:-mt-(--shadow-height) has-data-writing-block:pt-(--shadow-height) [&amp;:has([data-writing-block])&gt;*]:pointer-events-auto scroll-mt-[calc(var(--header-height)+min(200px,max(70px,20svh)))]\" dir=\"auto\" data-turn-id=\"request-WEB:954ac6a9-ed18-4d6b-85ed-71a4020bd035-48\" data-testid=\"conversation-turn-98\" data-scroll-anchor=\"true\" data-turn=\"assistant\">\n<div class=\"text-base my-auto mx-auto pb-10 [--thread-content-margin:var(--thread-content-margin-xs,calc(var(--spacing)*4))] @w-sm\/main:[--thread-content-margin:var(--thread-content-margin-sm,calc(var(--spacing)*6))] @w-lg\/main:[--thread-content-margin:var(--thread-content-margin-lg,calc(var(--spacing)*16))] px-(--thread-content-margin)\">\n<div class=\"[--thread-content-max-width:40rem] @w-lg\/main:[--thread-content-max-width:48rem] mx-auto max-w-(--thread-content-max-width) flex-1 group\/turn-messages focus-visible:outline-hidden relative flex w-full min-w-0 flex-col agent-turn\">\n<div class=\"flex max-w-full flex-col gap-4 grow\">\n<div class=\"min-h-8 text-message relative flex w-full flex-col items-end gap-2 text-start break-words whitespace-normal outline-none keyboard-focused:focus-ring [.text-message+&amp;]:mt-1\" dir=\"auto\" tabindex=\"0\" data-message-author-role=\"assistant\" data-message-id=\"53fab91a-4c33-4c6f-b108-603dc85fa922\" data-message-model-slug=\"gpt-5-3\" data-turn-start-message=\"true\">\n<div class=\"flex w-full flex-col gap-1 empty:hidden\">\n<div class=\"markdown prose dark:prose-invert w-full wrap-break-word dark markdown-new-styling\">\n<h1 data-section-id=\"cfmhgi\" data-start=\"389\" data-end=\"450\">\u2744\ufe0f VOX IMA12-UVCW klimatska naprava za \u010dist in zdrav zrak<\/h1>\n<p data-start=\"452\" data-end=\"604\"><strong data-start=\"452\" data-end=\"488\">VOX IMA12-UVCW klimatska naprava<\/strong> je napredna re\u0161itev za vse, ki \u017eelite zmogljivo hlajenje, u\u010dinkovito ogrevanje in vrhunsko kakovost zraka v enem.<\/p>\n<p data-start=\"606\" data-end=\"728\">\ud83d\udc49 I\u0161\u010dete napravo, ki ne le hladi, ampak aktivno izbolj\u0161uje zrak v va\u0161em domu ali pisarni? Ta model vas ne bo razo\u010daral.<\/p>\n<p data-start=\"730\" data-end=\"1161\">Ta klimatska naprava s hladilno mo\u010djo 3,5 kW in ogrevanjem 4,2 kW je idealna za sodobne prostore ter zagotavlja izjemno energijsko u\u010dinkovitost A+++ pri hlajenju in A++ pri ogrevanju. Z visokima vrednostma SEER (8,7) in SCOP (4,7) omogo\u010da optimalno delovanje skozi vse leto. Napredna <strong data-start=\"1014\" data-end=\"1035\">UVC sterilizacija<\/strong> in <strong data-start=\"1039\" data-end=\"1059\">Honeycomb filter<\/strong> u\u010dinkovito odstranjujeta bakterije, viruse, plesni in alergene ter zagotavljata sve\u017e in zdrav zrak.<\/p>\n<h3 data-section-id=\"15rmiha\" data-start=\"1163\" data-end=\"1187\">Klju\u010dne prednosti:<\/h3>\n<ul data-start=\"1188\" data-end=\"1476\">\n<li data-section-id=\"1gw4ykm\" data-start=\"1188\" data-end=\"1233\">\ud83e\uddfc UVC sterilizator za razku\u017eevanje zraka<\/li>\n<li data-section-id=\"1yp6gkn\" data-start=\"1234\" data-end=\"1287\">\ud83e\udda0 Honeycomb filter proti bakterijam in alergenom<\/li>\n<li data-section-id=\"989gyt\" data-start=\"1288\" data-end=\"1335\">\ud83d\udd04 Samodejno \u010di\u0161\u010denje in antifungus za\u0161\u010dita<\/li>\n<li data-section-id=\"13vxzcn\" data-start=\"1336\" data-end=\"1370\">\ud83d\udce1 WiFi upravljanje na daljavo<\/li>\n<li data-section-id=\"2l2byi\" data-start=\"1371\" data-end=\"1428\">\ud83c\udfaf i-Feel funkcija za natan\u010dno regulacijo temperature<\/li>\n<li data-section-id=\"1o1omgb\" data-start=\"1429\" data-end=\"1476\">\ud83c\udf19 Deep Sleep na\u010din za tiho no\u010dno delovanje<\/li>\n<\/ul>\n<p data-start=\"1478\" data-end=\"1737\"><strong data-start=\"1478\" data-end=\"1514\">VOX IMA12-UVCW klimatska naprava<\/strong> z nizko ravnjo hrupa (56 dB) in pretokom zraka do 650 m\u00b3\/h zagotavlja enakomerno porazdelitev temperature in maksimalno udobje. Uporaba hladilnega sredstva R32 prispeva k ve\u010dji u\u010dinkovitosti in manj\u0161i obremenitvi okolja.<\/p>\n<p data-start=\"1739\" data-end=\"1910\" data-is-last-node=\"\" data-is-only-node=\"\">S sodobnim dizajnom in <strong data-start=\"1762\" data-end=\"1783\">5-letno garancijo<\/strong> je ta naprava zanesljiva izbira za va\u0161 dom ali poslovni prostor, kjer \u017eelite zdru\u017eiti udobje, zdravje in napredno tehnologijo.<\/p>\n<\/div>\n<\/div>\n<\/div>\n<\/div>\n<div class=\"z-0 flex min-h-[46px] justify-start\"><\/div>\n<div class=\"mt-3 w-full empty:hidden\">\n<div class=\"text-center\"><\/div>\n<\/div>\n<\/div>\n<\/div>\n<\/section>\n<\/div>\n<div class=\"pointer-events-none h-px w-px absolute bottom-0\" aria-hidden=\"true\" data-edge=\"true\"><\/div>\n","protected":false},"excerpt":{"rendered":"<p>VOX IMA12-UVCW klimatska naprava 3,5 kW z WiFi, A+++ u\u010dinkovitostjo, UVC sterilizacijo in tihim delovanjem za popolno udobje skozi vse leto.<\/p>","protected":false},"featured_media":24561,"comment_status":"open","ping_status":"closed","template":"","meta":{"_acf_changed":false},"product_brand":[2666],"product_cat":[4513],"product_tag":[],"class_list":{"0":"post-24560","1":"product","2":"type-product","3":"status-publish","4":"has-post-thumbnail","6":"product_brand-vox","7":"product_cat-klime","8":"pa_barva-bela","9":"pa_bruto-teza-zunanja-enota-kg-4509","10":"pa_funkcije-uvc-sterilizator-honeycomb-filter-samodejno-ciscenje-antifungus-auto-restart-i-feel-deep-sleep","11":"pa_garancija-5-let","12":"pa_grelni-tok-a-48-100-603","13":"pa_hladilna-moc-kw-087-013-155","14":"pa_hladilni-tok-a-42-056-508","15":"pa_hladilno-sredstvo-r32","16":"pa_maks-izpustni-tlak-mpa-4-3","17":"pa_maks-sesalni-tlak-mpa-2-5","18":"pa_maks-vhodna-moc-kw-w-1-5","19":"pa_maks-vhodni-tok-a-4496","20":"pa_najvecja-dolzina-cevi-m-4505","21":"pa_najvecji-padec-namestitve-m-4506","22":"pa_neto-teza-notranja-enota-kg-8-5","23":"pa_neto-teza-zunanja-enota-kg-24-5","24":"pa_notranji-vodoodporni-razred-ipx0","25":"pa_ogrevanje-kw-w-106-023-13","26":"pa_pretok-zraka-m3-h-notranji-4502","27":"pa_pretoka-zraka-m3-h-zunanji-4503","28":"pa_scop-4-7","29":"pa_seer-8-7","30":"pa_zmogljivost-hlajenja-kw-35-065-41","31":"pa_zmogljivost-ogrevanja-kw-42-093-42","32":"pa_znamka-vox","34":"first","35":"instock","36":"taxable","37":"shipping-taxable","38":"purchasable","39":"product-type-simple"},"acf":[],"_links":{"self":[{"href":"https:\/\/renovatus.si\/de\/wp-json\/wp\/v2\/product\/24560","targetHints":{"allow":["GET"]}}],"collection":[{"href":"https:\/\/renovatus.si\/de\/wp-json\/wp\/v2\/product"}],"about":[{"href":"https:\/\/renovatus.si\/de\/wp-json\/wp\/v2\/types\/product"}],"replies":[{"embeddable":true,"href":"https:\/\/renovatus.si\/de\/wp-json\/wp\/v2\/comments?post=24560"}],"wp:featuredmedia":[{"embeddable":true,"href":"https:\/\/renovatus.si\/de\/wp-json\/wp\/v2\/media\/24561"}],"wp:attachment":[{"href":"https:\/\/renovatus.si\/de\/wp-json\/wp\/v2\/media?parent=24560"}],"wp:term":[{"taxonomy":"product_brand","embeddable":true,"href":"https:\/\/renovatus.si\/de\/wp-json\/wp\/v2\/product_brand?post=24560"},{"taxonomy":"product_cat","embeddable":true,"href":"https:\/\/renovatus.si\/de\/wp-json\/wp\/v2\/product_cat?post=24560"},{"taxonomy":"product_tag","embeddable":true,"href":"https:\/\/renovatus.si\/de\/wp-json\/wp\/v2\/product_tag?post=24560"}],"curies":[{"name":"wp","href":"https:\/\/api.w.org\/{rel}","templated":true}]}}