{"id":24666,"date":"2026-04-24T08:15:42","date_gmt":"2026-04-24T07:15:42","guid":{"rendered":"https:\/\/renovatus.si\/izdelek\/g-209-ze\/"},"modified":"2026-04-24T08:32:04","modified_gmt":"2026-04-24T07:32:04","slug":"dvostranska-krtaca-za-nego-hisnih-ljubljencko","status":"publish","type":"product","link":"https:\/\/renovatus.si\/de\/product\/dvostranska-krtaca-za-nego-hisnih-ljubljencko\/","title":{"rendered":"Krta\u010da za male pse in ma\u010dke \u2013 ne\u017eno odstranjevanje dlake"},"content":{"rendered":"<section class=\"text-token-text-primary w-full focus:outline-none [--shadow-height:45px] has-data-writing-block:pointer-events-none has-data-writing-block:-mt-(--shadow-height) has-data-writing-block:pt-(--shadow-height) [&amp;:has([data-writing-block])&gt;*]:pointer-events-auto [content-visibility:auto] supports-[content-visibility:auto]:[contain-intrinsic-size:auto_100lvh] R6Vx5W_threadScrollVars scroll-mb-[calc(var(--scroll-root-safe-area-inset-bottom,0px)+var(--thread-response-height))] scroll-mt-[calc(var(--header-height)+min(200px,max(70px,20svh)))]\" dir=\"auto\" data-turn-id=\"request-WEB:d107da94-4638-4d98-a880-6ef7d1825e83-1\" data-testid=\"conversation-turn-4\" data-scroll-anchor=\"false\" data-turn=\"assistant\">\n<div class=\"text-base my-auto mx-auto pb-10 [--thread-content-margin:var(--thread-content-margin-xs,calc(var(--spacing)*4))] @w-sm\/main:[--thread-content-margin:var(--thread-content-margin-sm,calc(var(--spacing)*6))] @w-lg\/main:[--thread-content-margin:var(--thread-content-margin-lg,calc(var(--spacing)*16))] px-(--thread-content-margin)\">\n<div class=\"[--thread-content-max-width:40rem] @w-lg\/main:[--thread-content-max-width:48rem] mx-auto max-w-(--thread-content-max-width) flex-1 group\/turn-messages focus-visible:outline-hidden relative flex w-full min-w-0 flex-col agent-turn\">\n<div class=\"flex max-w-full flex-col gap-4 grow\">\n<div class=\"min-h-8 text-message relative flex w-full flex-col items-end gap-2 text-start break-words whitespace-normal outline-none keyboard-focused:focus-ring [.text-message+&amp;]:mt-1\" dir=\"auto\" tabindex=\"0\" data-message-author-role=\"assistant\" data-message-id=\"38b1fa3f-81a8-4600-b909-a8838eebe1fa\" data-message-model-slug=\"gpt-5-3\" data-turn-start-message=\"true\">\n<div class=\"flex w-full flex-col gap-1 empty:hidden\">\n<div class=\"markdown prose dark:prose-invert w-full wrap-break-word dark markdown-new-styling\">\n<h3 data-section-id=\"b6eku1\" data-start=\"607\" data-end=\"673\">Dvostranska krta\u010da za nego hi\u0161nih ljubljen\u010dkov za popolno nego<\/h3>\n<p data-start=\"675\" data-end=\"931\">Dvostranska krta\u010da za nego hi\u0161nih ljubljen\u010dkov je vsestranski pripomo\u010dek, ki omogo\u010da u\u010dinkovito in enostavno nego dlake pri psih in ma\u010dkah. Zahvaljujo\u010d inovativni 2v1 zasnovi zdru\u017euje razvozlavanje vozlov in odstranjevanje odmrle dlake v enem samem orodju.<\/p>\n<hr data-start=\"933\" data-end=\"936\" \/>\n<h3 data-section-id=\"1q7gx04\" data-start=\"938\" data-end=\"983\"><span role=\"text\">\u2728 <strong data-start=\"944\" data-end=\"983\">2v1 funkcionalnost za celovito nego<\/strong><\/span><\/h3>\n<ul data-start=\"985\" data-end=\"1174\">\n<li data-section-id=\"fqhio2\" data-start=\"985\" data-end=\"1044\">\u2714\ufe0f <strong data-start=\"990\" data-end=\"1004\">Prva stran<\/strong> \u2013 odstranjuje sprijeto dlako in vozle<\/li>\n<li data-section-id=\"157r7ti\" data-start=\"1045\" data-end=\"1122\">\u2714\ufe0f <strong data-start=\"1050\" data-end=\"1065\">Druga stran<\/strong> \u2013 odstranjuje odmrlo dlako in poddlako ter gladi ko\u017euh<\/li>\n<li data-section-id=\"11qi3ip\" data-start=\"1123\" data-end=\"1174\">\u2714\ufe0f Omogo\u010da hitro in u\u010dinkovito vsakodnevno nego<\/li>\n<\/ul>\n<hr data-start=\"1176\" data-end=\"1179\" \/>\n<h3 data-section-id=\"xzqtec\" data-start=\"1181\" data-end=\"1228\"><span role=\"text\">\ud83d\udc96 <strong data-start=\"1188\" data-end=\"1228\">Ne\u017ena do ko\u017ee in prijetna za uporabo<\/strong><\/span><\/h3>\n<ul data-start=\"1230\" data-end=\"1372\">\n<li data-section-id=\"171ggf0\" data-start=\"1230\" data-end=\"1270\">Ne dra\u017ei ko\u017ee in ne povzro\u010da bole\u010din<\/li>\n<li data-section-id=\"1rpv6m7\" data-start=\"1271\" data-end=\"1328\">Deluje kot <strong data-start=\"1284\" data-end=\"1300\">ne\u017ena masa\u017ea<\/strong>, ki spodbuja prekrvavitev<\/li>\n<li data-section-id=\"1ei8g2r\" data-start=\"1329\" data-end=\"1372\">Primerna tudi za ob\u010dutljive ljubljen\u010dke<\/li>\n<\/ul>\n<hr data-start=\"1374\" data-end=\"1377\" \/>\n<h3 data-section-id=\"nmmyzc\" data-start=\"1379\" data-end=\"1423\"><span role=\"text\">\ud83d\udee0\ufe0f <strong data-start=\"1387\" data-end=\"1423\">Ergonomska in kakovostna zasnova<\/strong><\/span><\/h3>\n<ul data-start=\"1425\" data-end=\"1554\">\n<li data-section-id=\"xnzznb\" data-start=\"1425\" data-end=\"1458\">Udoben ro\u010daj za varen oprijem<\/li>\n<li data-section-id=\"l21ccx\" data-start=\"1459\" data-end=\"1507\">Enostavna uporaba tudi pri dalj\u0161em krta\u010denju<\/li>\n<li data-section-id=\"1skrawx\" data-start=\"1508\" data-end=\"1554\">Trpe\u017ena izdelava za dolgo \u017eivljenjsko dobo<\/li>\n<\/ul>\n<hr data-start=\"1556\" data-end=\"1559\" \/>\n<h3 data-section-id=\"nggfob\" data-start=\"1561\" data-end=\"1601\"><span role=\"text\">\ud83d\udc36\ud83d\udc31 <strong data-start=\"1570\" data-end=\"1601\">Primerna za vse ljubljen\u010dke<\/strong><\/span><\/h3>\n<p data-start=\"1603\" data-end=\"1665\">Dvostranska krta\u010da za nego hi\u0161nih ljubljen\u010dkov je primerna za:<\/p>\n<ul data-start=\"1666\" data-end=\"1771\">\n<li data-section-id=\"16jre9a\" data-start=\"1666\" data-end=\"1673\">pse<\/li>\n<li data-section-id=\"djs0o7\" data-start=\"1674\" data-end=\"1683\">ma\u010dke<\/li>\n<li data-section-id=\"16dgg29\" data-start=\"1684\" data-end=\"1740\">razli\u010dne tipe dlake (kratka, dolga, gosta, poddlaka)<\/li>\n<\/ul>\n<hr data-start=\"1773\" data-end=\"1776\" \/>\n<h3 data-section-id=\"m02ngv\" data-start=\"1778\" data-end=\"1812\"><span role=\"text\">\ud83c\udf1f <strong data-start=\"1785\" data-end=\"1812\">Prednosti redne uporabe<\/strong><\/span><\/h3>\n<ul data-start=\"1814\" data-end=\"1958\">\n<li data-section-id=\"1z0cpmo\" data-start=\"1814\" data-end=\"1843\">Zmanj\u0161uje izpadanje dlake<\/li>\n<li data-section-id=\"1w9ewzk\" data-start=\"1844\" data-end=\"1874\">Prepre\u010duje nastanek vozlov<\/li>\n<li data-section-id=\"ferhc6\" data-start=\"1875\" data-end=\"1916\">Ohranja ko\u017euh zdrav, sijo\u010d in negovan<\/li>\n<li data-section-id=\"f9mznx\" data-start=\"1917\" data-end=\"1958\">Nega postane hitrej\u0161a in enostavnej\u0161a<\/li>\n<\/ul>\n<hr data-start=\"1960\" data-end=\"1963\" \/>\n<p data-start=\"1965\" data-end=\"2136\" data-is-last-node=\"\" data-is-only-node=\"\">Dvostranska krta\u010da za nego hi\u0161nih ljubljen\u010dkov je idealna izbira za vsakodnevno nego doma ali v salonu. Poskrbite, da bo va\u0161 ljubljen\u010dek vedno urejen, zadovoljen in zdrav.<\/p>\n<\/div>\n<\/div>\n<\/div>\n<\/div>\n<div class=\"z-0 flex min-h-[46px] justify-start\"><\/div>\n<div class=\"mt-3 w-full empty:hidden\">\n<div class=\"text-center\"><\/div>\n<\/div>\n<\/div>\n<\/div>\n<\/section>\n<div class=\"pointer-events-none -mt-px h-px translate-y-[calc(var(--scroll-root-safe-area-inset-bottom)-14*var(--spacing))]\" aria-hidden=\"true\"><\/div>\n","protected":false},"excerpt":{"rendered":"<p>Dvostranska krta\u010da za pse in ma\u010dke u\u010dinkovito odstrani odmrlo dlako, razvozla vozle in poskrbi za gladek, zdrav ko\u017euh brez napora.<\/p>","protected":false},"featured_media":24668,"comment_status":"open","ping_status":"closed","template":"","meta":{"_acf_changed":false},"product_brand":[],"product_cat":[4300],"product_tag":[],"class_list":{"0":"post-24666","1":"product","2":"type-product","3":"status-publish","4":"has-post-thumbnail","6":"product_cat-zivali","7":"pa_barva-zelena","9":"first","10":"instock","11":"taxable","12":"shipping-taxable","13":"purchasable","14":"product-type-simple"},"acf":[],"_links":{"self":[{"href":"https:\/\/renovatus.si\/de\/wp-json\/wp\/v2\/product\/24666","targetHints":{"allow":["GET"]}}],"collection":[{"href":"https:\/\/renovatus.si\/de\/wp-json\/wp\/v2\/product"}],"about":[{"href":"https:\/\/renovatus.si\/de\/wp-json\/wp\/v2\/types\/product"}],"replies":[{"embeddable":true,"href":"https:\/\/renovatus.si\/de\/wp-json\/wp\/v2\/comments?post=24666"}],"wp:featuredmedia":[{"embeddable":true,"href":"https:\/\/renovatus.si\/de\/wp-json\/wp\/v2\/media\/24668"}],"wp:attachment":[{"href":"https:\/\/renovatus.si\/de\/wp-json\/wp\/v2\/media?parent=24666"}],"wp:term":[{"taxonomy":"product_brand","embeddable":true,"href":"https:\/\/renovatus.si\/de\/wp-json\/wp\/v2\/product_brand?post=24666"},{"taxonomy":"product_cat","embeddable":true,"href":"https:\/\/renovatus.si\/de\/wp-json\/wp\/v2\/product_cat?post=24666"},{"taxonomy":"product_tag","embeddable":true,"href":"https:\/\/renovatus.si\/de\/wp-json\/wp\/v2\/product_tag?post=24666"}],"curies":[{"name":"wp","href":"https:\/\/api.w.org\/{rel}","templated":true}]}}