{"id":24730,"date":"2026-05-13T11:08:05","date_gmt":"2026-05-13T10:08:05","guid":{"rendered":"https:\/\/renovatus.si\/izdelek\/asus-vivobook-go-15-e1504fa-bq2876-nb15as00165-1\/"},"modified":"2026-05-13T18:58:35","modified_gmt":"2026-05-13T17:58:35","slug":"asus-vivobook-go-15-oled-prenosnik-ryzen-3","status":"publish","type":"product","link":"https:\/\/renovatus.si\/de\/product\/asus-vivobook-go-15-oled-prenosnik-ryzen-3\/","title":{"rendered":"ASUS Vivobook Go 15 Ryzen 3 8GB 512GB 15,6 FHD W11"},"content":{"rendered":"<div class=\"qMYqUG_convSearchResultHighlightRoot\">\n<div class=\"\" data-turn-id-container=\"request-WEB:e3d93dcf-bd4c-49f4-a302-5405404034b7-5\" data-is-intersecting=\"true\">\n<div class=\"relative w-full overflow-visible\">\n<section class=\"text-token-text-primary w-full focus:outline-none [--shadow-height:45px] has-data-writing-block:pointer-events-none has-data-writing-block:-mt-(--shadow-height) has-data-writing-block:pt-(--shadow-height) [&amp;:has([data-writing-block])&gt;*]:pointer-events-auto R6Vx5W_threadScrollVars scroll-mb-[calc(var(--scroll-root-safe-area-inset-bottom,0px)+var(--thread-response-height))] scroll-mt-[calc(var(--header-height)+min(200px,max(70px,20svh)))]\" dir=\"auto\" data-turn-id=\"request-WEB:e3d93dcf-bd4c-49f4-a302-5405404034b7-5\" data-turn-id-container=\"request-WEB:e3d93dcf-bd4c-49f4-a302-5405404034b7-5\" data-testid=\"conversation-turn-12\" data-scroll-anchor=\"false\" data-turn=\"assistant\">\n<div class=\"text-base my-auto mx-auto pb-10 [--thread-content-margin:var(--thread-content-margin-xs,calc(var(--spacing)*4))] @w-sm\/main:[--thread-content-margin:var(--thread-content-margin-sm,calc(var(--spacing)*6))] @w-lg\/main:[--thread-content-margin:var(--thread-content-margin-lg,calc(var(--spacing)*16))] px-(--thread-content-margin)\">\n<div class=\"[--thread-content-max-width:40rem] @w-lg\/main:[--thread-content-max-width:48rem] mx-auto max-w-(--thread-content-max-width) flex-1 group\/turn-messages focus-visible:outline-hidden relative flex w-full min-w-0 flex-col agent-turn\">\n<div class=\"flex max-w-full flex-col gap-4 grow\">\n<div class=\"min-h-8 text-message relative flex w-full flex-col items-end gap-2 text-start break-words whitespace-normal outline-none keyboard-focused:focus-ring [.text-message+&amp;]:mt-1\" dir=\"auto\" tabindex=\"0\" data-message-author-role=\"assistant\" data-message-id=\"75b74d80-d5ca-4168-b4c6-203013f8991d\" data-message-model-slug=\"gpt-5-5\" data-turn-start-message=\"true\">\n<div class=\"flex w-full flex-col gap-1 empty:hidden\">\n<div class=\"markdown prose dark:prose-invert wrap-break-word w-full dark markdown-new-styling\">\n<p data-start=\"370\" data-end=\"678\">ASUS Vivobook Go 15 je sodoben, eleganten in zmogljiv prenosnik, ustvarjen za vsakodnevno delo, u\u010denje, ve\u010dopravilnost in zabavo. S svojo lahko zasnovo, hitrim delovanjem in vrhunskim OLED zaslonom predstavlja odli\u010dno izbiro za uporabnike, ki \u017eelijo zanesljivo napravo za doma\u010do, \u0161olsko ali poslovno uporabo.<\/p>\n<p data-start=\"680\" data-end=\"1050\">Za hitro in teko\u010de delovanje skrbi procesor AMD Ryzen 3 7320U, ki skupaj z 8 GB hitrega LPDDR5 pomnilnika omogo\u010da brezhibno ve\u010dopravilnost, hitro odpiranje aplikacij ter odzivno delovanje sistema. Prenosnik je opremljen tudi z zmogljivim 512 GB NVMe SSD diskom, ki poskrbi za hiter zagon operacijskega sistema Windows 11 Home ter hitro shranjevanje in odpiranje datotek.<\/p>\n<p data-start=\"1052\" data-end=\"1371\">Najve\u010dja prednost modela ASUS Vivobook Go 15 je izjemen 15,6-pal\u010dni Full HD OLED zaslon, ki navdu\u0161uje z vrhunsko barvno natan\u010dnostjo, globoko \u010drno barvo in svetilnostjo do 500 nit. Zaradi \u017eivih barv in odli\u010dnega kontrasta je prenosnik popoln za gledanje filmov, ustvarjanje vsebin, spletno delo ali vsakodnevno uporabo.<\/p>\n<p data-start=\"1373\" data-end=\"1689\">Integrirana grafi\u010dna kartica AMD Radeon 610M omogo\u010da teko\u010de predvajanje multimedije ter osnovno grafi\u010dno delo. Sodobna povezljivost Wi-Fi 6E in Bluetooth 5.3 zagotavlja hitro in stabilno brez\u017ei\u010dno povezavo, medtem ko priklju\u010dki USB-C, USB-A, HDMI in 3,5 mm avdio vhod omogo\u010dajo enostavno povezovanje zunanjih naprav.<\/p>\n<p data-start=\"1691\" data-end=\"1919\" data-is-last-node=\"\" data-is-only-node=\"\">ASUS Vivobook Go 15 tehta le 1,63 kg in ima tanko ohi\u0161je, zato je idealen tudi za uporabnike, ki so veliko na poti. Zdru\u017euje sodoben videz, zanesljivo delovanje in vrhunski OLED zaslon v cenovno dostopnem prenosniku za vsak dan.<\/p>\n<\/div>\n<\/div>\n<\/div>\n<\/div>\n<div class=\"z-0 flex min-h-[46px] justify-start\"><\/div>\n<div class=\"mt-3 w-full empty:hidden\">\n<div class=\"text-center\"><\/div>\n<\/div>\n<\/div>\n<\/div>\n<\/section>\n<div class=\"contents\"><\/div>\n<\/div>\n<\/div>\n<\/div>\n<div class=\"pointer-events-none -mt-px h-px translate-y-[calc(var(--scroll-root-safe-area-inset-bottom)-14*var(--spacing))]\" aria-hidden=\"true\"><\/div>\n","protected":false},"excerpt":{"rendered":"<p>ASUS Vivobook Go 15 z OLED zaslonom, Ryzen 3 procesorjem, 8 GB RAM in 512 GB SSD za hitro, zanesljivo in udobno delo.<\/p>","protected":false},"featured_media":24731,"comment_status":"open","ping_status":"closed","template":"","meta":{"_acf_changed":false},"product_brand":[365],"product_cat":[],"product_tag":[],"class_list":{"0":"post-24730","1":"product","2":"type-product","3":"status-publish","4":"has-post-thumbnail","6":"product_brand-asus","7":"pa_generacija-procesorja-amd-ryzen-3-7320u-2-4-ghz","8":"pa_graficna-kartica-amd-radeon-610m","9":"pa_model-vivobook-go-15-e1504fa-bq2876","10":"pa_podpora-windows11-da","11":"pa_ram-8gb","12":"pa_resolucija-1920-x-1080","13":"pa_spletna-kamera-da","14":"pa_tip-diska-ssd","15":"pa_velikost-diska-512gb","16":"pa_znamka-asus","18":"first","19":"instock","20":"taxable","21":"shipping-taxable","22":"purchasable","23":"product-type-simple"},"acf":[],"_links":{"self":[{"href":"https:\/\/renovatus.si\/de\/wp-json\/wp\/v2\/product\/24730","targetHints":{"allow":["GET"]}}],"collection":[{"href":"https:\/\/renovatus.si\/de\/wp-json\/wp\/v2\/product"}],"about":[{"href":"https:\/\/renovatus.si\/de\/wp-json\/wp\/v2\/types\/product"}],"replies":[{"embeddable":true,"href":"https:\/\/renovatus.si\/de\/wp-json\/wp\/v2\/comments?post=24730"}],"wp:featuredmedia":[{"embeddable":true,"href":"https:\/\/renovatus.si\/de\/wp-json\/wp\/v2\/media\/24731"}],"wp:attachment":[{"href":"https:\/\/renovatus.si\/de\/wp-json\/wp\/v2\/media?parent=24730"}],"wp:term":[{"taxonomy":"product_brand","embeddable":true,"href":"https:\/\/renovatus.si\/de\/wp-json\/wp\/v2\/product_brand?post=24730"},{"taxonomy":"product_cat","embeddable":true,"href":"https:\/\/renovatus.si\/de\/wp-json\/wp\/v2\/product_cat?post=24730"},{"taxonomy":"product_tag","embeddable":true,"href":"https:\/\/renovatus.si\/de\/wp-json\/wp\/v2\/product_tag?post=24730"}],"curies":[{"name":"wp","href":"https:\/\/api.w.org\/{rel}","templated":true}]}}