{"id":17507,"date":"2025-04-21T18:01:26","date_gmt":"2025-04-21T17:01:26","guid":{"rendered":"https:\/\/renovatus.si\/product\/apple-mac-pro-6-1-a1481-xeon-e5-1620v2-32gb-256gb-sata-ssd-amd-radeon-hd-7870xt\/"},"modified":"2025-06-10T13:13:25","modified_gmt":"2025-06-10T12:13:25","slug":"apple-mac-pro-6-1-a-szgw7378","status":"publish","type":"product","link":"https:\/\/renovatus.si\/sl\/izdelek\/apple-mac-pro-6-1-a-szgw7378\/","title":{"rendered":"Apple Mac Pro 6.1 A1481 Xeon E5-1620v2 &#8211; 32GB &#8211; 256GB SATA SSD &#8211; AMD Radeon HD 7870XT"},"content":{"rendered":"<p>Apple Mac Pro (model 6.1) je pravi stroj za resno delo. Opremljen z Intel Xeon E5-1620v2 procesorjem, 32 GB RAM-a in 256 GB SSD diskom, ponuja zanesljivo zmogljivost za urejanje videa, 3D renderiranje ali kompleksne naloge. AMD Radeon HD 7870XT grafi\u010dna kartica skrbi za teko\u010de delovanje vizualnih aplikacij. Elegantno cilindri\u010dno ohi\u0161je skriva pravo profesionalno mo\u010d.<\/p>\n","protected":false},"excerpt":{"rendered":"<p>Profesionalni Mac Pro s 4-jedrnim Xeon procesorjem, 32 GB RAM-a in Radeon grafiko \u2013 zmogljiv za vse naloge.<\/p>\n","protected":false},"featured_media":17509,"comment_status":"open","ping_status":"closed","template":"","meta":{"_acf_changed":false},"product_brand":[256],"product_cat":[225],"product_tag":[],"class_list":{"0":"post-17507","1":"product","2":"type-product","3":"status-publish","4":"has-post-thumbnail","6":"product_brand-apple","7":"product_cat-namizni-racunalniki","8":"pa_generacija-procesorja-xeon-e5-1620v2","9":"pa_model-mac-pro-6-1","10":"pa_razred-ohranjenosti-a","11":"pa_tip-diska-sata-ssd","12":"pa_velikost-diska-256gb","14":"first","15":"outofstock","16":"taxable","17":"shipping-taxable","18":"purchasable","19":"product-type-simple"},"acf":[],"_links":{"self":[{"href":"https:\/\/renovatus.si\/sl\/wp-json\/wp\/v2\/product\/17507","targetHints":{"allow":["GET"]}}],"collection":[{"href":"https:\/\/renovatus.si\/sl\/wp-json\/wp\/v2\/product"}],"about":[{"href":"https:\/\/renovatus.si\/sl\/wp-json\/wp\/v2\/types\/product"}],"replies":[{"embeddable":true,"href":"https:\/\/renovatus.si\/sl\/wp-json\/wp\/v2\/comments?post=17507"}],"wp:featuredmedia":[{"embeddable":true,"href":"https:\/\/renovatus.si\/sl\/wp-json\/wp\/v2\/media\/17509"}],"wp:attachment":[{"href":"https:\/\/renovatus.si\/sl\/wp-json\/wp\/v2\/media?parent=17507"}],"wp:term":[{"taxonomy":"product_brand","embeddable":true,"href":"https:\/\/renovatus.si\/sl\/wp-json\/wp\/v2\/product_brand?post=17507"},{"taxonomy":"product_cat","embeddable":true,"href":"https:\/\/renovatus.si\/sl\/wp-json\/wp\/v2\/product_cat?post=17507"},{"taxonomy":"product_tag","embeddable":true,"href":"https:\/\/renovatus.si\/sl\/wp-json\/wp\/v2\/product_tag?post=17507"}],"curies":[{"name":"wp","href":"https:\/\/api.w.org\/{rel}","templated":true}]}}