{"id":17597,"date":"2025-04-21T18:04:19","date_gmt":"2025-04-21T17:04:19","guid":{"rendered":"https:\/\/renovatus.si\/product\/dell-latitude-5420-14-i5-1145g7-16gb-256gb-nvme-ssd\/"},"modified":"2025-10-02T11:01:53","modified_gmt":"2025-10-02T10:01:53","slug":"dell-latitude-5420-a-nbam14411","status":"publish","type":"product","link":"https:\/\/renovatus.si\/sl\/izdelek\/dell-latitude-5420-a-nbam14411\/","title":{"rendered":"Dell Latitude 5420 14&#8243; i5-1145G7 &#8211; 16GB &#8211; 256GB NVME SSD"},"content":{"rendered":"<h2 data-start=\"158\" data-end=\"231\"><strong data-start=\"164\" data-end=\"231\">Dell Latitude 5420 14&#8243; \u2013 Mo\u010dan in prenosljiv poslovni prenosnik<\/strong><\/h2>\n<p data-start=\"233\" data-end=\"718\"><strong data-start=\"233\" data-end=\"255\">Dell Latitude 5420<\/strong> je sodoben poslovni prenosnik, zasnovan za uporabnike, ki potrebujejo zmogljivost, vzdr\u017eljivost in prenosljivost v enem. Opremljen s <strong data-start=\"389\" data-end=\"425\">procesorjem Intel Core i5-1145G7<\/strong>, <strong data-start=\"427\" data-end=\"442\">16 GB RAM-a<\/strong> in hitrim <strong data-start=\"453\" data-end=\"472\">256 GB NVMe SSD<\/strong> diskom, prenosnik omogo\u010da teko\u010de delovanje in hitro nalaganje aplikacij ter podatkov. Zasnovan je za profesionalce, ki potrebujejo hitro odzivnost in visoko kakovost pri vsakodnevnem delu v pisarni, doma ali na terenu.<\/p>\n<hr data-start=\"720\" data-end=\"723\" \/>\n<h3 data-start=\"725\" data-end=\"755\">\ud83d\udd27 <strong data-start=\"732\" data-end=\"755\">Tehni\u010dne lastnosti:<\/strong><\/h3>\n<ul data-start=\"757\" data-end=\"1637\">\n<li data-start=\"757\" data-end=\"790\">\n<p data-start=\"759\" data-end=\"790\"><strong data-start=\"759\" data-end=\"769\">Model:<\/strong> Dell Latitude 5420<\/p>\n<\/li>\n<li data-start=\"791\" data-end=\"891\">\n<p data-start=\"793\" data-end=\"891\"><strong data-start=\"793\" data-end=\"804\">Zaslon:<\/strong> 14&#8243; FHD (1920 x 1080) Anti-glare, LED zaslon \u2013 jasen prikaz tudi v svetlih prostorih<\/p>\n<\/li>\n<li data-start=\"892\" data-end=\"1069\">\n<p data-start=\"894\" data-end=\"1069\"><strong data-start=\"894\" data-end=\"907\">Procesor:<\/strong> <strong data-start=\"908\" data-end=\"932\">Intel Core i5-1145G7<\/strong> (4 jedra, 8 niti, 2.6 GHz osnovna frekvenca, do 4.4 GHz Turbo) \u2013 zmogljiv procesor 11. generacije za ve\u010dopravilnost in hitro odzivnost<\/p>\n<\/li>\n<li data-start=\"1070\" data-end=\"1163\">\n<p data-start=\"1072\" data-end=\"1163\"><strong data-start=\"1072\" data-end=\"1086\">Pomnilnik:<\/strong> 16 GB DDR4 RAM \u2013 ve\u010d kot dovolj za nemoteno delovanje ve\u010d aplikacij hkrati<\/p>\n<\/li>\n<li data-start=\"1164\" data-end=\"1257\">\n<p data-start=\"1166\" data-end=\"1257\"><strong data-start=\"1166\" data-end=\"1175\">Disk:<\/strong> 256 GB NVMe SSD \u2013 hiter pogon za hitro nalaganje sistema, aplikacij in podatkov<\/p>\n<\/li>\n<li data-start=\"1258\" data-end=\"1366\">\n<p data-start=\"1260\" data-end=\"1366\"><strong data-start=\"1260\" data-end=\"1272\">Grafika:<\/strong> Intel Iris Xe Graphics \u2013 integrirana grafika, primerna za vsakodnevno rabo in la\u017ejo grafiko<\/p>\n<\/li>\n<\/ul>\n<hr data-start=\"1639\" data-end=\"1642\" \/>\n<h3 data-start=\"1644\" data-end=\"1677\">\ud83d\udd0c <strong data-start=\"1651\" data-end=\"1677\">Povezljivost in vhodi:<\/strong><\/h3>\n<ul data-start=\"1679\" data-end=\"2058\">\n<li data-start=\"1679\" data-end=\"1752\">\n<p data-start=\"1681\" data-end=\"1752\">2x <strong data-start=\"1684\" data-end=\"1702\">USB Type-C 3.2<\/strong> (1x s podporo za Power Delivery in DisplayPort)<\/p>\n<\/li>\n<li data-start=\"1753\" data-end=\"1773\">\n<p data-start=\"1755\" data-end=\"1773\">2x <strong data-start=\"1758\" data-end=\"1771\">USB-A 3.2<\/strong><\/p>\n<\/li>\n<li data-start=\"1774\" data-end=\"1793\">\n<p data-start=\"1776\" data-end=\"1793\">1x <strong data-start=\"1779\" data-end=\"1791\">HDMI 2.0<\/strong><\/p>\n<\/li>\n<li data-start=\"1794\" data-end=\"1813\">\n<p data-start=\"1796\" data-end=\"1813\"><strong data-start=\"1796\" data-end=\"1811\">RJ-45 (LAN)<\/strong><\/p>\n<\/li>\n<li data-start=\"1814\" data-end=\"1857\">\n<p data-start=\"1816\" data-end=\"1857\"><strong data-start=\"1816\" data-end=\"1855\">3.5 mm kombinirani audio vhod\/izhod<\/strong><\/p>\n<\/li>\n<li data-start=\"1858\" data-end=\"1888\">\n<p data-start=\"1860\" data-end=\"1888\"><strong data-start=\"1860\" data-end=\"1886\">MicroSD \u010ditalec kartic<\/strong><\/p>\n<\/li>\n<li data-start=\"1889\" data-end=\"1981\">\n<p data-start=\"1891\" data-end=\"1981\"><strong data-start=\"1891\" data-end=\"1913\">Wi-Fi 6 (802.11ax)<\/strong> \u2013 najnovej\u0161i standard za hitro in stabilno brez\u017ei\u010dno povezljivost<\/p>\n<\/li>\n<li data-start=\"1982\" data-end=\"2003\">\n<p data-start=\"1984\" data-end=\"2003\"><strong data-start=\"1984\" data-end=\"2001\">Bluetooth 5.1<\/strong><\/p>\n<\/li>\n<li data-start=\"2004\" data-end=\"2058\">\n<p data-start=\"2006\" data-end=\"2058\"><strong data-start=\"2006\" data-end=\"2020\">Web kamera<\/strong> za videokonference in delo na daljavo<\/p>\n<\/li>\n<\/ul>\n<hr data-start=\"2060\" data-end=\"2063\" \/>\n<h3 data-start=\"2065\" data-end=\"2093\">\u2705 <strong data-start=\"2071\" data-end=\"2093\">Prednosti naprave:<\/strong><\/h3>\n<ul data-start=\"2095\" data-end=\"3052\">\n<li data-start=\"2095\" data-end=\"2259\">\n<p data-start=\"2097\" data-end=\"2259\"><strong data-start=\"2097\" data-end=\"2120\">Izjemna zmogljivost<\/strong>: S procesorjem <strong data-start=\"2136\" data-end=\"2160\">Intel Core i5-1145G7<\/strong> in <strong data-start=\"2164\" data-end=\"2179\">16 GB RAM-a<\/strong> je prenosnik idealen za ve\u010dopravilnost in obvladovanje vseh pisarni\u0161kih nalog<\/p>\n<\/li>\n<li data-start=\"2260\" data-end=\"2382\">\n<p data-start=\"2262\" data-end=\"2382\"><strong data-start=\"2262\" data-end=\"2287\">Hitro nalaganje s SSD<\/strong>: <strong data-start=\"2289\" data-end=\"2308\">256 GB NVMe SSD<\/strong> zagotavlja hitro nalaganje operacijskega sistema, aplikacij in podatkov<\/p>\n<\/li>\n<li data-start=\"2508\" data-end=\"2636\">\n<p data-start=\"2510\" data-end=\"2636\"><strong data-start=\"2510\" data-end=\"2542\">Kompaktna in trpe\u017ena zasnova<\/strong>: Tanek in lahek prenosnik s profesionalnim videzom, primeren za prenos in uporabo na terenu<\/p>\n<\/li>\n<li data-start=\"2637\" data-end=\"2777\">\n<p data-start=\"2639\" data-end=\"2777\"><strong data-start=\"2639\" data-end=\"2666\">Visoka kakovost zaslona<\/strong>: <strong data-start=\"2668\" data-end=\"2682\">FHD zaslon<\/strong> omogo\u010da jasen in podroben prikaz vsebin, hkrati pa <strong data-start=\"2734\" data-end=\"2755\">anti-glare premaz<\/strong> zmanj\u0161uje ble\u0161\u010danje<\/p>\n<\/li>\n<li data-start=\"2778\" data-end=\"2908\">\n<p data-start=\"2780\" data-end=\"2908\"><strong data-start=\"2780\" data-end=\"2803\">Napredna povezanost<\/strong>: Z <strong data-start=\"2807\" data-end=\"2818\">Wi-Fi 6<\/strong> in <strong data-start=\"2822\" data-end=\"2839\">Bluetooth 5.1<\/strong> je prenosnik opremljen za hitro in stabilno brez\u017ei\u010dno povezljivost<\/p>\n<\/li>\n<li data-start=\"2909\" data-end=\"3052\">\n<p data-start=\"2911\" data-end=\"3052\"><strong data-start=\"2911\" data-end=\"2943\">Zanesljivost serije Latitude<\/strong>: Pripravljeno za vse poslovne naloge, s trdno in robustno konstrukcijo, ki zagotavlja dolgo \u017eivljenjsko dobo<\/p>\n<\/li>\n<\/ul>\n<hr data-start=\"3054\" data-end=\"3057\" \/>\n<h3 data-start=\"3059\" data-end=\"3085\">\ud83e\uddd1\u200d\ud83d\udcbb <strong data-start=\"3069\" data-end=\"3085\">Primeren za:<\/strong><\/h3>\n<ul data-start=\"3087\" data-end=\"3766\">\n<li data-start=\"3087\" data-end=\"3219\">\n<p data-start=\"3089\" data-end=\"3219\"><strong data-start=\"3089\" data-end=\"3112\">Poslovne uporabnike<\/strong>: Idealno za vse, ki potrebujejo zmogljiv prenosnik za pisarni\u0161ko delo, ve\u010dopravilnost in videokonference<\/p>\n<\/li>\n<li data-start=\"3220\" data-end=\"3358\">\n<p data-start=\"3222\" data-end=\"3358\"><strong data-start=\"3222\" data-end=\"3246\">\u0160tudente in u\u010ditelje<\/strong>: S svojo prenosljivostjo in visoko zmogljivostjo je ta prenosnik popoln za \u0161tudij in delo v razli\u010dnih okoljih<\/p>\n<\/li>\n<li data-start=\"3359\" data-end=\"3489\">\n<p data-start=\"3361\" data-end=\"3489\"><strong data-start=\"3361\" data-end=\"3381\">Kreativne naloge<\/strong>: Uporaba za preproste grafi\u010dne naloge, obdelavo besedil, pregledovanje dokumentov in spletno raziskovanje<\/p>\n<\/li>\n<li data-start=\"3633\" data-end=\"3766\">\n<p data-start=\"3635\" data-end=\"3766\"><strong data-start=\"3635\" data-end=\"3684\">Uporaba za videokonference in delo na daljavo<\/strong>: Visokokakovostna kamera in mikrofoni omogo\u010dajo jasne in profesionalne videoklice<\/p>\n<\/li>\n<\/ul>\n<hr data-start=\"4048\" data-end=\"4051\" \/>\n<h3 data-start=\"4053\" data-end=\"4094\"><strong data-start=\"4057\" data-end=\"4094\">Zakaj izbrati Dell Latitude 5420?<\/strong><\/h3>\n<p data-start=\"4096\" data-end=\"4589\"><strong data-start=\"4096\" data-end=\"4118\">Dell Latitude 5420<\/strong> je zasnovan za vse, ki potrebujejo zmogljivost in zanesljivost v kompaktni in prenosni obliki. Z <strong data-start=\"4216\" data-end=\"4240\">Intel Core i5-1145G7<\/strong> procesorjem, <strong data-start=\"4254\" data-end=\"4269\">16 GB RAM-a<\/strong> in <strong data-start=\"4273\" data-end=\"4292\">256 GB NVMe SSD<\/strong> nudi vrhunsko zmogljivost za pisarni\u0161ke naloge, ve\u010dopravilnost ter multimedijske in spletne aplikacije. Zasnovan je za dolgo \u017eivljenjsko dobo, hitro odzivnost in visoko kakovost, zaradi \u010desar je idealen za poslovne uporabnike, \u0161tudente in vsakogar, ki i\u0161\u010de zmogljiv prenosnik za vsakodnevno rabo.<\/p>\n<p>Ocenjen kot \u201cA-\u201d \u2013 minimalne sledi uporabe, skoraj kot nov.<\/p>\n","protected":false},"excerpt":{"rendered":"<p>Dell Latitude 5420 z 11. gen. i5 procesorjem in 16 GB RAM-a \u2013 sodobna mo\u010d v elegantnem paketu.<\/p>\n","protected":false},"featured_media":17598,"comment_status":"open","ping_status":"closed","template":"","meta":{"_acf_changed":false},"product_brand":[255],"product_cat":[],"product_tag":[],"class_list":{"0":"post-17597","1":"product","2":"type-product","3":"status-publish","4":"has-post-thumbnail","6":"product_brand-dell","7":"pa_generacija-procesorja-i5-1145g7","8":"pa_model-latitude-5420","9":"pa_os-windows-11","10":"pa_podpira-windows-11-da","11":"pa_razred-ohranjenosti-a-2","12":"pa_resolucija-fullhd","13":"pa_spletna-kamera-da","14":"pa_tip-diska-nvme-ssd","15":"pa_velikost-diska-256gb","17":"first","18":"outofstock","19":"taxable","20":"shipping-taxable","21":"purchasable","22":"product-type-simple"},"acf":[],"_links":{"self":[{"href":"https:\/\/renovatus.si\/sl\/wp-json\/wp\/v2\/product\/17597","targetHints":{"allow":["GET"]}}],"collection":[{"href":"https:\/\/renovatus.si\/sl\/wp-json\/wp\/v2\/product"}],"about":[{"href":"https:\/\/renovatus.si\/sl\/wp-json\/wp\/v2\/types\/product"}],"replies":[{"embeddable":true,"href":"https:\/\/renovatus.si\/sl\/wp-json\/wp\/v2\/comments?post=17597"}],"wp:featuredmedia":[{"embeddable":true,"href":"https:\/\/renovatus.si\/sl\/wp-json\/wp\/v2\/media\/17598"}],"wp:attachment":[{"href":"https:\/\/renovatus.si\/sl\/wp-json\/wp\/v2\/media?parent=17597"}],"wp:term":[{"taxonomy":"product_brand","embeddable":true,"href":"https:\/\/renovatus.si\/sl\/wp-json\/wp\/v2\/product_brand?post=17597"},{"taxonomy":"product_cat","embeddable":true,"href":"https:\/\/renovatus.si\/sl\/wp-json\/wp\/v2\/product_cat?post=17597"},{"taxonomy":"product_tag","embeddable":true,"href":"https:\/\/renovatus.si\/sl\/wp-json\/wp\/v2\/product_tag?post=17597"}],"curies":[{"name":"wp","href":"https:\/\/api.w.org\/{rel}","templated":true}]}}