{"id":17657,"date":"2025-04-21T18:05:59","date_gmt":"2025-04-21T17:05:59","guid":{"rendered":"https:\/\/renovatus.si\/product\/dell-latitude-7490-14-i7-8650u-16gb-256gb-sata-ssd\/"},"modified":"2025-04-23T11:02:13","modified_gmt":"2025-04-23T10:02:13","slug":"dell-latitude-7490-b-nbb14989","status":"publish","type":"product","link":"https:\/\/renovatus.si\/sl\/izdelek\/dell-latitude-7490-b-nbb14989\/","title":{"rendered":"Dell Latitude 7490 14&#8243; i7-8650U &#8211; 16GB &#8211; 256GB SATA SSD"},"content":{"rendered":"<p>Dell Latitude 7490 je poslovni prenosnik vi\u0161jega razreda. S \u0161tirijedrnim i7-8650U, 16 GB RAM-a in 256 GB SSD diskom omogo\u010da hitro delovanje in gladko ve\u010dopravilnost. Full HD zaslon omogo\u010da jasen prikaz, elegantna oblika pa ga naredi popolnega za sestanke in potovanja. Razred \u201cB\u201d \u2013 deluje brezhibno, z manj\u0161imi vizualnimi sledmi.<\/p>\n","protected":false},"excerpt":{"rendered":"<p>Dell Latitude 7490 z i7-8650U, 16 GB RAM in FHD zaslonom \u2013 zmogljiv poslovni prenosnik za napredno delo.<\/p>\n","protected":false},"featured_media":17658,"comment_status":"open","ping_status":"closed","template":"","meta":{"_acf_changed":false},"product_brand":[255],"product_cat":[371,226],"product_tag":[],"class_list":{"0":"post-17657","1":"product","2":"type-product","3":"status-publish","4":"has-post-thumbnail","6":"product_brand-dell","7":"product_cat-b_kakovost_obnovljeni_racunalniki","8":"product_cat-prenosni-racunalniki","9":"pa_generacija-procesorja-i7-8650u","10":"pa_model-latitude-7490","11":"pa_os-windows-11","12":"pa_podpira-windows-11-da","13":"pa_razred-ohranjenosti-b","14":"pa_resolucija-fullhd","15":"pa_spletna-kamera-da","16":"pa_tip-diska-sata-ssd","17":"pa_velikost-diska-256gb","19":"first","20":"outofstock","21":"taxable","22":"shipping-taxable","23":"purchasable","24":"product-type-simple"},"acf":[],"_links":{"self":[{"href":"https:\/\/renovatus.si\/sl\/wp-json\/wp\/v2\/product\/17657","targetHints":{"allow":["GET"]}}],"collection":[{"href":"https:\/\/renovatus.si\/sl\/wp-json\/wp\/v2\/product"}],"about":[{"href":"https:\/\/renovatus.si\/sl\/wp-json\/wp\/v2\/types\/product"}],"replies":[{"embeddable":true,"href":"https:\/\/renovatus.si\/sl\/wp-json\/wp\/v2\/comments?post=17657"}],"wp:featuredmedia":[{"embeddable":true,"href":"https:\/\/renovatus.si\/sl\/wp-json\/wp\/v2\/media\/17658"}],"wp:attachment":[{"href":"https:\/\/renovatus.si\/sl\/wp-json\/wp\/v2\/media?parent=17657"}],"wp:term":[{"taxonomy":"product_brand","embeddable":true,"href":"https:\/\/renovatus.si\/sl\/wp-json\/wp\/v2\/product_brand?post=17657"},{"taxonomy":"product_cat","embeddable":true,"href":"https:\/\/renovatus.si\/sl\/wp-json\/wp\/v2\/product_cat?post=17657"},{"taxonomy":"product_tag","embeddable":true,"href":"https:\/\/renovatus.si\/sl\/wp-json\/wp\/v2\/product_tag?post=17657"}],"curies":[{"name":"wp","href":"https:\/\/api.w.org\/{rel}","templated":true}]}}