{"id":17661,"date":"2025-04-21T18:05:59","date_gmt":"2025-04-21T17:05:59","guid":{"rendered":"https:\/\/renovatus.si\/product\/dell-optiplex-3050-aio-19-touch-i5-7400t-8gb-256gb-nvme-ssd-brez-stojala\/"},"modified":"2025-04-30T10:44:53","modified_gmt":"2025-04-30T09:44:53","slug":"dell-optiplex-3050-a-szga1528","status":"publish","type":"product","link":"https:\/\/renovatus.si\/sl\/izdelek\/dell-optiplex-3050-a-szga1528\/","title":{"rendered":"Dell Optiplex 3050 AIO 19&#8243; Touch i5-7400T &#8211; 8GB &#8211; 256GB NVME SSD BREZ STOJALA"},"content":{"rendered":"<p>Ta Dell Optiplex 3050 AIO s 19-pal\u010dnim zaslonom na dotik zdru\u017euje funkcionalnost in prostor. Poganja ga var\u010den i5-7400T, skupaj z 8 GB RAM-a in hitrim 256 GB NVMe SSD diskom. Namenjen je pisarni\u0161kemu ali kioskovnemu okolju. Prilo\u017een je brez stojala \u2013 idealen za vgradnjo ali stensko monta\u017eo.<\/p>\n","protected":false},"excerpt":{"rendered":"<p>Dell Optiplex 3050 AIO z zaslonom na dotik, i5-7400T in SSD diskom \u2013 kompakten all-in-one sistem.<\/p>\n","protected":false},"featured_media":17662,"comment_status":"open","ping_status":"closed","template":"","meta":{"_acf_changed":false},"product_brand":[255],"product_cat":[225],"product_tag":[],"class_list":{"0":"post-17661","1":"product","2":"type-product","3":"status-publish","4":"has-post-thumbnail","6":"product_brand-dell","7":"product_cat-namizni-racunalniki","8":"pa_generacija-procesorja-i5-7400t","9":"pa_model-optiplex-3050","10":"pa_os-windows-10","11":"pa_podpira-windows-11-ne","12":"pa_razred-ohranjenosti-a","13":"pa_resolucija-fullhd","14":"pa_spletna-kamera-da","15":"pa_tip-diska-nvme-ssd","16":"pa_velikost-diska-256gb","18":"first","19":"outofstock","20":"taxable","21":"shipping-taxable","22":"purchasable","23":"product-type-simple"},"acf":[],"_links":{"self":[{"href":"https:\/\/renovatus.si\/sl\/wp-json\/wp\/v2\/product\/17661","targetHints":{"allow":["GET"]}}],"collection":[{"href":"https:\/\/renovatus.si\/sl\/wp-json\/wp\/v2\/product"}],"about":[{"href":"https:\/\/renovatus.si\/sl\/wp-json\/wp\/v2\/types\/product"}],"replies":[{"embeddable":true,"href":"https:\/\/renovatus.si\/sl\/wp-json\/wp\/v2\/comments?post=17661"}],"wp:featuredmedia":[{"embeddable":true,"href":"https:\/\/renovatus.si\/sl\/wp-json\/wp\/v2\/media\/17662"}],"wp:attachment":[{"href":"https:\/\/renovatus.si\/sl\/wp-json\/wp\/v2\/media?parent=17661"}],"wp:term":[{"taxonomy":"product_brand","embeddable":true,"href":"https:\/\/renovatus.si\/sl\/wp-json\/wp\/v2\/product_brand?post=17661"},{"taxonomy":"product_cat","embeddable":true,"href":"https:\/\/renovatus.si\/sl\/wp-json\/wp\/v2\/product_cat?post=17661"},{"taxonomy":"product_tag","embeddable":true,"href":"https:\/\/renovatus.si\/sl\/wp-json\/wp\/v2\/product_tag?post=17661"}],"curies":[{"name":"wp","href":"https:\/\/api.w.org\/{rel}","templated":true}]}}