{"id":17664,"date":"2025-04-21T18:13:51","date_gmt":"2025-04-21T17:13:51","guid":{"rendered":"https:\/\/renovatus.si\/product\/dell-optiplex-7490-aio-23-i5-10500-8gb-256gb-nvme-ssd\/"},"modified":"2025-05-14T11:15:17","modified_gmt":"2025-05-14T10:15:17","slug":"dell-optiplex-7490-szga1484","status":"publish","type":"product","link":"https:\/\/renovatus.si\/sl\/izdelek\/dell-optiplex-7490-szga1484\/","title":{"rendered":"Dell Optiplex 7490 AIO 23&#8243; i5-10500 &#8211; 8GB &#8211; 256GB NVME SSD"},"content":{"rendered":"<p>Dell Optiplex 7490 AIO je visoko zmogljiv All-in-One ra\u010dunalnik, ki zdru\u017euje napredno tehnologijo in sodoben dizajn. Opremljen z Intel i5-10500 procesorjem, 8GB RAM-a in hitrim 256GB NVMe SSD diskom, omogo\u010da vrhunsko zmogljivost za poslovne uporabnike. 23-pal\u010dni zaslon ponuja ostro sliko, idealno za ve\u010dopravilnost in dolgotrajno delo. S kompaktnim dizajnom in visoko energetsko u\u010dinkovitostjo je odli\u010dna izbira za sodobne delovne prostore.<\/p>\n","protected":false},"excerpt":{"rendered":"<p>Dell Optiplex 7490 AIO zdru\u017euje eleganten dizajn, mo\u010dan Intel Core i5-10500 procesor, 8 GB RAM-a ter hiter 256 GB NVMe SSD. Idealna izbira za poslovno okolje, kjer sta pomembni odzivnost in minimalna poraba prostora.<\/p>\n","protected":false},"featured_media":17665,"comment_status":"open","ping_status":"closed","template":"","meta":{"_acf_changed":false},"product_brand":[255],"product_cat":[368,225],"product_tag":[],"class_list":{"0":"post-17664","1":"product","2":"type-product","3":"status-publish","4":"has-post-thumbnail","6":"product_brand-dell","7":"product_cat-all_in_one_obnovljeni_racunalniki","8":"product_cat-namizni-racunalniki","9":"pa_generacija-procesorja-i5-10500","10":"pa_model-optiplex-7490","11":"pa_os-windows-11","12":"pa_podpira-windows-11-da","13":"pa_resolucija-fullhd","14":"pa_tip-diska-nvme-ssd","15":"pa_velikost-diska-256gb","17":"first","18":"outofstock","19":"taxable","20":"shipping-taxable","21":"purchasable","22":"product-type-simple"},"acf":[],"_links":{"self":[{"href":"https:\/\/renovatus.si\/sl\/wp-json\/wp\/v2\/product\/17664","targetHints":{"allow":["GET"]}}],"collection":[{"href":"https:\/\/renovatus.si\/sl\/wp-json\/wp\/v2\/product"}],"about":[{"href":"https:\/\/renovatus.si\/sl\/wp-json\/wp\/v2\/types\/product"}],"replies":[{"embeddable":true,"href":"https:\/\/renovatus.si\/sl\/wp-json\/wp\/v2\/comments?post=17664"}],"wp:featuredmedia":[{"embeddable":true,"href":"https:\/\/renovatus.si\/sl\/wp-json\/wp\/v2\/media\/17665"}],"wp:attachment":[{"href":"https:\/\/renovatus.si\/sl\/wp-json\/wp\/v2\/media?parent=17664"}],"wp:term":[{"taxonomy":"product_brand","embeddable":true,"href":"https:\/\/renovatus.si\/sl\/wp-json\/wp\/v2\/product_brand?post=17664"},{"taxonomy":"product_cat","embeddable":true,"href":"https:\/\/renovatus.si\/sl\/wp-json\/wp\/v2\/product_cat?post=17664"},{"taxonomy":"product_tag","embeddable":true,"href":"https:\/\/renovatus.si\/sl\/wp-json\/wp\/v2\/product_tag?post=17664"}],"curies":[{"name":"wp","href":"https:\/\/api.w.org\/{rel}","templated":true}]}}