{"id":17763,"date":"2025-04-14T15:30:19","date_gmt":"2025-04-14T14:30:19","guid":{"rendered":"https:\/\/renovatus.si\/product\/fujitsu-lifebook-u759-15-i3-8145u-8gb-256gb-sata-ssd\/"},"modified":"2025-04-24T10:42:18","modified_gmt":"2025-04-24T09:42:18","slug":"fujitsu-lifebook-u759-15-i3-8145u-8gb-256gb-sata-ssd","status":"publish","type":"product","link":"https:\/\/renovatus.si\/sl\/izdelek\/fujitsu-lifebook-u759-15-i3-8145u-8gb-256gb-sata-ssd\/","title":{"rendered":"Fujitsu LifeBook U759 15&#8243; i3-8145u &#8211; 8GB &#8211; 256GB SATA SSD"},"content":{"rendered":"<p>Fujitsu LifeBook U759 je zanesljiv in zmogljiv poslovni prenosnik, zasnovan za profesionalne uporabnike. Poganja ga Intel i3-8145U procesor, 8GB RAM-a in 256GB SATA SSD disk, kar omogo\u010da hitro nalaganje sistemskih aplikacij in stabilno delovanje. Njegova elegantna oblika in trpe\u017eno ohi\u0161je omogo\u010data dolgo \u017eivljenjsko dobo naprave.<\/p>\n","protected":false},"excerpt":{"rendered":"<p>Fujitsu LifeBook U759 z Intel Core i3-8145U procesorjem, 8GB RAM-a in 256GB SATA SSD je zasnovan za osnovno poslovno in osebno uporabo, pisarni\u0161ka opravila, elektronsko po\u0161to, spletne aplikacije in enostavna opravila. Zanesljiva izbira za vsakodnevne uporabnike.<\/p>\n","protected":false},"featured_media":17764,"comment_status":"closed","ping_status":"closed","template":"","meta":{"_acf_changed":false},"product_brand":[379],"product_cat":[226],"product_tag":[],"class_list":{"0":"post-17763","1":"product","2":"type-product","3":"status-publish","4":"has-post-thumbnail","6":"product_brand-fujitsu","7":"product_cat-prenosni-racunalniki","8":"pa_generacija-procesorja-i3-8145u","9":"pa_os-windows-11","10":"pa_podpira-windows-11-da","11":"pa_razred-ohranjenosti-a","12":"pa_resolucija-fullhd","13":"pa_spletna-kamera-da","14":"pa_tip-diska-sata-ssd","15":"pa_velikost-diska-256gb","17":"first","18":"outofstock","19":"taxable","20":"shipping-taxable","21":"purchasable","22":"product-type-simple"},"acf":[],"_links":{"self":[{"href":"https:\/\/renovatus.si\/sl\/wp-json\/wp\/v2\/product\/17763","targetHints":{"allow":["GET"]}}],"collection":[{"href":"https:\/\/renovatus.si\/sl\/wp-json\/wp\/v2\/product"}],"about":[{"href":"https:\/\/renovatus.si\/sl\/wp-json\/wp\/v2\/types\/product"}],"replies":[{"embeddable":true,"href":"https:\/\/renovatus.si\/sl\/wp-json\/wp\/v2\/comments?post=17763"}],"wp:featuredmedia":[{"embeddable":true,"href":"https:\/\/renovatus.si\/sl\/wp-json\/wp\/v2\/media\/17764"}],"wp:attachment":[{"href":"https:\/\/renovatus.si\/sl\/wp-json\/wp\/v2\/media?parent=17763"}],"wp:term":[{"taxonomy":"product_brand","embeddable":true,"href":"https:\/\/renovatus.si\/sl\/wp-json\/wp\/v2\/product_brand?post=17763"},{"taxonomy":"product_cat","embeddable":true,"href":"https:\/\/renovatus.si\/sl\/wp-json\/wp\/v2\/product_cat?post=17763"},{"taxonomy":"product_tag","embeddable":true,"href":"https:\/\/renovatus.si\/sl\/wp-json\/wp\/v2\/product_tag?post=17763"}],"curies":[{"name":"wp","href":"https:\/\/api.w.org\/{rel}","templated":true}]}}