{"id":17781,"date":"2025-04-21T18:08:45","date_gmt":"2025-04-21T17:08:45","guid":{"rendered":"https:\/\/renovatus.si\/product\/hp-elitebook-840-g6-14-i5-8365u-8gb-256gb-nvme-ssd\/"},"modified":"2026-01-15T15:59:51","modified_gmt":"2026-01-15T14:59:51","slug":"hp-elitebook-840-g6-b-nbb14751","status":"publish","type":"product","link":"https:\/\/renovatus.si\/sl\/izdelek\/hp-elitebook-840-g6-b-nbb14751\/","title":{"rendered":"HP EliteBook 840 G6 14&#8243; i5-8365u &#8211; 8GB &#8211; 256GB NVME SSD"},"content":{"rendered":"<p>Nadgradnja prej\u0161nje generacije G5, EliteBook 840 G6 z i5-8365U procesorjem nudi bolj\u0161o u\u010dinkovitost in ve\u010djo odzivnost. NVMe SSD in kompaktna zasnova sta kot nala\u0161\u010d za dinami\u010dne uporabnike. Razred \u201cB\u201d \u2013 tehni\u010dno brezhiben.<\/p>\n","protected":false},"excerpt":{"rendered":"<p>HP EliteBook 840 G6 z i5 8. generacije, 8 GB RAM in SSD \u2013 poslovna u\u010dinkovitost v vsaki torbi.<\/p>\n","protected":false},"featured_media":17782,"comment_status":"open","ping_status":"closed","template":"","meta":{"_acf_changed":false},"product_brand":[253],"product_cat":[226],"product_tag":[],"class_list":{"0":"post-17781","1":"product","2":"type-product","3":"status-publish","4":"has-post-thumbnail","6":"product_brand-hp","7":"product_cat-prenosni-racunalniki","8":"pa_generacija-procesorja-i5-8365u","9":"pa_model-elitebook-840-g6","10":"pa_os-windows-11","11":"pa_podpira-windows-11-da","12":"pa_razred-ohranjenosti-b","13":"pa_resolucija-fullhd","14":"pa_spletna-kamera-da","15":"pa_tip-diska-nvme-ssd","16":"pa_velikost-diska-256gb","18":"first","19":"outofstock","20":"sale","21":"taxable","22":"shipping-taxable","23":"purchasable","24":"product-type-simple"},"acf":[],"_links":{"self":[{"href":"https:\/\/renovatus.si\/sl\/wp-json\/wp\/v2\/product\/17781","targetHints":{"allow":["GET"]}}],"collection":[{"href":"https:\/\/renovatus.si\/sl\/wp-json\/wp\/v2\/product"}],"about":[{"href":"https:\/\/renovatus.si\/sl\/wp-json\/wp\/v2\/types\/product"}],"replies":[{"embeddable":true,"href":"https:\/\/renovatus.si\/sl\/wp-json\/wp\/v2\/comments?post=17781"}],"wp:featuredmedia":[{"embeddable":true,"href":"https:\/\/renovatus.si\/sl\/wp-json\/wp\/v2\/media\/17782"}],"wp:attachment":[{"href":"https:\/\/renovatus.si\/sl\/wp-json\/wp\/v2\/media?parent=17781"}],"wp:term":[{"taxonomy":"product_brand","embeddable":true,"href":"https:\/\/renovatus.si\/sl\/wp-json\/wp\/v2\/product_brand?post=17781"},{"taxonomy":"product_cat","embeddable":true,"href":"https:\/\/renovatus.si\/sl\/wp-json\/wp\/v2\/product_cat?post=17781"},{"taxonomy":"product_tag","embeddable":true,"href":"https:\/\/renovatus.si\/sl\/wp-json\/wp\/v2\/product_tag?post=17781"}],"curies":[{"name":"wp","href":"https:\/\/api.w.org\/{rel}","templated":true}]}}