{"id":17814,"date":"2025-04-21T18:09:27","date_gmt":"2025-04-21T17:09:27","guid":{"rendered":"https:\/\/renovatus.si\/product\/hp-elitedesk-800-g2-dm-i5-6500t-8gb-256gb-sata-ssd\/"},"modified":"2026-02-16T10:53:23","modified_gmt":"2026-02-16T09:53:23","slug":"hp-elitedesk-800-g2-szgu2265","status":"publish","type":"product","link":"https:\/\/renovatus.si\/sl\/izdelek\/hp-elitedesk-800-g2-szgu2265\/","title":{"rendered":"HP EliteDesk 800 G2 DM i5-6500T &#8211; 8GB &#8211; 256GB SATA SSD"},"content":{"rendered":"<p>Ta razli\u010dica HP EliteDesk 800 G2 DM z energijsko var\u010dnim i5-6500T procesorjem je kot nala\u0161\u010d za odprte pisarne ali kioske. SSD disk in 8 GB RAM-a poskrbita za hitrost, DM oblika pa za maksimalni izkoristek prostora.<\/p>\n","protected":false},"excerpt":{"rendered":"<p>Var\u010den mini PC HP EliteDesk 800 G2 z i5-6500T in SSD diskom \u2013 za tiho in stabilno delovanje.<\/p>\n","protected":false},"featured_media":17815,"comment_status":"open","ping_status":"closed","template":"","meta":{"_acf_changed":false},"product_brand":[253],"product_cat":[369,225],"product_tag":[],"class_list":{"0":"post-17814","1":"product","2":"type-product","3":"status-publish","4":"has-post-thumbnail","6":"product_brand-hp","7":"product_cat-micro_tiny_ultra","8":"product_cat-namizni-racunalniki","9":"pa_generacija-procesorja-i5-6500","10":"pa_model-elitedesk-800-g2","11":"pa_os-windows-10","12":"pa_podpira-windows-11-ne","13":"pa_tip-diska-sata-ssd","14":"pa_velikost-diska-256gb","16":"first","17":"outofstock","18":"taxable","19":"shipping-taxable","20":"purchasable","21":"product-type-simple"},"acf":[],"_links":{"self":[{"href":"https:\/\/renovatus.si\/sl\/wp-json\/wp\/v2\/product\/17814","targetHints":{"allow":["GET"]}}],"collection":[{"href":"https:\/\/renovatus.si\/sl\/wp-json\/wp\/v2\/product"}],"about":[{"href":"https:\/\/renovatus.si\/sl\/wp-json\/wp\/v2\/types\/product"}],"replies":[{"embeddable":true,"href":"https:\/\/renovatus.si\/sl\/wp-json\/wp\/v2\/comments?post=17814"}],"wp:featuredmedia":[{"embeddable":true,"href":"https:\/\/renovatus.si\/sl\/wp-json\/wp\/v2\/media\/17815"}],"wp:attachment":[{"href":"https:\/\/renovatus.si\/sl\/wp-json\/wp\/v2\/media?parent=17814"}],"wp:term":[{"taxonomy":"product_brand","embeddable":true,"href":"https:\/\/renovatus.si\/sl\/wp-json\/wp\/v2\/product_brand?post=17814"},{"taxonomy":"product_cat","embeddable":true,"href":"https:\/\/renovatus.si\/sl\/wp-json\/wp\/v2\/product_cat?post=17814"},{"taxonomy":"product_tag","embeddable":true,"href":"https:\/\/renovatus.si\/sl\/wp-json\/wp\/v2\/product_tag?post=17814"}],"curies":[{"name":"wp","href":"https:\/\/api.w.org\/{rel}","templated":true}]}}