{"id":17831,"date":"2025-04-21T18:10:07","date_gmt":"2025-04-21T17:10:07","guid":{"rendered":"https:\/\/renovatus.si\/product\/hp-elitedesk-800-g3-sff-i5-7500-8gb-256gb-nvme-ssd-dvd\/"},"modified":"2025-04-23T08:29:56","modified_gmt":"2025-04-23T07:29:56","slug":"hp-elitedesk-800-g3-szgs5132","status":"publish","type":"product","link":"https:\/\/renovatus.si\/sl\/izdelek\/hp-elitedesk-800-g3-szgs5132\/","title":{"rendered":"HP EliteDesk 800 G3 SFF i5-7500 &#8211; 8GB &#8211; 256GB NVME SSD &#8211; DVD"},"content":{"rendered":"<p>HP EliteDesk 800 G3 SFF je zasnovan za hitrost in funkcionalnost. Opremljen z i5-7500, 8 GB RAM-a in bliskovito hitrim NVMe SSD diskom omogo\u010da teko\u010de delovanje. Vgrajen DVD-ROM je prakti\u010den za opti\u010dne medije. Kompakten, a zmogljiv ra\u010dunalnik za vsakodnevno poslovno rabo.<\/p>\n","protected":false},"excerpt":{"rendered":"<p>HP EliteDesk 800 G3 SFF z NVMe diskom in DVD enoto \u2013 zanesljivost z dodatkom hitrosti.<\/p>\n","protected":false},"featured_media":17832,"comment_status":"open","ping_status":"closed","template":"","meta":{"_acf_changed":false},"product_brand":[253],"product_cat":[225],"product_tag":[],"class_list":{"0":"post-17831","1":"product","2":"type-product","3":"status-publish","4":"has-post-thumbnail","6":"product_brand-hp","7":"product_cat-namizni-racunalniki","8":"pa_generacija-procesorja-i5-7500","9":"pa_model-elitedesk-800-g3","10":"pa_os-windows-10","11":"pa_podpira-windows-11-ne","12":"pa_tip-diska-nvme-ssd","13":"pa_velikost-diska-256gb","15":"first","16":"outofstock","17":"taxable","18":"shipping-taxable","19":"purchasable","20":"product-type-simple"},"acf":[],"_links":{"self":[{"href":"https:\/\/renovatus.si\/sl\/wp-json\/wp\/v2\/product\/17831","targetHints":{"allow":["GET"]}}],"collection":[{"href":"https:\/\/renovatus.si\/sl\/wp-json\/wp\/v2\/product"}],"about":[{"href":"https:\/\/renovatus.si\/sl\/wp-json\/wp\/v2\/types\/product"}],"replies":[{"embeddable":true,"href":"https:\/\/renovatus.si\/sl\/wp-json\/wp\/v2\/comments?post=17831"}],"wp:featuredmedia":[{"embeddable":true,"href":"https:\/\/renovatus.si\/sl\/wp-json\/wp\/v2\/media\/17832"}],"wp:attachment":[{"href":"https:\/\/renovatus.si\/sl\/wp-json\/wp\/v2\/media?parent=17831"}],"wp:term":[{"taxonomy":"product_brand","embeddable":true,"href":"https:\/\/renovatus.si\/sl\/wp-json\/wp\/v2\/product_brand?post=17831"},{"taxonomy":"product_cat","embeddable":true,"href":"https:\/\/renovatus.si\/sl\/wp-json\/wp\/v2\/product_cat?post=17831"},{"taxonomy":"product_tag","embeddable":true,"href":"https:\/\/renovatus.si\/sl\/wp-json\/wp\/v2\/product_tag?post=17831"}],"curies":[{"name":"wp","href":"https:\/\/api.w.org\/{rel}","templated":true}]}}