{"id":17833,"date":"2025-04-21T18:10:07","date_gmt":"2025-04-21T17:10:07","guid":{"rendered":"https:\/\/renovatus.si\/product\/hp-elitedesk-800-g3-twr-i5-7500-8gb-256gb-sata-ssd\/"},"modified":"2025-10-02T10:46:48","modified_gmt":"2025-10-02T09:46:48","slug":"hp-elitedesk-800-g3-szgt7211","status":"publish","type":"product","link":"https:\/\/renovatus.si\/sl\/izdelek\/hp-elitedesk-800-g3-szgt7211\/","title":{"rendered":"HP EliteDesk 800 G3 TWR i5-7500 &#8211; 8GB &#8211; 256GB SATA SSD"},"content":{"rendered":"<p>Z veliko prostornostjo v TWR (Tower) ohi\u0161ju je HP EliteDesk 800 G3 pripravljen za nadgradnje. i5-7500 in 8 GB RAM-a poskrbita za zanesljivo zmogljivost, SSD pa za hitro delo z dokumenti. Odli\u010dna re\u0161itev za delovne postaje, ki potrebujejo mo\u010d in fleksibilnost.<\/p>\n","protected":false},"excerpt":{"rendered":"<p>HP EliteDesk 800 G3 TWR z i5 procesorjem in SSD diskom \u2013 robusten namizni sistem za poslovna okolja.<\/p>\n","protected":false},"featured_media":17834,"comment_status":"open","ping_status":"closed","template":"","meta":{"_acf_changed":false},"product_brand":[253],"product_cat":[225],"product_tag":[],"class_list":{"0":"post-17833","1":"product","2":"type-product","3":"status-publish","4":"has-post-thumbnail","6":"product_brand-hp","7":"product_cat-namizni-racunalniki","8":"pa_generacija-procesorja-i5-7500","9":"pa_model-elitedesk-800-g3","10":"pa_os-windows-10","11":"pa_podpira-windows-11-ne","12":"pa_tip-diska-sata-ssd","13":"pa_velikost-diska-256gb","15":"first","16":"outofstock","17":"sale","18":"taxable","19":"shipping-taxable","20":"purchasable","21":"product-type-simple"},"acf":[],"_links":{"self":[{"href":"https:\/\/renovatus.si\/sl\/wp-json\/wp\/v2\/product\/17833","targetHints":{"allow":["GET"]}}],"collection":[{"href":"https:\/\/renovatus.si\/sl\/wp-json\/wp\/v2\/product"}],"about":[{"href":"https:\/\/renovatus.si\/sl\/wp-json\/wp\/v2\/types\/product"}],"replies":[{"embeddable":true,"href":"https:\/\/renovatus.si\/sl\/wp-json\/wp\/v2\/comments?post=17833"}],"wp:featuredmedia":[{"embeddable":true,"href":"https:\/\/renovatus.si\/sl\/wp-json\/wp\/v2\/media\/17834"}],"wp:attachment":[{"href":"https:\/\/renovatus.si\/sl\/wp-json\/wp\/v2\/media?parent=17833"}],"wp:term":[{"taxonomy":"product_brand","embeddable":true,"href":"https:\/\/renovatus.si\/sl\/wp-json\/wp\/v2\/product_brand?post=17833"},{"taxonomy":"product_cat","embeddable":true,"href":"https:\/\/renovatus.si\/sl\/wp-json\/wp\/v2\/product_cat?post=17833"},{"taxonomy":"product_tag","embeddable":true,"href":"https:\/\/renovatus.si\/sl\/wp-json\/wp\/v2\/product_tag?post=17833"}],"curies":[{"name":"wp","href":"https:\/\/api.w.org\/{rel}","templated":true}]}}